{"id":226,"date":"2013-10-11T18:18:16","date_gmt":"2013-10-11T18:18:16","guid":{"rendered":"http:\/\/portalcgm.riobranco.ac.gov.br\/lai\/turismo-esporte-lazer\/"},"modified":"2023-07-21T15:27:36","modified_gmt":"2023-07-21T20:27:36","slug":"turismo-esporte-lazer","status":"publish","type":"page","link":"https:\/\/cgm.riobranco.ac.gov.br\/lai\/orientacoes\/turismo-esporte-lazer\/","title":{"rendered":"Esporte e Lazer"},"content":{"rendered":"<hr \/>\n<p style=\"text-align: justify;\"><strong><a href=\"\/lai\/wp-content\/uploads\/images\/ARQUIVOS\/19_SEMEL\/Programas_SEMEL-_Controladoria.pdf\" target=\"_blank\">PROGRAMAS DA SECRETARIA MUNICIPAL DE ESPORTE E LAZER<\/a><\/strong><\/p>\n<hr \/>\n<p style=\"text-align: justify;\"><strong><a href=\"https:\/\/cgm.riobranco.ac.gov.br\/lai\/wp-content\/uploads\/2013\/10\/LEI-N\u00ba-2.172-de-01-de-Abril-de-2016-Cria-o-programa-Espa\u00e7o-Domingos-e-Feriados-no-Munic\u00edpio.pdf\" target=\"_blank\">LEI N\u00ba 2.172 DE 01 DE ABRIL DE 2016<\/a><\/strong><\/p>\n<p>\u201cCria o programa &#8220;Espa\u00e7o Domingos e Feriados&#8221; no Munic\u00edpio de Rio Branco-AC e d\u00e1 outras provid\u00eancias.\u201d<\/p>\n<p style=\"text-align: justify;\"><strong><a href=\"\/lai\/wp-content\/uploads\/images\/ARQUIVOS\/Orienta\u00e7\u00f5es%20ao%20Cidad\u00e3o\/LEI%20N\u00ba%201.961%20DE%2020.02.2013%20-%20Institui%20a%20Lei%20Municipal%20de%20Incentivo%20ao%20Esporte%20e%20ao%20Lazer%20do%20Munic\u00edpio.pdf\" target=\"_blank\">LEI N\u00ba 1.961, DE 20 DE FEVEREIRO DE 2013<\/a><\/strong><\/p>\n<p style=\"text-align: justify;\">&#8220;Institui a Lei Municipal de Incentivo ao Esporte e ao Lazer do Munic\u00edpio de Rio Branco e d\u00e1 outras provid\u00eancias.\u201d<\/p>\n<p style=\"text-align: justify;\"><strong><a href=\"https:\/\/cgm.riobranco.ac.gov.br\/lai\/wp-content\/uploads\/2013\/10\/LEI-N\u00ba-1.839-de-10.05.2011-Sistema-Municipal-de-Esporte-e-Lazer-de-Rio-Branco.pdf\" target=\"_blank\">LEI N\u00ba 1.839 DE 10 DE MAIO DE 2011<\/a><\/strong><\/p>\n<p style=\"text-align: justify;\">\u201cInstitui o Sistema Municipal de Esporte e Lazer de Rio Branco, estabelece diretrizes para as Pol\u00edticas Municipais de Esporte e Lazer, e d\u00e1 outras Provid\u00eancias.\u201d<\/p>\n","protected":false},"excerpt":{"rendered":"<p>PROGRAMAS DA SECRETARIA MUNICIPAL DE ESPORTE E LAZER LEI N\u00ba 2.172 DE 01 DE ABRIL DE 2016 \u201cCria o programa &#8220;Espa\u00e7o Domingos e Feriados&#8221; no Munic\u00edpio de Rio Branco-AC e d\u00e1 outras provid\u00eancias.\u201d LEI N\u00ba 1.961, DE 20 DE FEVEREIRO DE 2013 &#8220;Institui a Lei Municipal de Incentivo ao Esporte e ao Lazer do Munic\u00edpio [&hellip;]<\/p>\n","protected":false},"author":2,"featured_media":0,"parent":20,"menu_order":16,"comment_status":"open","ping_status":"open","template":"","meta":{"footnotes":""},"class_list":["post-226","page","type-page","status-publish","hentry"],"_links":{"self":[{"href":"https:\/\/cgm.riobranco.ac.gov.br\/lai\/wp-json\/wp\/v2\/pages\/226","targetHints":{"allow":["GET"]}}],"collection":[{"href":"https:\/\/cgm.riobranco.ac.gov.br\/lai\/wp-json\/wp\/v2\/pages"}],"about":[{"href":"https:\/\/cgm.riobranco.ac.gov.br\/lai\/wp-json\/wp\/v2\/types\/page"}],"author":[{"embeddable":true,"href":"https:\/\/cgm.riobranco.ac.gov.br\/lai\/wp-json\/wp\/v2\/users\/2"}],"replies":[{"embeddable":true,"href":"https:\/\/cgm.riobranco.ac.gov.br\/lai\/wp-json\/wp\/v2\/comments?post=226"}],"version-history":[{"count":10,"href":"https:\/\/cgm.riobranco.ac.gov.br\/lai\/wp-json\/wp\/v2\/pages\/226\/revisions"}],"predecessor-version":[{"id":4972,"href":"https:\/\/cgm.riobranco.ac.gov.br\/lai\/wp-json\/wp\/v2\/pages\/226\/revisions\/4972"}],"up":[{"embeddable":true,"href":"https:\/\/cgm.riobranco.ac.gov.br\/lai\/wp-json\/wp\/v2\/pages\/20"}],"wp:attachment":[{"href":"https:\/\/cgm.riobranco.ac.gov.br\/lai\/wp-json\/wp\/v2\/media?parent=226"}],"curies":[{"name":"wp","href":"https:\/\/api.w.org\/{rel}","templated":true}]}}