{"id":246,"date":"2013-10-24T18:39:29","date_gmt":"2013-10-24T18:39:29","guid":{"rendered":"http:\/\/portalcgm.riobranco.ac.gov.br\/lai\/museu-da-borracha\/"},"modified":"2015-06-11T19:29:49","modified_gmt":"2015-06-11T19:29:49","slug":"museu-da-borracha","status":"publish","type":"page","link":"https:\/\/cgm.riobranco.ac.gov.br\/lai\/encontre-em-rio-branco\/museu-da-borracha\/","title":{"rendered":"Museus"},"content":{"rendered":"<hr \/>\n<p>&nbsp;<\/p>\n<p><strong><a href=\"https:\/\/cgm.riobranco.ac.gov.br\/lai\/wp-content\/uploads\/2013\/10\/Museu_da_Borracha.jpg\" target=\"_blank\"><img loading=\"lazy\" decoding=\"async\" class=\" size-medium wp-image-562 aligncenter\" src=\"https:\/\/cgm.riobranco.ac.gov.br\/lai\/wp-content\/uploads\/2013\/10\/Museu_da_Borracha-300x178.jpg\" alt=\"Museu_da_Borracha\" width=\"300\" height=\"178\" srcset=\"https:\/\/cgm.riobranco.ac.gov.br\/lai\/wp-content\/uploads\/2013\/10\/Museu_da_Borracha-300x178.jpg 300w, https:\/\/cgm.riobranco.ac.gov.br\/lai\/wp-content\/uploads\/2013\/10\/Museu_da_Borracha.jpg 343w\" sizes=\"auto, (max-width: 300px) 100vw, 300px\" \/><\/a><\/strong><\/p>\n<p style=\"text-align: center;\">Foto: Museu da Borracha\/Dept\u00ba de Patrim\u00f4nio Hist\u00f3rico e Cultural &#8211; FEM<\/p>\n<p style=\"text-align: left;\"><strong>Endere\u00e7o:<\/strong> Avenida Cear\u00e1 n\u00ba 1441, Centro<\/p>\n<p style=\"text-align: left;\"><strong>CEP:\u00a0<\/strong><\/p>\n<p style=\"text-align: left;\"><strong>Tel:<\/strong> 68 3223-1202 \/ 3224-6605 \/ <strong>Fax:<\/strong> 3223-1202<\/p>\n<p style=\"text-align: left;\"><strong>Email:<\/strong> <a href=\"mailto:museu.fem@ac.gov.br\">museu.fem@ac.gov.br<\/a><\/p>\n<p style=\"text-align: left;\"><strong>Hor\u00e1rio de Funcionamento:<\/strong> Ter\u00e7a a Sexta &#8211; 8h \u00e0s 18h \/ Sabado e Domingo &#8211; 16h \u00e0s 21h<\/p>\n<p style=\"text-align: left;\"><a href=\"https:\/\/cgm.riobranco.ac.gov.br\/lai\/wp-content\/uploads\/2013\/10\/3093770460_8f62e8b7b7_o.jpg\" target=\"_blank\"><img loading=\"lazy\" decoding=\"async\" class=\" size-medium wp-image-560 aligncenter\" src=\"https:\/\/cgm.riobranco.ac.gov.br\/lai\/wp-content\/uploads\/2013\/10\/3093770460_8f62e8b7b7_o-300x200.jpg\" alt=\"3093770460_8f62e8b7b7_o\" width=\"300\" height=\"200\" srcset=\"https:\/\/cgm.riobranco.ac.gov.br\/lai\/wp-content\/uploads\/2013\/10\/3093770460_8f62e8b7b7_o-300x200.jpg 300w, https:\/\/cgm.riobranco.ac.gov.br\/lai\/wp-content\/uploads\/2013\/10\/3093770460_8f62e8b7b7_o.jpg 750w\" sizes=\"auto, (max-width: 300px) 100vw, 300px\" \/><\/a><\/p>\n<p style=\"text-align: left;\"><strong style=\"text-align: center;\">Pal\u00e1cio do Governo<\/strong><\/p>\n<p style=\"text-align: left;\"><strong>Endere\u00e7o:\u00a0<\/strong>Avenida Get\u00falio Vargas, Pra\u00e7a Eurico Gaspar Dutra, Centro.<\/p>\n<p style=\"text-align: left;\"><strong>Hor\u00e1rio de Funcionamento: <\/strong>Ter\u00e7a-Feira \u00e0 Sexta-Feira, das 8h \u00e0s 18h, para pesquisa &#8211; S\u00e1bado, Domingos e Feriados,\u00a0fechado.<\/p>\n","protected":false},"excerpt":{"rendered":"<p>&nbsp; Foto: Museu da Borracha\/Dept\u00ba de Patrim\u00f4nio Hist\u00f3rico e Cultural &#8211; FEM Endere\u00e7o: Avenida Cear\u00e1 n\u00ba 1441, Centro CEP:\u00a0 Tel: 68 3223-1202 \/ 3224-6605 \/ Fax: 3223-1202 Email: museu.fem@ac.gov.br Hor\u00e1rio de Funcionamento: Ter\u00e7a a Sexta &#8211; 8h \u00e0s 18h \/ Sabado e Domingo &#8211; 16h \u00e0s 21h Pal\u00e1cio do Governo Endere\u00e7o:\u00a0Avenida Get\u00falio Vargas, Pra\u00e7a Eurico [&hellip;]<\/p>\n","protected":false},"author":2,"featured_media":0,"parent":18,"menu_order":53,"comment_status":"open","ping_status":"open","template":"","meta":{"footnotes":""},"class_list":["post-246","page","type-page","status-publish","hentry"],"_links":{"self":[{"href":"https:\/\/cgm.riobranco.ac.gov.br\/lai\/wp-json\/wp\/v2\/pages\/246","targetHints":{"allow":["GET"]}}],"collection":[{"href":"https:\/\/cgm.riobranco.ac.gov.br\/lai\/wp-json\/wp\/v2\/pages"}],"about":[{"href":"https:\/\/cgm.riobranco.ac.gov.br\/lai\/wp-json\/wp\/v2\/types\/page"}],"author":[{"embeddable":true,"href":"https:\/\/cgm.riobranco.ac.gov.br\/lai\/wp-json\/wp\/v2\/users\/2"}],"replies":[{"embeddable":true,"href":"https:\/\/cgm.riobranco.ac.gov.br\/lai\/wp-json\/wp\/v2\/comments?post=246"}],"version-history":[{"count":6,"href":"https:\/\/cgm.riobranco.ac.gov.br\/lai\/wp-json\/wp\/v2\/pages\/246\/revisions"}],"predecessor-version":[{"id":559,"href":"https:\/\/cgm.riobranco.ac.gov.br\/lai\/wp-json\/wp\/v2\/pages\/246\/revisions\/559"}],"up":[{"embeddable":true,"href":"https:\/\/cgm.riobranco.ac.gov.br\/lai\/wp-json\/wp\/v2\/pages\/18"}],"wp:attachment":[{"href":"https:\/\/cgm.riobranco.ac.gov.br\/lai\/wp-json\/wp\/v2\/media?parent=246"}],"curies":[{"name":"wp","href":"https:\/\/api.w.org\/{rel}","templated":true}]}}