{"id":248,"date":"2013-10-24T19:18:35","date_gmt":"2013-10-24T19:18:35","guid":{"rendered":"http:\/\/portalcgm.riobranco.ac.gov.br\/lai\/biblioteca-publica-estadual\/"},"modified":"2015-06-11T19:02:53","modified_gmt":"2015-06-11T19:02:53","slug":"biblioteca-publica-estadual","status":"publish","type":"page","link":"https:\/\/cgm.riobranco.ac.gov.br\/lai\/encontre-em-rio-branco\/biblioteca-publica-estadual\/","title":{"rendered":"Biblioteca P\u00fablica Estadual de Rio Branco"},"content":{"rendered":"<hr \/>\n<p style=\"text-align: center;\"><img loading=\"lazy\" decoding=\"async\" style=\"border: 4px solid #ebebeb;\" src=\"\/lai\/wp-content\/uploads\/images\/ARQUIVOS\/37_Imagens\/Bibliote_Publica.png\" alt=\"\" width=\"500\" height=\"350\" \/><\/p>\n<p style=\"text-align: center;\">Foto: S\u00e9rgio Vale<\/p>\n<p style=\"text-align: left;\"><strong>Endere\u00e7o:<\/strong> Avenida Get\u00falio Vargas, n\u00ba 389 &#8211; Centro<\/p>\n<p style=\"text-align: left;\"><strong>Cep:<\/strong> 69.900-060<\/p>\n<p style=\"text-align: left;\"><strong>Tel:<\/strong> 68 3223-1210<\/p>\n<p style=\"text-align: left;\"><strong>Hor\u00e1rio de Atendimento:<\/strong>\u00a09h \u00e0s 19h<\/p>\n","protected":false},"excerpt":{"rendered":"<p>Foto: S\u00e9rgio Vale Endere\u00e7o: Avenida Get\u00falio Vargas, n\u00ba 389 &#8211; Centro Cep: 69.900-060 Tel: 68 3223-1210 Hor\u00e1rio de Atendimento:\u00a09h \u00e0s 19h<\/p>\n","protected":false},"author":2,"featured_media":0,"parent":18,"menu_order":6,"comment_status":"open","ping_status":"open","template":"","meta":{"footnotes":""},"class_list":["post-248","page","type-page","status-publish","hentry"],"_links":{"self":[{"href":"https:\/\/cgm.riobranco.ac.gov.br\/lai\/wp-json\/wp\/v2\/pages\/248","targetHints":{"allow":["GET"]}}],"collection":[{"href":"https:\/\/cgm.riobranco.ac.gov.br\/lai\/wp-json\/wp\/v2\/pages"}],"about":[{"href":"https:\/\/cgm.riobranco.ac.gov.br\/lai\/wp-json\/wp\/v2\/types\/page"}],"author":[{"embeddable":true,"href":"https:\/\/cgm.riobranco.ac.gov.br\/lai\/wp-json\/wp\/v2\/users\/2"}],"replies":[{"embeddable":true,"href":"https:\/\/cgm.riobranco.ac.gov.br\/lai\/wp-json\/wp\/v2\/comments?post=248"}],"version-history":[{"count":2,"href":"https:\/\/cgm.riobranco.ac.gov.br\/lai\/wp-json\/wp\/v2\/pages\/248\/revisions"}],"predecessor-version":[{"id":550,"href":"https:\/\/cgm.riobranco.ac.gov.br\/lai\/wp-json\/wp\/v2\/pages\/248\/revisions\/550"}],"up":[{"embeddable":true,"href":"https:\/\/cgm.riobranco.ac.gov.br\/lai\/wp-json\/wp\/v2\/pages\/18"}],"wp:attachment":[{"href":"https:\/\/cgm.riobranco.ac.gov.br\/lai\/wp-json\/wp\/v2\/media?parent=248"}],"curies":[{"name":"wp","href":"https:\/\/api.w.org\/{rel}","templated":true}]}}