{"id":261,"date":"2013-10-31T19:33:31","date_gmt":"2013-10-31T19:33:31","guid":{"rendered":"http:\/\/portalcgm.riobranco.ac.gov.br\/lai\/comissao-permanente-de-licitacao-cpl\/"},"modified":"2024-03-25T15:19:22","modified_gmt":"2024-03-25T20:19:22","slug":"comissao-permanente-de-licitacao-cpl","status":"publish","type":"page","link":"https:\/\/cgm.riobranco.ac.gov.br\/lai\/institucional\/comissao-permanente-de-licitacao-cpl\/","title":{"rendered":"COMISS\u00c3O PERMANENTE DE LICITA\u00c7\u00c3O &#8211; CPL"},"content":{"rendered":"<hr \/>\n<p style=\"text-align: justify;\">Endere\u00e7o:\u00a0Rua Alvorada, n\u00ba 411, 2\u00ba Piso \u2013 Bosque &#8211; CEP:\u00a069.900-631<\/p>\n<p style=\"text-align: justify;\">Telefones:<\/p>\n<p style=\"text-align: justify;\">Protocolo: (68) 3211-2220<\/p>\n<p style=\"text-align: justify;\">CPL 01: (68) 3211-2213<\/p>\n<p style=\"text-align: justify;\">CPL 02: (68) 3211-2218<\/p>\n<p style=\"text-align: justify;\">CPL 03:<\/p>\n<p style=\"text-align: justify;\">CPL 04:<\/p>\n<p style=\"text-align: justify;\">E-mail: cpl@riobranco.ac.gov.br<\/p>\n<p style=\"text-align: justify;\">Hor\u00e1rio de Funcionamento:\u00a007:00 \u00e0s 14:00 (DECRETO N\u00ba 2.010 DE 20 DE DEZEMBRO DE 2023)<\/p>\n<hr \/>\n<p>Arquivos para download<\/p>\n<p><strong><a href=\"https:\/\/cgm.riobranco.ac.gov.br\/lai\/wp-content\/uploads\/2013\/10\/DECRETO-N\u00ba-129-2024-Altera-o-Decreto-1861-2023-CPL-01.pdf\" target=\"_blank\">DECRETO N\u00ba 129 DE 24 DE JANEIRO DE 2024<\/a><\/strong><\/p>\n<p>&#8220;O art. 2\u00ba do Decreto n\u00ba 1.861, de 27 de setembro de 2023, passa a vigorar com a seguinte reda\u00e7\u00e3o.&#8221;<\/p>\n<p><strong><a href=\"https:\/\/cgm.riobranco.ac.gov.br\/lai\/wp-content\/uploads\/2013\/10\/DECRETO-N\u00ba-1864-2023-Institui-e-Nomeia-a-CPL-04.pdf\" target=\"_blank\">DECRETO N\u00ba 1.864 DE 27 DE NOVEMBRO DE 2023<\/a><\/strong><\/p>\n<p>\u201cInstitui e Nomeia a Comiss\u00e3o de Licita\u00e7\u00e3o 04 \u2013 CPL 04, do Munic\u00edpio de Rio Branco e d\u00e1 outras provid\u00eancias\u201d.<\/p>\n<p><strong><a href=\"https:\/\/cgm.riobranco.ac.gov.br\/lai\/wp-content\/uploads\/2013\/10\/DECRETO-N\u00ba-1863-2023-Institui-e-Nomeia-a-CPL-03.pdf\" target=\"_blank\">DECRETO N\u00ba 1.863 DE 27 DE NOVEMBRO DE 2023<\/a><\/strong><\/p>\n<p>\u201cInstitui e Nomeia a Comiss\u00e3o de Licita\u00e7\u00e3o 03 \u2013 CPL 03, do Munic\u00edpio de Rio Branco e d\u00e1 outras provid\u00eancias\u201d.<\/p>\n<p><strong><a href=\"https:\/\/cgm.riobranco.ac.gov.br\/lai\/wp-content\/uploads\/2013\/10\/DECRETO-N\u00ba-1862-2023-Institui-e-Nomeia-a-CPL-02.pdf\" target=\"_blank\">DECRETO N\u00ba 1.862 DE 27 DE NOVEMBRO DE 2023<\/a><\/strong><\/p>\n<p>\u201cInstitui e Nomeia a Comiss\u00e3o de Licita\u00e7\u00e3o 02 \u2013 CPL 02, do Munic\u00edpio de Rio Branco e d\u00e1 outras provid\u00eancias\u201d.<\/p>\n<p><strong><a href=\"https:\/\/cgm.riobranco.ac.gov.br\/lai\/wp-content\/uploads\/2013\/10\/DECRETO-N\u00ba-1861-2023-Institui-e-Nomeia-a-CPL-01.pdf\" target=\"_blank\">DECRETO N\u00ba 1.861 DE 27 DE NOVEMBRO DE 2023<\/a>\u00a0<\/strong><span style=\"color: #ff0000;\">(Alterado pelo\u00a0<a style=\"color: #ff0000;\" href=\"https:\/\/cgm.riobranco.ac.gov.br\/lai\/wp-content\/uploads\/2013\/10\/DECRETO-N\u00ba-129-DE-24-DE-JANEIRO-DE-2024-DOE.pdf\" target=\"_blank\">DECRETO N\u00ba 129 DE 24 DE JANEIRO DE 2024<\/a>)<\/span><\/p>\n<p>\u201cInstitui e Nomeia a Comiss\u00e3o de Licita\u00e7\u00e3o 01 \u2013 CPL 01, do Munic\u00edpio de Rio Branco e d\u00e1 outras provid\u00eancias\u201d.<\/p>\n<p><strong><a href=\"https:\/\/cgm.riobranco.ac.gov.br\/lai\/wp-content\/uploads\/2013\/10\/DECRETO-N\u00ba-1566-2022-CPL-Institui-e-Nomeia-a-CPL-04-2.pdf\" target=\"_blank\">DECRETO N\u00ba 1.566 DE 20 DE OUTUBRO DE 2022<\/a><\/strong><\/p>\n<p style=\"text-align: justify;\">\u201cInstitui e Nomeia a Comiss\u00e3o de Licita\u00e7\u00e3o 04 \u2013 CPL 04, do Munic\u00edpio de Rio Branco e d\u00e1 outras provid\u00eancias\u201d.<\/p>\n<p style=\"text-align: justify;\"><strong><a href=\"https:\/\/cgm.riobranco.ac.gov.br\/lai\/wp-content\/uploads\/2013\/10\/DECRETO-N\u00ba-1489-2022-Institui-e-Nomeia-CPL-02.pdf\" target=\"_blank\">DECRETO N\u00ba 1.489 DE 30 DE SETEMBRO DE 2022<\/a><\/strong><\/p>\n<p style=\"text-align: justify;\">\u201cInstitui e Nomeia a Comiss\u00e3o de Licita\u00e7\u00e3o 02 \u2013 CPL 02, do Munic\u00edpio de Rio Branco e d\u00e1 outras provid\u00eancias\u201d.<\/p>\n<p style=\"text-align: justify;\"><strong><a href=\"https:\/\/cgm.riobranco.ac.gov.br\/lai\/wp-content\/uploads\/2013\/10\/DECRETO-N\u00ba-1488-2022-Institui-e-Nomeia-CPL-01.pdf\" target=\"_blank\">DECRETO N\u00ba 1.488 DE 30 DE SETEMBRO DE 2022<\/a><\/strong><\/p>\n<p style=\"text-align: justify;\">\u201cInstitui e Nomeia a Comiss\u00e3o de Licita\u00e7\u00e3o 01 \u2013 CPL 01, do Munic\u00edpio de Rio Branco e d\u00e1 outras provid\u00eancias\u201d.<\/p>\n<p style=\"text-align: justify;\"><strong><a href=\"https:\/\/cgm.riobranco.ac.gov.br\/lai\/wp-content\/uploads\/2013\/10\/DECRETO-N\u00ba-756-2022-Institui-e-Nomeia-a-CPL-03-2.pdf\" target=\"_blank\">DECRETO N\u00ba 756 DE 10 DE MAIO DE 2022<\/a><\/strong><\/p>\n<p style=\"text-align: justify;\">\u201cInstitui e Nomeia a Comiss\u00e3o de Licita\u00e7\u00e3o 03 \u2013 CPL 03, do Munic\u00edpio de Rio Branco e d\u00e1 outras provid\u00eancias\u201d.<\/p>\n<p style=\"text-align: justify;\"><strong><a href=\"https:\/\/cgm.riobranco.ac.gov.br\/lai\/wp-content\/uploads\/2013\/10\/DECRETO-N\u00ba-755-2022-Institui-e-Nomeia-a-CPL-02.pdf\" target=\"_blank\">DECRETO N\u00ba 755 DE 10 DE MAIO DE 2022<\/a>\u00a0<\/strong><span style=\"color: #ff0000;\">(Revogado pelo Decreto N\u00ba 1.489 de 30 de setembro de 2022)<\/span><\/p>\n<p style=\"text-align: justify;\">\u201cInstitui e Nomeia a Comiss\u00e3o de Licita\u00e7\u00e3o 02 \u2013 CPL 02, do Munic\u00edpio de Rio Branco e d\u00e1 outras provid\u00eancias\u201d.<\/p>\n<p style=\"text-align: justify;\"><strong><a href=\"https:\/\/cgm.riobranco.ac.gov.br\/lai\/wp-content\/uploads\/2013\/10\/DECRETO-N\u00ba-754-2022-Institui-e-Nomeia-a-CPL-01.pdf\" target=\"_blank\">DECRETO N\u00ba 754 DE 10 DE MAIO DE 2022<\/a>\u00a0<\/strong><span style=\"color: #ff0000;\">(Revogado pelo Decreto N\u00ba 1.488 de 30 de setembro de 2022)<\/span><\/p>\n<p style=\"text-align: justify;\">\u201cInstitui e Nomeia a Comiss\u00e3o de Licita\u00e7\u00e3o 01 \u2013 CPL 01, do Munic\u00edpio de Rio Branco e d\u00e1 outras provid\u00eancias\u201d.<\/p>\n<p style=\"text-align: justify;\"><strong><a href=\"https:\/\/cgm.riobranco.ac.gov.br\/lai\/wp-content\/uploads\/2013\/10\/DECRETO-N\u00ba-058-2022-Altera-o-Decreto-006-2022-CPL-021.pdf\" target=\"_blank\">DECRETO N\u00ba 058 DE 24 DE JANEIRO DE 2022<\/a><\/strong><\/p>\n<p style=\"text-align: justify;\">&#8220;O inciso V do art.1\u00ba do Decreto n\u00ba 06, de 06 janeiro de 2022, que institui e nomeia a Comiss\u00e3o de Licita\u00e7\u00e3o 02 \u2013 CPL 02 do Munic\u00edpio de Rio Branco, passa a vigora com a seguinte altera\u00e7\u00e3o.&#8221;<\/p>\n<p style=\"text-align: justify;\"><strong><a href=\"https:\/\/cgm.riobranco.ac.gov.br\/lai\/wp-content\/uploads\/2013\/10\/DECRETO-N\u00ba-057-2022-Altera-o-Decreto-005-2022-CPL-01.pdf\" target=\"_blank\">DECRETO N\u00ba 057 DE 24 DE JANEIRO DE 2022<\/a><\/strong><\/p>\n<p style=\"text-align: justify;\">&#8220;O inciso IV do art.1\u00ba do Decreto n\u00ba 05, de 06 janeiro de\u00a02022, que institui e nomeia a Comiss\u00e3o de Licita\u00e7\u00e3o 01 \u2013 CPL 01 do Munic\u00edpio de Rio Branco, passa a vigora com a seguinte altera\u00e7\u00e3o.&#8221;<\/p>\n<p style=\"text-align: justify;\"><strong><a href=\"https:\/\/cgm.riobranco.ac.gov.br\/lai\/wp-content\/uploads\/2013\/10\/DECRETO-N\u00ba-006-2022-Institui-e-nomeia-a-Comiss\u00e3o-de-Licita\u00e7\u00e3o-CPL-02.pdf\" target=\"_blank\">DECRETO N\u00ba 006 DE 05 DE JANEIRO DE 2022<\/a><\/strong>\u00a0<span style=\"color: #ff0000;\">(Revogado pelo Decreto n\u00ba 755 de 10 de maio de 2022)<\/span><\/p>\n<p style=\"text-align: justify;\">\u201cInstitui e Nomeia a Comiss\u00e3o de Licita\u00e7\u00e3o 02 \u2013 CPL 02, do Munic\u00edpio de Rio Branco e d\u00e1 outras provid\u00eancias\u201d.<\/p>\n<p style=\"text-align: justify;\"><strong><a href=\"https:\/\/cgm.riobranco.ac.gov.br\/lai\/wp-content\/uploads\/2013\/10\/DECRETO-N\u00ba-005-2022-Institui-e-nomeia-a-Comiss\u00e3o-de-Licita\u00e7\u00e3o-CPL-01.pdf\" target=\"_blank\">DECRETO N\u00ba 005 DE 05 DE JANEIRO DE 2022<\/a>\u00a0<\/strong><span style=\"color: #ff0000;\">(Revogado pelo Decreto N\u00ba 754 de 10 de maio de 2022)<\/span><\/p>\n<p style=\"text-align: justify;\">\u201cInstitui e Nomeia a Comiss\u00e3o de Licita\u00e7\u00e3o 01 \u2013 CPL 01, do Munic\u00edpio de Rio Branco e d\u00e1 outras provid\u00eancias.\u201d<\/p>\n<p style=\"text-align: justify;\"><strong><a href=\"https:\/\/cgm.riobranco.ac.gov.br\/lai\/wp-content\/uploads\/2013\/10\/DECRETO-N\u00ba-867-2021-Altera-o-Decreto-n\u00ba-662-2021-CPL-02.pdf\" target=\"_blank\">DECRETO N\u00ba 867 DE 22 DE ABRIL DE 2021<\/a><\/strong><\/p>\n<p style=\"text-align: justify;\">&#8220;Altera o Decreto n\u00ba\u00a0662, de 10 de mar\u00e7o de 2021.&#8221;<\/p>\n<p style=\"text-align: justify;\"><strong><a href=\"https:\/\/cgm.riobranco.ac.gov.br\/lai\/wp-content\/uploads\/2013\/10\/DECRETO-N\u00ba-866-2021-Altera-o-Decreto-n\u00ba-663-2021-CPL-01.pdf\" target=\"_blank\">DECRETO N\u00ba 866 DE 22 DE ABRIL DE 2021<\/a><\/strong><\/p>\n<p style=\"text-align: justify;\">&#8220;Altera o Decreto n\u00ba\u00a0663, de 10 de mar\u00e7o de 2021.&#8221;<\/p>\n<p style=\"text-align: justify;\"><strong><a href=\"https:\/\/cgm.riobranco.ac.gov.br\/lai\/wp-content\/uploads\/2013\/10\/DECRETO-N\u00ba-754-2021-Torna-sem-efeito-o-Decreto-n\u00ba-744-2021-Selma-Sales-de-Mesquita-CPL-011.pdf\" target=\"_blank\">DECRETO N\u00ba 754 DE 30 DE MAR\u00c7O DE 2021<\/a><\/strong><\/p>\n<p style=\"text-align: justify;\">Tornar sem efeito o Decreto n\u00ba 744, de 29 de mar\u00e7o de 2021, publicado no Di\u00e1rio Oficial do Estado do Acre n\u00ba 13.012, de 30 de mar\u00e7o de 2021.&#8221;<\/p>\n<p style=\"text-align: justify;\"><strong><a href=\"https:\/\/cgm.riobranco.ac.gov.br\/lai\/wp-content\/uploads\/2013\/10\/DECRETO-N\u00ba-744-2021-SEGATI-Exonerar-Selma-Sales-de-Mesquita-CPL-01.pdf\" target=\"_blank\">DECRETO N\u00ba 744 DE 29 DE MAR\u00c7O DE 2021<\/a><\/strong>\u00a0<span style=\"color: #ff0000;\">(Tornado sem efeito pelo Decreto N\u00ba 754 de 30 de mar\u00e7o de 2021)<\/span><\/p>\n<p style=\"text-align: justify;\">&#8220;Exonerar Selma Sales de Mesquita, do cargo de membro da Comiss\u00e3o de Licita\u00e7\u00e3o 01, da Coordenadoria de Licita\u00e7\u00f5es na Secretaria Municipal de Gest\u00e3o Administrativa e Tecnologia da Informa\u00e7\u00e3o &#8211; SEGATI, nomeada atrav\u00e9s do Decreto n\u00ba 663, de 10 de mar\u00e7o de 2021.&#8221;<\/p>\n<p style=\"text-align: justify;\"><strong><a href=\"https:\/\/cgm.riobranco.ac.gov.br\/lai\/wp-content\/uploads\/2013\/10\/DECRETO-N\u00ba-743-2021-SEGATI-Exonerar-N\u00e1dia-Maria-Vilarouca-Monteiro-CPL-01.pdf\" target=\"_blank\">DECRETO N\u00ba 743 DE 29 DE MAR\u00c7O DE 2021<\/a><\/strong><\/p>\n<p style=\"text-align: justify;\">&#8220;Exonerar N\u00e1dia Maria Vilarouca Monteiro, do cargo de Presidente da Comiss\u00e3o de Licita\u00e7\u00e3o 01, da Coordenadoria de Licita\u00e7\u00f5es na Secretaria Municipal de Gest\u00e3o Administrativa e Tecnologia da Informa\u00e7\u00e3o &#8211; SEGATI, nomeada atrav\u00e9s do Decreto n\u00ba 663, de 10 de mar\u00e7o de 2021.&#8221;<\/p>\n<p style=\"text-align: justify;\"><strong><a href=\"https:\/\/cgm.riobranco.ac.gov.br\/lai\/wp-content\/uploads\/2013\/10\/DECRETO-N\u00ba-663-2021-Institui-e-Nomeia-os-membros-da-CPL-01.pdf\" target=\"_blank\">DECRETO N\u00ba 663 DE 10 DE MAR\u00c7O DE 2021<\/a>\u00a0<\/strong><span style=\"color: #ff0000;\">(Revogado pelo Decreto N\u00ba 005 de 05 de janeiro de 2022)<\/span><\/p>\n<p style=\"text-align: justify;\">\u201cInstitui e Nomeia a Comiss\u00e3o de Licita\u00e7\u00e3o 01 \u2013 CPL 01, do Munic\u00edpio de Rio Branco e d\u00e1 outras provid\u00eancias\u201d.<\/p>\n<p style=\"text-align: justify;\"><strong><a href=\"https:\/\/cgm.riobranco.ac.gov.br\/lai\/wp-content\/uploads\/2013\/10\/DECRETO-N\u00ba-662-2021-Institui-e-Nomeia-os-membros-da-CPL-02.pdf\" target=\"_blank\">DECRETO N\u00ba 662 DE 10 DE MAR\u00c7O DE 2021<\/a>\u00a0<\/strong><span style=\"color: #ff0000;\">(Revogado pelo Decreto N\u00ba 006 de 05 de janeiro de 2022)<\/span><\/p>\n<p style=\"text-align: justify;\">\u201cInstitui e Nomeia a Comiss\u00e3o de Licita\u00e7\u00e3o 02 \u2013 CPL 02, do Munic\u00edpio de Rio Branco e d\u00e1 outras provid\u00eancias\u201d.<\/p>\n<p style=\"text-align: justify;\"><strong><a href=\"https:\/\/cgm.riobranco.ac.gov.br\/lai\/wp-content\/uploads\/2013\/10\/DECRETO-N\u00ba-037-2021-Institui-e-Nomeia-a-Comiss\u00e3o-Permanente-de-Licita\u00e7\u00e3o-02-CPL.pdf\" target=\"_blank\">DECRETO N\u00ba 037 DE 07 DE JANEIRO DE 2021<\/a><\/strong>\u00a0<span style=\"color: #ff0000;\">(Revogado pelo Decreto N\u00ba 662 de 10 de mar\u00e7o de 2021)<\/span><\/p>\n<p style=\"text-align: justify;\">\u201cInstituir e nomeia a Comiss\u00e3o Permanente de Licita\u00e7\u00e3o \u2013 CPL, da Prefeitura de Rio Branco e d\u00e1 outras provid\u00eancias\u201d.<\/p>\n<p style=\"text-align: justify;\"><strong><a href=\"https:\/\/cgm.riobranco.ac.gov.br\/lai\/wp-content\/uploads\/2013\/10\/DECRETO-N\u00ba-009-2020-Institui-e-Nomeia-a-Comiss\u00e3o-Permante-de-Licita\u00e7\u00e3o-CPL.pdf\" target=\"_blank\">DECRETO N\u00ba 009 DE 02 DE JANEIRO DE 2020<\/a><\/strong><\/p>\n<p style=\"text-align: justify;\">\u201cInstituir e nomeia a Comiss\u00e3o Permanente de Licita\u00e7\u00e3o \u2013 CPL, da Prefeitura de Rio Branco e d\u00e1 outras provid\u00eancias\u201d.<\/p>\n<p style=\"text-align: justify;\"><strong><a href=\"https:\/\/cgm.riobranco.ac.gov.br\/lai\/wp-content\/uploads\/2013\/10\/DECRETO-N\u00ba-1348-2018-Institui-e-Nomeia-a-Comiss\u00e3o-Permante-de-Licita\u00e7\u00e3o-CPL.pdf\" target=\"_blank\">DECRETO N\u00ba 1.348 DE 27 DE DEZEMBRO DE 2018<\/a>\u00a0<\/strong><span style=\"color: #ff0000;\">(Revogado pelo Decreto N\u00ba 009 de 02 de janeiro de 2020)<\/span><\/p>\n<p style=\"text-align: justify;\">\u201cInstituir e nomeia a Comiss\u00e3o Permanente de Licita\u00e7\u00e3o \u2013 CPL, da Prefeitura de Rio Branco e d\u00e1 outras provid\u00eancias\u201d.<\/p>\n<p style=\"text-align: justify;\"><strong><a href=\"https:\/\/cgm.riobranco.ac.gov.br\/lai\/wp-content\/uploads\/2013\/10\/DECRETO-N\u00ba-2217-2017-Institui-e-Nomeia-a-Comiss\u00e3o-Permante-de-Licita\u00e7\u00e3o-CPL-20181.pdf\" target=\"_blank\">DECRETO N\u00ba 2.217 DE 27 DE DEZEMBRO DE 2017<\/a>\u00a0<\/strong><span style=\"color: #ff0000;\">(Revogado pelo Decreto N\u00ba 1.348 de 27 de dezembro de 2018)<\/span><\/p>\n<p style=\"text-align: justify;\">\u201cInstituir e nomeia a Comiss\u00e3o\u00a0Permanente de Licita\u00e7\u00e3o \u2013 CPL, da Prefeitura de Rio Branco e d\u00e1 outras provid\u00eancias\u201d.<\/p>\n<p style=\"text-align: justify;\"><strong><a href=\"https:\/\/cgm.riobranco.ac.gov.br\/lai\/wp-content\/uploads\/2013\/10\/2017-DECRETO-N\u00ba-160-2017-Autoriza-o-Departamento-de-Licita\u00e7\u00e3o-para-processar-e-julgar-as-licita\u00e7\u00f5es-da-Adm.-Indireta.pdf\" target=\"_blank\">DECRETO N\u00ba 160 DE 06 DE JANEIRO DE 2017<\/a><\/strong><\/p>\n<p style=\"text-align: justify;\">Fica autorizado ao Departamento de Licita\u00e7\u00e3o do Munic\u00edpio de Rio Branco, atrav\u00e9s da Comiss\u00e3o Permanente de Licita\u00e7\u00e3o \u2013 CPL , institu\u00edda pelo Decreto n\u00ba 040, de 02.01.2017 e da Comiss\u00e3o Especial de Licita\u00e7\u00e3o \u2013 CEL , institu\u00edda pelo Decreto n\u00ba 041, de 02.01.2017, publicados no DOE n\u00ba 11.968, de 04.01.2017, pag. 58, por este ato, processar e julgar as licita\u00e7\u00f5es da Funda\u00e7\u00e3o, Empresa P\u00fablica e Autarquias, vinculadas ao Poder Executivo Municipal, oriundas de recursos pr\u00f3prios\u00a0 e\/ou de Termos de Conv\u00eanios e Contratos firmados com entes p\u00fablicos ou privados<\/p>\n<p style=\"text-align: justify;\"><strong><a href=\"https:\/\/cgm.riobranco.ac.gov.br\/lai\/wp-content\/uploads\/2013\/10\/2017-DECRETO-N\u00ba-040-2017-Institui-e-Nomeia-a-Comiss\u00e3o-Permante-de-Licita\u00e7\u00e3o-CPL.pdf\" target=\"_blank\">DECRETO N\u00ba 040 DE 02 DE JANEIRO DE 2017<\/a>\u00a0<\/strong><span style=\"color: #ff0000;\">(Revogado pelo Decreto N\u00ba 2.217 de 27 de dezembro de 2017)<\/span><\/p>\n<p style=\"text-align: justify;\">\u00a0\u201cInstituir e nomeia a Comiss\u00e3o Permanente de Licita\u00e7\u00e3o \u2013 CPL, da Prefeitura de Rio Branco e d\u00e1 outras provid\u00eancias\u201d.<\/p>\n<p style=\"text-align: justify;\"><strong><a href=\"https:\/\/cgm.riobranco.ac.gov.br\/lai\/wp-content\/uploads\/2013\/10\/DECRETO-N\u00ba-004-2016-Institui-e-Nomeia-a-Comiss\u00e3o-Permante-de-Licita\u00e7\u00e3o-CPL.pdf\" target=\"_blank\">DECRETO N\u00ba 004 DE 05 DE JANEIRO DE 2016<\/a>\u00a0<\/strong><span style=\"color: #ff0000;\">(Revogado pelo Decreto N\u00ba 040 de 02 de janeiro de 2017)<\/span><\/p>\n<p style=\"text-align: justify;\">\u201cInstituir e nomeia a Comiss\u00e3o Permanente de Licita\u00e7\u00e3o \u2013 CPL, da Prefeitura de Rio Branco e d\u00e1 outras provid\u00eancias\u201d.<\/p>\n<p style=\"text-align: justify;\"><strong><a href=\"\/lai\/wp-content\/uploads\/images\/ARQUIVOS\/24_Legisla\u00e7\u00e3o\/DECRETOS\/DECRETO%20N\u00ba%20019-2014%20-%20Institui%20e%20Nomeia%20a%20Comiss\u00e3o%20Permante%20de%20Licita\u00e7\u00e3o%20-CPL.pdf\" target=\"_blank\">DECRETO N\u00ba 019 DE 02 DE JANEIRO DE 2015<\/a><\/strong><\/p>\n<p style=\"text-align: justify;\">&#8220;Instituir e nomeia a Comiss\u00e3o Permanente de Licita\u00e7\u00e3o &#8211; CPL, da Prefeitura de Rio Branco e d\u00e1 outras provid\u00eancias&#8221;.<\/p>\n<p style=\"text-align: justify;\"><strong><a href=\"https:\/\/cgm.riobranco.ac.gov.br\/lai\/wp-content\/uploads\/2013\/10\/DECRETO-N\u00ba-018-2014-Institui-e-Nomeia-a-Comiss\u00e3o-Permante-de-Licita\u00e7\u00e3o-CPL.pdf\" target=\"_blank\">DECRETO N\u00ba 018 DE 06 DE JANEIRO DE 2014<\/a>\u00a0<\/strong><span style=\"color: #ff0000;\">(Revogado pelo Decreto N\u00ba 019 de 02 de janeiro de 2015)<\/span><\/p>\n<p style=\"text-align: justify;\">\u201cInstituir e nomeia a Comiss\u00e3o Permanente de Licita\u00e7\u00e3o \u2013 CPL, da Prefeitura de Rio Branco e d\u00e1 outras provid\u00eancias\u201d.<\/p>\n<p style=\"text-align: justify;\"><strong><a href=\"\/lai\/wp-content\/uploads\/images\/ARQUIVOS\/24_Legisla\u00e7\u00e3o\/DECRETOS\/Decreto_N\u00ba_485_de_31.01.2013_-_Autoriza_o_Departamento_de_Licita\u00e7\u00e3o_para_processar_e_julgar__as_licita\u00e7\u00f5es_da_Adm._Indireta.pdf\" target=\"_blank\">DECRETO N\u00ba 485 DE 31 DE JANEIRO DE 2013<\/a><\/strong><\/p>\n<p style=\"text-align: justify;\">&#8220;Autoriza o Departamento de Licita\u00e7\u00f5es, processar e julgar as licita\u00e7\u00f5es da Administra\u00e7\u00e3o Indireta&#8221;.<\/p>\n<p style=\"text-align: justify;\"><strong><a href=\"https:\/\/cgm.riobranco.ac.gov.br\/lai\/wp-content\/uploads\/2013\/10\/DECRETO-N\u00ba-203-2013-Institui-e-Nomeia-a-Comiss\u00e3o-Permanente-de-Licia\u00e7\u00e3o-CPL.pdf\" target=\"_blank\">DECRETO N\u00ba 203 DE 08 DE JANEIRO DE 2013<\/a>\u00a0<\/strong><span style=\"color: #ff0000;\">(Revogado pelo Decreto N\u00ba 018 de 06 de janeiro de 2014)<\/span><\/p>\n<p style=\"text-align: justify;\">\u201cInstituir e nomear a Comiss\u00e3o Permanente de Licita\u00e7\u00e3o \u2013 CPL, da Prefeitura de Rio Branco e d\u00e1 outras provid\u00eancias\u201d.<\/p>\n<p style=\"text-align: justify;\"><strong><a href=\"https:\/\/cgm.riobranco.ac.gov.br\/lai\/wp-content\/uploads\/2013\/10\/DECRETO-N\u00ba-3169-2012-Institui-e-Nomeia-a-Comiss\u00e3o-Permanente-de-Licita\u00e7\u00e3o-CPL.pdf\" target=\"_blank\">DECRETO N\u00ba 3.169 DE 03 DE JANEIRO DE 2012<\/a><\/strong><\/p>\n<p style=\"text-align: justify;\">\u201cInstitui a Comiss\u00e3o Permanente de Licita\u00e7\u00e3o \u2013 CPL, da Prefeitura de Rio Branco e d\u00e1 outras provid\u00eancias\u201d.<\/p>\n","protected":false},"excerpt":{"rendered":"<p>Endere\u00e7o:\u00a0Rua Alvorada, n\u00ba 411, 2\u00ba Piso \u2013 Bosque &#8211; CEP:\u00a069.900-631 Telefones: Protocolo: (68) 3211-2220 CPL 01: (68) 3211-2213 CPL 02: (68) 3211-2218 CPL 03: CPL 04: E-mail: cpl@riobranco.ac.gov.br Hor\u00e1rio de Funcionamento:\u00a007:00 \u00e0s 14:00 (DECRETO N\u00ba 2.010 DE 20 DE DEZEMBRO DE 2023) Arquivos para download DECRETO N\u00ba 129 DE 24 DE JANEIRO DE 2024 &#8220;O [&hellip;]<\/p>\n","protected":false},"author":2,"featured_media":0,"parent":12,"menu_order":29,"comment_status":"open","ping_status":"open","template":"","meta":{"footnotes":""},"class_list":["post-261","page","type-page","status-publish","hentry"],"_links":{"self":[{"href":"https:\/\/cgm.riobranco.ac.gov.br\/lai\/wp-json\/wp\/v2\/pages\/261","targetHints":{"allow":["GET"]}}],"collection":[{"href":"https:\/\/cgm.riobranco.ac.gov.br\/lai\/wp-json\/wp\/v2\/pages"}],"about":[{"href":"https:\/\/cgm.riobranco.ac.gov.br\/lai\/wp-json\/wp\/v2\/types\/page"}],"author":[{"embeddable":true,"href":"https:\/\/cgm.riobranco.ac.gov.br\/lai\/wp-json\/wp\/v2\/users\/2"}],"replies":[{"embeddable":true,"href":"https:\/\/cgm.riobranco.ac.gov.br\/lai\/wp-json\/wp\/v2\/comments?post=261"}],"version-history":[{"count":67,"href":"https:\/\/cgm.riobranco.ac.gov.br\/lai\/wp-json\/wp\/v2\/pages\/261\/revisions"}],"predecessor-version":[{"id":5731,"href":"https:\/\/cgm.riobranco.ac.gov.br\/lai\/wp-json\/wp\/v2\/pages\/261\/revisions\/5731"}],"up":[{"embeddable":true,"href":"https:\/\/cgm.riobranco.ac.gov.br\/lai\/wp-json\/wp\/v2\/pages\/12"}],"wp:attachment":[{"href":"https:\/\/cgm.riobranco.ac.gov.br\/lai\/wp-json\/wp\/v2\/media?parent=261"}],"curies":[{"name":"wp","href":"https:\/\/api.w.org\/{rel}","templated":true}]}}