{"id":263,"date":"2013-10-31T21:30:14","date_gmt":"2013-10-31T21:30:14","guid":{"rendered":"http:\/\/portalcgm.riobranco.ac.gov.br\/lai\/cinema-no-bairro\/"},"modified":"2015-06-11T19:14:15","modified_gmt":"2015-06-11T19:14:15","slug":"cinema-no-bairro","status":"publish","type":"page","link":"https:\/\/cgm.riobranco.ac.gov.br\/lai\/encontre-em-rio-branco\/cinema-no-bairro\/","title":{"rendered":"Cinema no Bairro"},"content":{"rendered":"<hr \/>\n<p>&nbsp;<\/p>\n<p style=\"text-align: center;\"><img loading=\"lazy\" decoding=\"async\" style=\"border: 4px solid #ebebeb;\" src=\"\/lai\/wp-content\/uploads\/images\/ARQUIVOS\/37_Imagens\/Menu_Cinema_no_Bairro_-_Marcus_Vicentti.jpg\" alt=\"\" width=\"500\" height=\"350\" \/><\/p>\n<p style=\"text-align: center;\">Foto: Marcos Vicentti\/Asscom<\/p>\n<p><span style=\"font-size: 13px;\">(<\/span><strong style=\"font-size: 13px;\"><span style=\"text-decoration: underline;\">PDF<\/span><\/strong><span style=\"font-size: 13px;\">)<\/span>\u00a0Programa\u00e7\u00e3o &#8211; Indispon\u00edvel<\/p>\n","protected":false},"excerpt":{"rendered":"<p>&nbsp; Foto: Marcos Vicentti\/Asscom (PDF)\u00a0Programa\u00e7\u00e3o &#8211; Indispon\u00edvel<\/p>\n","protected":false},"author":2,"featured_media":0,"parent":18,"menu_order":21,"comment_status":"open","ping_status":"open","template":"","meta":{"footnotes":""},"class_list":["post-263","page","type-page","status-publish","hentry"],"_links":{"self":[{"href":"https:\/\/cgm.riobranco.ac.gov.br\/lai\/wp-json\/wp\/v2\/pages\/263","targetHints":{"allow":["GET"]}}],"collection":[{"href":"https:\/\/cgm.riobranco.ac.gov.br\/lai\/wp-json\/wp\/v2\/pages"}],"about":[{"href":"https:\/\/cgm.riobranco.ac.gov.br\/lai\/wp-json\/wp\/v2\/types\/page"}],"author":[{"embeddable":true,"href":"https:\/\/cgm.riobranco.ac.gov.br\/lai\/wp-json\/wp\/v2\/users\/2"}],"replies":[{"embeddable":true,"href":"https:\/\/cgm.riobranco.ac.gov.br\/lai\/wp-json\/wp\/v2\/comments?post=263"}],"version-history":[{"count":2,"href":"https:\/\/cgm.riobranco.ac.gov.br\/lai\/wp-json\/wp\/v2\/pages\/263\/revisions"}],"predecessor-version":[{"id":939,"href":"https:\/\/cgm.riobranco.ac.gov.br\/lai\/wp-json\/wp\/v2\/pages\/263\/revisions\/939"}],"up":[{"embeddable":true,"href":"https:\/\/cgm.riobranco.ac.gov.br\/lai\/wp-json\/wp\/v2\/pages\/18"}],"wp:attachment":[{"href":"https:\/\/cgm.riobranco.ac.gov.br\/lai\/wp-json\/wp\/v2\/media?parent=263"}],"curies":[{"name":"wp","href":"https:\/\/api.w.org\/{rel}","templated":true}]}}