{"id":265,"date":"2013-11-01T20:07:58","date_gmt":"2013-11-01T20:07:58","guid":{"rendered":"http:\/\/portalcgm.riobranco.ac.gov.br\/lai\/normas-para-dacao-em-pagamento-para-extincao-de-obrigacao-tributaria\/"},"modified":"2023-07-18T09:59:58","modified_gmt":"2023-07-18T14:59:58","slug":"normas-para-dacao-em-pagamento-para-extincao-de-obrigacao-tributaria","status":"publish","type":"page","link":"https:\/\/cgm.riobranco.ac.gov.br\/lai\/orientacoes\/normas-para-dacao-em-pagamento-para-extincao-de-obrigacao-tributaria\/","title":{"rendered":"Da\u00e7\u00e3o em Pagamento para Extin\u00e7\u00e3o de Obriga\u00e7\u00e3o Tribut\u00e1ria"},"content":{"rendered":"<hr \/>\n<h4 style=\"text-align: left;\">(PDF)\u00a0<strong><span style=\"text-decoration: underline;\"><a href=\"\/lai\/wp-content\/uploads\/images\/ARQUIVOS\/24_Legisla\u00e7\u00e3o\/LEIS\/LEI_N\u00ba_1.992_DE_18.07.2013_-_Disciplina_a_da\u00e7\u00e3o_em_pagamento_de_bens_im\u00f3veis.pdf\" target=\"_blank\">LEI N\u00ba 1.992, DE 18 DE JULHO DE 2013<\/a><\/span><\/strong><\/h4>\n<p style=\"text-align: left;\">&#8220;Disciplina a da\u00e7\u00e3o em pagamento de bens im\u00f3veis, prevista no inciso XI do artigo 156 do C\u00f3digo Tribut\u00e1rio Nacional, como forma de extin\u00e7\u00e3o da obriga\u00e7\u00e3o tribut\u00e1ria no Munic\u00edpio de Rio Branco.&#8221;<\/p>\n","protected":false},"excerpt":{"rendered":"<p>(PDF)\u00a0LEI N\u00ba 1.992, DE 18 DE JULHO DE 2013 &#8220;Disciplina a da\u00e7\u00e3o em pagamento de bens im\u00f3veis, prevista no inciso XI do artigo 156 do C\u00f3digo Tribut\u00e1rio Nacional, como forma de extin\u00e7\u00e3o da obriga\u00e7\u00e3o tribut\u00e1ria no Munic\u00edpio de Rio Branco.&#8221;<\/p>\n","protected":false},"author":2,"featured_media":0,"parent":20,"menu_order":11,"comment_status":"open","ping_status":"open","template":"","meta":{"footnotes":""},"class_list":["post-265","page","type-page","status-publish","hentry"],"_links":{"self":[{"href":"https:\/\/cgm.riobranco.ac.gov.br\/lai\/wp-json\/wp\/v2\/pages\/265","targetHints":{"allow":["GET"]}}],"collection":[{"href":"https:\/\/cgm.riobranco.ac.gov.br\/lai\/wp-json\/wp\/v2\/pages"}],"about":[{"href":"https:\/\/cgm.riobranco.ac.gov.br\/lai\/wp-json\/wp\/v2\/types\/page"}],"author":[{"embeddable":true,"href":"https:\/\/cgm.riobranco.ac.gov.br\/lai\/wp-json\/wp\/v2\/users\/2"}],"replies":[{"embeddable":true,"href":"https:\/\/cgm.riobranco.ac.gov.br\/lai\/wp-json\/wp\/v2\/comments?post=265"}],"version-history":[{"count":6,"href":"https:\/\/cgm.riobranco.ac.gov.br\/lai\/wp-json\/wp\/v2\/pages\/265\/revisions"}],"predecessor-version":[{"id":4756,"href":"https:\/\/cgm.riobranco.ac.gov.br\/lai\/wp-json\/wp\/v2\/pages\/265\/revisions\/4756"}],"up":[{"embeddable":true,"href":"https:\/\/cgm.riobranco.ac.gov.br\/lai\/wp-json\/wp\/v2\/pages\/20"}],"wp:attachment":[{"href":"https:\/\/cgm.riobranco.ac.gov.br\/lai\/wp-json\/wp\/v2\/media?parent=265"}],"curies":[{"name":"wp","href":"https:\/\/api.w.org\/{rel}","templated":true}]}}