{"id":266,"date":"2013-11-01T20:42:50","date_gmt":"2013-11-01T20:42:50","guid":{"rendered":"http:\/\/portalcgm.riobranco.ac.gov.br\/lai\/normas-para-retencao-do-issqn-devido-pela-prestacao-de-servicos-a-administracao-publica-municipal\/"},"modified":"2024-04-02T15:34:52","modified_gmt":"2024-04-02T20:34:52","slug":"normas-para-retencao-do-issqn-devido-pela-prestacao-de-servicos-a-administracao-publica-municipal","status":"publish","type":"page","link":"https:\/\/cgm.riobranco.ac.gov.br\/lai\/orientacoes\/normas-para-retencao-do-issqn-devido-pela-prestacao-de-servicos-a-administracao-publica-municipal\/","title":{"rendered":"Imposto sobre Servi\u00e7os de Qualquer Natureza \u2013 ISSQN"},"content":{"rendered":"<hr \/>\n<p style=\"text-align: justify;\"><strong><a href=\"https:\/\/cgm.riobranco.ac.gov.br\/lai\/wp-content\/uploads\/2013\/11\/SEFIN-Rela\u00e7\u00e3o-de-Servi\u00e7os-e-Aliquotas.pdf\" target=\"_blank\">SEFIN &#8211; RELA\u00c7\u00c3O DE SERVI\u00c7OS E ALIQUOTAS<\/a><\/strong><\/p>\n<hr \/>\n<p><strong><a href=\"https:\/\/cgm.riobranco.ac.gov.br\/lai\/wp-content\/uploads\/2015\/06\/DECRETO-N\u00ba-339-2024-Prorrogac\u0327a\u0303o-dos-prazos-de-pagamento-do-IPTU-ISSQN-e-da-TAXA-DE-ALVAR\u00c1.pdf\" target=\"_blank\">DECRETO N\u00ba 339 DE 15 DE MAR\u00c7O DE 2024<\/a><\/strong><\/p>\n<p style=\"text-align: justify;\">\u201cDisp\u00f5e sobre a prorroga\u00e7\u00e3o dos prazos para o pagamento do Imposto sobre a Propriedade Predial e Territorial Urbana \u2013 IPTU, do Imposto Sobre Servi\u00e7o de Qualquer Natureza \u2013 ISSQN e da Taxa de Alvar\u00e1 de Funcionamento referente ao exerc\u00edcio de 2024 e d\u00e1 outras provid\u00eancias.\u201d<\/p>\n<p><strong><a href=\"https:\/\/cgm.riobranco.ac.gov.br\/lai\/wp-content\/uploads\/2013\/11\/DECRETO-N\u00ba-1400-2023-Fixa-Meta-de-Arrecada\u00e7\u00e3o-de-ISSQN-para-o-exerc\u00edcio-de-2023.pdf\" target=\"_blank\">DECRETO N\u00ba 1.400 DE 21 DE AGOSTO DE 2023<\/a><\/strong><\/p>\n<p>&#8220;Fica fixada como meta de arrecada\u00e7\u00e3o do Imposto sobre Servi\u00e7os de Qualquer Natureza \u2013 ISSQN, para o exerc\u00edcio de 2023, o valor de R$ 117.364.061,73 (cento e dezessete milh\u00f5es, trezentos e sessenta e quatro mil, sessenta e um reais e setenta e tr\u00eas centavos).&#8221;<\/p>\n<p><strong><a href=\"https:\/\/cgm.riobranco.ac.gov.br\/lai\/wp-content\/uploads\/2013\/11\/DECRETO-N\u00ba-1068-2023-Sobre-o-parcelamento-do-ISSQN-Habite-se.pdf\" target=\"_blank\">DECRETO N\u00ba 1.068 DE 06 DE JULHO DE 2023<\/a><\/strong><\/p>\n<p>\u201cDisp\u00f5e sobre o parcelamento do ISSQN \u2013 Habite-se lan\u00e7ado no exerc\u00edcio e d\u00e1 outras provid\u00eancias.\u201d<\/p>\n<p><strong><a href=\"https:\/\/cgm.riobranco.ac.gov.br\/lai\/wp-content\/uploads\/2013\/11\/LEI-COMPLEMENTAR-N\u00ba-221-DE-27.04.2023-Altera-a-Lei-Municipal-N\u00ba-2.040-2014-ISSQN.pdf\" target=\"_blank\">LEI COMPLEMENTAR N\u00ba 221 DE 27 DE ABRIL DE 2023<\/a><\/strong><\/p>\n<p>\u201cAltera a Lei Municipal n\u00ba 2.040 de 09 de abril de 2014, que estabelece crit\u00e9rios para a fixa\u00e7\u00e3o de metas fiscais de arrecada\u00e7\u00e3o do Imposto Sobre Servi\u00e7os de Qualquer Natureza \u2013 ISSQN e institui a bonifica\u00e7\u00e3o por alcance de resultados, alterada pela a Lei Municipal n\u00ba 2.174 de 01 de abril de 2016\u201d.<\/p>\n<p style=\"text-align: justify;\"><strong><a href=\"https:\/\/cgm.riobranco.ac.gov.br\/lai\/wp-content\/uploads\/2015\/06\/DECRETO-N\u00ba-474-2023-Prorrogac\u0327a\u0303o-dos-prazos-do-IPTU-ISSQN-TAXA-ALVAR\u00c1-DE-FUNCIONAMENTO-2023.pdf\" target=\"_blank\">DECRETO N\u00ba 474 DE 03 DE ABRIL DE 2023<\/a><\/strong><\/p>\n<p style=\"text-align: justify;\">\u201cDisp\u00f5e sobre a prorroga\u00e7\u00e3o dos prazos para o pagamento do Imposto sobre a Propriedade Predial e Territorial Urbana \u2013 IPTU, do Imposto Sobre Servi\u00e7o de Qualquer Natureza \u2013 ISSQN e da Taxa de Alvar\u00e1 de Funcionamento referente ao exerc\u00edcio de 2023 e d\u00e1 outras provid\u00eancias.\u201d<\/p>\n<hr \/>\n<p style=\"text-align: justify;\"><strong><a href=\"https:\/\/cgm.riobranco.ac.gov.br\/lai\/wp-content\/uploads\/2013\/11\/DECRETO-N\u00ba-1149-2022-Fixar-como-meta-de-arrecada\u00e7\u00e3o-do-Imposto-sobre-Servi\u00e7os-de-Qualquer-Natureza-\u2013-ISSQN-2022.pdf\" target=\"_blank\">DECRETO N\u00ba 1.149 DE 26 DE JULHO DE 2022<\/a><\/strong><\/p>\n<p style=\"text-align: justify;\">&#8220;Fica fixada como meta de arrecada\u00e7\u00e3o do Imposto sobre Servi\u00e7os de Qualquer Natureza \u2013 ISSQN, para o exerc\u00edcio de 2022, o valor de R$ 93.484.756.54,00 (noventa e tr\u00eas milh\u00f5es quatrocentos e oitenta e quatro mil, setecentos e cinquenta e seis reais e cinquenta e quatro centavos).&#8221;<\/p>\n<hr \/>\n<p style=\"text-align: justify;\"><strong><a href=\"https:\/\/cgm.riobranco.ac.gov.br\/lai\/wp-content\/uploads\/2013\/11\/DECRETO-N\u00ba-1653-2021-ISSQN-e-Bonifica\u00e7\u00e3o-da-Lei-2.040-2014.pdf\" target=\"_blank\">DECRETO N\u00ba 1653 DE 16 DE DEZEMBRO DE 2021<\/a><\/strong><\/p>\n<p style=\"text-align: justify;\">\u201cDisp\u00f5e sobre a regulamenta\u00e7\u00e3o dos crit\u00e9rios para a fixa\u00e7\u00e3o de metas fiscais de arrecada\u00e7\u00e3o do Imposto Sobre Servi\u00e7os de Qualquer Natureza \u2013 ISSQN, e institui a bonifica\u00e7\u00e3o prevista na Lei n.\u00ba 2.040\/2014.\u201d<\/p>\n<p style=\"text-align: justify;\"><strong><a href=\"https:\/\/cgm.riobranco.ac.gov.br\/lai\/wp-content\/uploads\/2013\/11\/DECRETO-N\u00ba-1193-2021-Altera-o-Decreto-N\u00ba-165-2014-ISSQN.pdf\" target=\"_blank\">DECRETO N\u00ba 1.193 DE 03 DE AGOSTO DE 2021<\/a><\/strong><\/p>\n<p style=\"text-align: justify;\">\u201cAltera o Decreto n.\u00ba 165, de 12 de fevereiro de 2014.\u201d<\/p>\n<p style=\"text-align: justify;\"><strong><a href=\"https:\/\/cgm.riobranco.ac.gov.br\/lai\/wp-content\/uploads\/2013\/11\/SEFIN-EDITAL-N\u00ba-001-2021-NOTIFICA\u00c7\u00c3O-DE-LAN\u00c7AMENTO-DO-ISSQN-2021-PROFISSIONAL-AUTONOMO.pdf\" target=\"_blank\">SEFIN &#8211; EDITAL N\u00ba 001\/2021 &#8211; NOTIFICA\u00c7\u00c3O DE LAN\u00c7AMENTO DO ISSQN PROFISSIONAL AUT\u00d4NOMO-EXERC\u00cdCIO 2021<\/a><\/strong><\/p>\n<p style=\"text-align: justify;\">&#8220;A SECRETARIA MUNICIPAL DE FINAN\u00c7AS, por meio da Diretoria de Administra\u00e7\u00e3o Tribut\u00e1ria e da Divis\u00e3o de imposto Sobre Servi\u00e7os de Qualquer Natureza -ISSQN, pelo presente edital. NOTIFICA, nos termos do art. 65, \u00a75\u00b0, da Lei Complementar n\u00b0 1.508\/2003, os contribuintes enquadrados como Profissionais Aut\u00f4nomos e Sociedade de Profissionais Aut\u00f4nomos, do lan\u00e7amento do ISSON fixo anual referente ao exerc\u00edcio 2021, com vencimento para o dia 26\/02\/2021. O Documento de Arrecada\u00e7\u00e3o Municipal &#8211; DAM para recolhimento do imposto deve ser retirado nos Centros de Atendimento ao Contribuinte &#8211; CAC\u2019s (Anexo) ou por meio do Portal de Servi\u00e7os \u201con-line\u201d dispon\u00edvel no endere\u00e7o eletr\u00f4nico ou http:\/\/portalcidadao.riobranco.ac.gov.br\/emissao-issqn-fixo. Ap\u00f3s o vencimento, fica o contribuinte sujeito aos acr\u00e9scimos e comina\u00e7\u00f5es legais. E facultado ao contribuinte, nos termos do artigo 353 da Lei Complementar n\u00b0 1.508\/2003, apresentar impugna\u00e7\u00e3o contra o lan\u00e7amento do cr\u00e9dito tribut\u00e1rio, mediante peti\u00e7\u00e3o fundamentada, instru\u00edda com as provas cab\u00edveis, no prazo de 30 (trinta) dias contados da data da publica\u00e7\u00e3o deste edital, sob pena de preclus\u00e3o do direito.&#8221;<\/p>\n<hr \/>\n<p style=\"text-align: justify;\"><strong><a href=\"https:\/\/cgm.riobranco.ac.gov.br\/lai\/wp-content\/uploads\/2013\/11\/DECRETO-N\u00ba-879-2020-Altera-a-meta-de-arrecada\u00e7\u00e3o-do-ISSQN-2020.pdf\" target=\"_blank\">DECRETO N\u00ba 879 DE 23 DE NOVEMBRO DE 2020<\/a><\/strong><\/p>\n<p style=\"text-align: justify;\">Alterar para R$ 72.842.069,60 (setenta e dois milh\u00f5es, oitocentos e quarenta e dois mil, sessenta e nove reais e sessenta centavos), a meta de arrecada\u00e7\u00e3o do Imposto sobre Servi\u00e7os de Qualquer Natureza \u2013 ISSQN, para exerc\u00edcio de 2020<\/p>\n<p style=\"text-align: justify;\"><strong><a href=\"https:\/\/cgm.riobranco.ac.gov.br\/lai\/wp-content\/uploads\/2013\/11\/DECRETO-N\u00ba-878-2020-Altera-o-Decreto-Municipal-n\u00ba-639-2014-ISSQN.pdf\" target=\"_blank\">DECRETO N\u00ba 878 DE 23 DE NOVEMBRO DE 2020<\/a><\/strong><\/p>\n<p style=\"text-align: justify;\">\u201cAltera o Decreto Municipal n\u00ba 639, de 16 de maio de 2014\u201d.<\/p>\n<p style=\"text-align: justify;\"><strong><a href=\"https:\/\/cgm.riobranco.ac.gov.br\/lai\/wp-content\/uploads\/2013\/11\/DECRETO-N\u00ba-414-2020-Fixa-a-meta-de-arrecada\u00e7\u00e3o-do-ISSQN-2020.pdf\" target=\"_blank\">DECRETO N\u00ba 414 DE 26 DE JUNHO DE 2020<\/a><\/strong><\/p>\n<p style=\"text-align: justify;\">Fica fixada como meta de arrecada\u00e7\u00e3o do Imposto sobre Servi\u00e7os de Qualquer Natureza \u2013 ISSQN, para o exerc\u00edcio de 2020, o valor de R$ 90.332.129,00 (noventa milh\u00f5es, trezentos e trinta e dois mil e cento e vinte nove reais).<\/p>\n<hr \/>\n<p style=\"text-align: justify;\"><strong><a href=\"https:\/\/cgm.riobranco.ac.gov.br\/lai\/wp-content\/uploads\/2013\/11\/DECRETO-N\u00ba-1742-2019-Altera-o-Decreto-n\u00ba-652-2019-Fixa-a-meta-de-arrecada\u00e7\u00e3o-do-ISSQN-2019.pdf\" target=\"_blank\">DECRETO N\u00ba 1.742 DE 25 DE NOVEMBRO DE 2019<\/a><\/strong><\/p>\n<p style=\"text-align: justify;\">&#8220;Alterar para R$ 82.939.972,00 (oitenta e dois milh\u00f5es, novecentos e trinta e nove mil, novecentos e setenta e dois reais), a meta de arrecada\u00e7\u00e3o do Imposto sobre Servi\u00e7os de Qualquer Natureza \u2013 ISSQN, para exerc\u00edcio de 2019.&#8221;<\/p>\n<p style=\"text-align: justify;\"><strong><a href=\"https:\/\/cgm.riobranco.ac.gov.br\/lai\/wp-content\/uploads\/2013\/11\/2019-SEFIN-IS-N\u00ba-002-2019-Disp\u00f5e-sobre-procedimentos-de-monitoramento-fiscal-ISSQN.pdf\" target=\"_blank\">INSTRU\u00c7\u00c3O DE SERVI\u00c7O N\u00ba 02, DE 22 DE ABRIL DE 2019<\/a><\/strong><\/p>\n<p style=\"text-align: justify;\">\u201cDisp\u00f5e sobre procedimentos de monitoramento fiscal para acompanhamento, controle e avalia\u00e7\u00e3o das obriga\u00e7\u00f5es tribut\u00e1rias dos contribuintes de maior interesse de arrecada\u00e7\u00e3o. \u201d<\/p>\n<p style=\"text-align: justify;\"><strong><a href=\"https:\/\/cgm.riobranco.ac.gov.br\/lai\/wp-content\/uploads\/2013\/11\/DECRETO-N\u00ba-652-2019-Fixa-a-meta-de-arrecada\u00e7\u00e3o-do-ISSQN-2019.pdf\" target=\"_blank\">DECRETO N\u00ba 652 DE 19 DE FEVEREIRO DE 2019<\/a><\/strong><\/p>\n<p style=\"text-align: justify;\">&#8220;Fica fixada como meta de arrecada\u00e7\u00e3o do Imposto sobre Servi\u00e7os de Qualquer Natureza \u2013 ISSQN, para exerc\u00edcio de 2019, o valor de R$ 100.423.171,47 (cem milh\u00f5es quatrocentos e vinte e tr\u00eas mil, cento e setenta e um reais e quarenta e sete centavos).&#8221;<\/p>\n<hr \/>\n<p style=\"text-align: justify;\"><strong><a href=\"https:\/\/cgm.riobranco.ac.gov.br\/lai\/wp-content\/uploads\/2013\/11\/DECRETO-N\u00ba-276-2018-Fixa-a-meta-de-arrecada\u00e7\u00e3o-do-ISSQN-2018.pdf\" target=\"_blank\">DECRETO N\u00ba 276 DE 28 DE MAR\u00c7O DE 2018<\/a><\/strong><\/p>\n<p style=\"text-align: justify;\">&#8220;Fica fixada como meta de arrecada\u00e7\u00e3o do Imposto sobre Servi\u00e7os de Qualquer Natureza \u2013 ISSQN para exerc\u00edcio de 2018, o valor de R$ 82.713.842,16 (oitenta e dois milh\u00f5es, setecentos e treze mil, oitocentos e quarenta e dois reais e dezesseis centavos).&#8221;<\/p>\n<hr \/>\n<p style=\"text-align: justify;\"><strong><a href=\"https:\/\/cgm.riobranco.ac.gov.br\/lai\/wp-content\/uploads\/2013\/11\/DECRETO-N\u00ba-1812-2017-SEFIN-Parcelamento-de-cr\u00e9dito-tribut\u00e1rio-do-exerc\u00edcio-2017.pdf\" target=\"_blank\">DECRETO N\u00ba 1.812 DE 29 DE SETEMBRO DE 2017<\/a><\/strong><\/p>\n<p style=\"text-align: justify;\">\u201cDisp\u00f5e sobre o parcelamento de cr\u00e9dito\u00a0tribut\u00e1rio do exerc\u00edcio 2017.\u201d<\/p>\n<p style=\"text-align: justify;\"><strong><a href=\"https:\/\/cgm.riobranco.ac.gov.br\/lai\/wp-content\/uploads\/2013\/11\/DECRETO-N\u00ba-1676-2017-Fixa-a-meta-de-arrecada\u00e7\u00e3o-do-ISSQN-2017.pdf\" target=\"_blank\">DECRETO N\u00ba 1.676 DE 24 DE AGOSTO DE 2017<\/a><\/strong><\/p>\n<p style=\"text-align: justify;\">&#8220;Fica fixada como meta de arrecada\u00e7\u00e3o do Imposto sobre Servi\u00e7os de Qualquer Natureza \u2013 ISSQN para o ano de 2017, o valor de R$ 69.394.341,50 (sessenta e nove milh\u00f5es, trezentos e noventa e quatro mil e trezentos e quarenta e um reais e cinquenta centavos).&#8221;<\/p>\n<hr \/>\n<p style=\"text-align: justify;\"><strong><a href=\"https:\/\/cgm.riobranco.ac.gov.br\/portal\/wp-content\/uploads\/2015\/02\/DECRETO-N%C2%BA-948-DE-07-DE-NOVEMBRO-DE-2016.pdf\" target=\"_blank\" data-slimstat=\"3\">DECRETO N\u00ba 948 DE 07 DE NOVEMBRO DE 2016<\/a><\/strong><\/p>\n<p style=\"text-align: justify;\">Fica fixada como meta de arrecada\u00e7\u00e3o do Imposto sobre Servi\u00e7os de Qualquer Natureza \u2013 ISSQN para o ano de 2016, o valor de R$ 65.000.000,00 (sessenta e cinco milh\u00f5es reais).<\/p>\n<p style=\"text-align: justify;\"><strong><a href=\"https:\/\/cgm.riobranco.ac.gov.br\/portal\/wp-content\/uploads\/2015\/02\/DECRETO-N%C2%BA-449-DE-07-DE-JUNHO-DE-2016.pdf\" target=\"_blank\" data-slimstat=\"3\">DECRETO N\u00ba 449 DE 07 DE JUNHO DE 2016<\/a><\/strong><\/p>\n<p style=\"text-align: justify;\">Fica fixada como meta de arrecada\u00e7\u00e3o do Imposto sobre Servi\u00e7os de Qualquer Natureza \u2013 ISSQN para o ano de 2016, o valor de R$ 69.500.000,00 (sessenta e nove milh\u00f5es e quinhentos mil reais)<\/p>\n<p style=\"text-align: justify;\"><strong><a href=\"https:\/\/cgm.riobranco.ac.gov.br\/portal\/wp-content\/uploads\/2015\/02\/LEI-N%C2%BA-2.174-de-01-de-Abirl-de-2016-Altera-a-Lei-Municipal-n%C2%BA-2.040-2014-ISSQN.pdf\" target=\"_blank\" data-slimstat=\"3\">LEI N\u00ba 2.174 DE 01 DE ABRIL DE 2016<\/a><\/strong><\/p>\n<p style=\"text-align: justify;\">\u201cAltera a Lei Municipal n\u00ba 2.040 de 09 de Abril de 2014.\u201d<\/p>\n<hr \/>\n<p><strong><a href=\"https:\/\/cgm.riobranco.ac.gov.br\/portal\/wp-content\/uploads\/2013\/10\/LEI-COMPLEMENTAR-N%C2%BA-17-DE-17.12.2015-Altera-a-Lei-Complementar-n%C2%BA-03-2013.pdf\" target=\"_blank\">LEI COMPLEMENTAR N\u00ba 17 DE 17 DE DEZEMBRO DE 2015<\/a><\/strong><\/p>\n<p>\u201cAltera a Lei Complementar n\u00ba 03, de 17 de setembro de 2013.\u201d<\/p>\n<p><strong><a href=\"https:\/\/cgm.riobranco.ac.gov.br\/portal\/wp-content\/uploads\/2013\/10\/LEI-COMPLEMENTAR-N%C2%BA-16-DE-08.12.2015-Altera-a-Lei-Complementar-n%C2%BA-014-2015.pdf\" target=\"_blank\">LEI COMPLEMENTAR N\u00ba 16 DE 08 DE DEZEMBRO DE 2015<\/a><\/strong><\/p>\n<p>\u201cAltera a Lei Complementar n\u00ba 14, de 27 de mar\u00e7o de 2015.\u201d<\/p>\n<p><strong><a href=\"https:\/\/cgm.riobranco.ac.gov.br\/lai\/wp-content\/uploads\/2013\/11\/DECRETO-N\u00ba-1188-2015-Revoga-o-Dec-n\u00ba-278-2015-Fixa-a-meta-de-arrecada\u00e7\u00e3o-do-ISSQN.pdf\" target=\"_blank\">DECRETO N\u00ba 1.188 DE 13 DE NOVEMBRO DE 2015<\/a><\/strong><\/p>\n<p>&#8220;Fica fixada como meta de arrecada\u00e7\u00e3o do Imposto sobre Servi\u00e7os de Qualquer Natureza \u2013 ISSQN para o ano de 2015, o valor de R$ 63.500.000,00 (sessenta e tr\u00eas milh\u00f5es e quinhentos mil reais).&#8221;<\/p>\n<p><strong><a href=\"https:\/\/cgm.riobranco.ac.gov.br\/lai\/wp-content\/uploads\/2013\/11\/SEFIN-INSTRU\u00c7\u00c3O-NORMATIVA-N\u00ba-01-Normas-para-o-recolhimento-do-ISSQN.docx\" target=\"_blank\">INSTRU\u00c7\u00c3O NORMATIVA N\u00ba 01, DE 11 DE JUNHO DE 2015<\/a><\/strong><\/p>\n<p>&#8220;Institui normas para recolhimento do ISSQN nos servi\u00e7os previstos no item 8 do Art. 55 da lei n\u00ba 1.508\/2003, no Munic\u00edpio de Rio Branco\/AC.&#8221;<\/p>\n<p><strong><a href=\"https:\/\/cgm.riobranco.ac.gov.br\/portal\/wp-content\/uploads\/2013\/10\/LEI-COMPLEMENTAR-N%C2%BA-14-DE-27.03.2015-Concede-isen%C3%A7%C3%A3o-condicionada-do-ISSQN-as-empresas-de-transporte-coletivo.pdf\" target=\"_blank\">LEI COMPLEMENTAR N\u00ba 14 DE 27 DE MAR\u00c7O DE 2015<\/a>\u00a0<\/strong><span style=\"color: #ff0000;\">(Alterada pela\u00a0LEI COMPLEMENTAR N\u00ba 16 DE 08 DE DEZEMBRO DE 2015)<\/span><\/p>\n<p>\u201cConcede isen\u00e7\u00e3o condicionada do Imposto sobre Servi\u00e7os de Qualquer Natureza \u2013 ISSQN e da Outorga \u00e0s empresas de transporte coletivo.\u201d<\/p>\n<p style=\"text-align: justify;\"><strong><a href=\"https:\/\/cgm.riobranco.ac.gov.br\/lai\/wp-content\/uploads\/2013\/11\/DECRETO-N\u00ba-278-2015-Fixa-a-meta-de-arrecada\u00e7\u00e3o-do-ISSQN.pdf\" target=\"_blank\">DECRETO N\u00ba 278 DE 23 DE MAR\u00c7O DE 2015<\/a><\/strong><\/p>\n<p style=\"text-align: justify;\">&#8220;Fica fixada a meta de arrecada\u00e7\u00e3o do Imposto sobre Servi\u00e7os de Qualquer Natureza \u2013 ISSQN para o ano de 2015, no valor de R$ 73.473.432,10 (setenta e tr\u00eas milh\u00f5es, quatrocentos e setenta e tr\u00eas mil, quatrocentos e trinta e dois reais e dez centavos).&#8221;<\/p>\n<hr \/>\n<p><strong><a href=\"https:\/\/cgm.riobranco.ac.gov.br\/lai\/wp-content\/uploads\/images\/ARQUIVOS\/24_Legisla%C3%A7%C3%A3o\/LEIS%20COMPLEMENTARES\/LEI%20COMPLEMENTAR%20N%C2%BA%2010%20DE%2010.06.2014%20-%20Altera%20a%20Lei%20Complementar%20Municipal%20n%C2%BA%2004.pdf\" target=\"_blank\">LEI COMPLEMENTAR N\u00ba 10 DE 10 DE JUNHO DE 2014<\/a><\/strong><\/p>\n<p>\u201cAltera a Lei Complementar Municipal n\u00ba 04, de 16 de outubro de 2013.\u201d<\/p>\n<p><strong><a href=\"https:\/\/cgm.riobranco.ac.gov.br\/lai\/wp-content\/uploads\/images\/ARQUIVOS\/24_Legisla%C3%A7%C3%A3o\/LEIS%20COMPLEMENTARES\/LEI%20COMPLEMENTAR%20N%C2%BA%2009%20DE%2019%20DE%20MAIO%20DE%202014.pdf\" target=\"_blank\">LEI COMPLEMENTAR N\u00ba 09 DE 19 DE MAIO DE 2014<\/a><\/strong><\/p>\n<p>\u201cAltera a Lei Complementar Municipal n\u00ba 03, de 17 de setembro de 2013.\u201d<\/p>\n<p><strong><a href=\"https:\/\/cgm.riobranco.ac.gov.br\/lai\/wp-content\/uploads\/2013\/11\/DECRETO-N\u00ba-639-2014-Regulament\u00e3\u00e7\u00e3o-dos-criterios-para-fixa\u00e7\u00e3o-das-metas-fiscais-de-arrecada\u00e7\u00e3o-ISSQN.pdf\" target=\"_blank\">DECRETO N\u00ba 639 DE 16 DE MAIO DE 2014<\/a><\/strong><\/p>\n<p>\u201cDisp\u00f5e sobre a regulamenta\u00e7\u00e3o dos crit\u00e9rios para a fixa\u00e7\u00e3o de metas fiscais de arrecada\u00e7\u00e3o do Imposto Sobre Servi\u00e7os de Qualquer Natureza \u2013 ISSQN e institui\u00e7\u00e3o da bonifica\u00e7\u00e3o por alcance de resultados.\u201d<\/p>\n<p><strong><a href=\"https:\/\/cgm.riobranco.ac.gov.br\/lai\/wp-content\/uploads\/2013\/11\/4-LEI-N\u00ba-2.040-DE-09-DE-ABRIL-DE-2014-crit\u00e9rios-para-a-fixa\u00e7\u00e3o-de-metas-fiscais-de-arrecada\u00e7\u00e3o-do-ISSQN.pdf\" target=\"_blank\">LEI N.\u00ba 2.040 DE 09 DE ABRIL DE 2014<\/a><\/strong><\/p>\n<p style=\"text-align: justify;\">\u201cEstabelece crit\u00e9rios para a fixa\u00e7\u00e3o de metas fiscais de arrecada\u00e7\u00e3o do Imposto Sobre Servi\u00e7os de Qualquer Natureza \u2013 ISSQN e institui a bonifica\u00e7\u00e3o por alcance de resultados.&#8221;<\/p>\n<p style=\"text-align: justify;\"><strong><a href=\"https:\/\/cgm.riobranco.ac.gov.br\/lai\/wp-content\/uploads\/2013\/11\/DECRETO-N\u00ba-165-2014-Regulamenta-o-regime-de-substitui\u00e7\u00e3o-tributaria-do-ISSQN.pdf\" target=\"_blank\">DECRETO N\u00ba 165 DE 12 DE FEVEREIRO DE 2014<\/a><\/strong><\/p>\n<p style=\"text-align: justify;\">\u201cRegulamenta o regime de substitui\u00e7\u00e3o tribut\u00e1ria do Imposto Sobre Servi\u00e7os de Qualquer Natureza \u2013 ISSQN, institu\u00eddo pela Lei Complementar n\u00b0 03, de 17 de setembro de 2013.\u201d<\/p>\n<hr \/>\n<p style=\"text-align: justify;\"><strong><a href=\"https:\/\/cgm.riobranco.ac.gov.br\/lai\/wp-content\/uploads\/2013\/11\/DECRETO-N\u00ba-2232-2013-Regulamenta-o-ISSQN.pdf\" target=\"_blank\">DECRETO N\u00ba 2.232 DE 16 DE DEZEMBRO DE 2013<\/a><\/strong><\/p>\n<p style=\"text-align: justify;\">\u201cRegulamenta o regime de substitui\u00e7\u00e3o tribut\u00e1ria do Imposto Sobre Servi\u00e7os de Qualquer Natureza \u2013 ISSQN, institu\u00eddo pela Lei Complementar n\u00b0 03, de 17 de setembro de 2013.\u201d<\/p>\n<p><strong><a href=\"https:\/\/cgm.riobranco.ac.gov.br\/lai\/wp-content\/uploads\/images\/ARQUIVOS\/24_Legisla%C3%A7%C3%A3o\/LEIS%20COMPLEMENTARES\/LEI%20COMPLEMENTAR%20N%C2%BA%2004%20DE%2016.10.2013%20-%20Isen%C3%A7%C3%A3o%20Condicionada%20do%20ISSQN%20as%20empresas%20de%20Transporte%20Coletivo.pdf\" target=\"_blank\">LEI COMPLEMENTAR N\u00ba 04 DE 16 DE OUTUBRO DE 2013<\/a>\u00a0<\/strong><span style=\"color: #ff0000;\">(Alterada pela\u00a0LEI COMPLEMENTAR N\u00ba 10 DE 10 DE JUNHO DE 2014)<\/span><\/p>\n<p>\u201cConcede isen\u00e7\u00e3o condicionada do Imposto sobre Servi\u00e7os de Qualquer Natureza \u2013 ISSQN e da outorga \u00e0s empresas de transporte coletivo.\u201d<\/p>\n<p><strong><a href=\"https:\/\/cgm.riobranco.ac.gov.br\/lai\/wp-content\/uploads\/images\/ARQUIVOS\/24_Legisla%C3%A7%C3%A3o\/LEIS%20COMPLEMENTARES\/LEI%20COMPLEMENTAR%20N%C2%BA%2003%20DE%2017.09.2013%20-%20Institui%20a%20substitui%C3%A7%C3%A3o%20tribut%C3%A1ria%20para%20o%20ISSQN%20-%20CTN.pdf\" target=\"_blank\">LEI COMPLEMENTAR N\u00ba 03 DE 17 DE SETEMBRO DE 2013<\/a>\u00a0<\/strong><span style=\"color: #ff0000;\">(Alterada pela\u00a0LEI COMPLEMENTAR N\u00ba 09 DE 19 DE MAIO DE 2014 e pela LEI COMPLEMENTAR N\u00ba 17 DE 17 DE DEZEMBRO DE 2015)<\/span><\/p>\n<p>\u201cInstitui a substitui\u00e7\u00e3o tribut\u00e1ria para o ISSQN, prevista no artigo 128 do C\u00f3digo Tribut\u00e1rio Nacional e artigo 59, \u00a7 1\u00ba do C\u00f3digo Tribut\u00e1rio Municipal.\u201d<\/p>\n<hr \/>\n<p><strong><a href=\"https:\/\/cgm.riobranco.ac.gov.br\/lai\/wp-content\/uploads\/2013\/11\/2012-LEI-N\u00ba-1.891-de-27.03.2012-Lei-de-Isen\u00e7\u00e3o-de-Impostos-devido-a-Calamidade-Publica.pdf\" target=\"_blank\">LEI N\u00ba 1.891 DE 27 DE MAR\u00c7O DE 2012<\/a><\/strong><\/p>\n<p>\u201cDisp\u00f5e sobre isen\u00e7\u00e3o do Imposto Sobre Servi\u00e7os de Qualquer Natureza &#8211; ISSQN e remiss\u00e3o do Imposto sobre a Propriedade Predial e Territorial Urbana &#8211; IPTU e sobre a Taxa de Remo\u00e7\u00e3o de Res\u00edduos S\u00f3lidos e Entulhos, aos prestadores de servi\u00e7os e propriet\u00e1rios de im\u00f3veis prejudicados por Calamidade P\u00fablica, e d\u00e1 outras provid\u00eancias.\u201d<\/p>\n<hr \/>\n<p><strong><a href=\"\/lai\/wp-content\/uploads\/images\/ARQUIVOS\/24_Legisla\u00e7\u00e3o\/DECRETOS\/Decreto_N_2525_de_26.05.2011_-_Regulamenta_a_reteno_de_Impostos_sobre_servios_de_qualquer_natureza_-_ISSQN.pdf\" target=\"_blank\">DECRETO N\u00ba 2.525, DE 26 DE MAIO DE 2011<\/a><\/strong><\/p>\n<p style=\"text-align: justify;\">&#8220;Regulamenta a reten\u00e7\u00e3o do Imposto Sobre Servi\u00e7os de Qualquer Natureza &#8211; ISSQN, prevista no art. 61 da Lei n\u00ba 1.508, de 08 de dezembro de 2003 e d\u00e1 outras provid\u00eancias.&#8221;<\/p>\n","protected":false},"excerpt":{"rendered":"<p>SEFIN &#8211; RELA\u00c7\u00c3O DE SERVI\u00c7OS E ALIQUOTAS DECRETO N\u00ba 339 DE 15 DE MAR\u00c7O DE 2024 \u201cDisp\u00f5e sobre a prorroga\u00e7\u00e3o dos prazos para o pagamento do Imposto sobre a Propriedade Predial e Territorial Urbana \u2013 IPTU, do Imposto Sobre Servi\u00e7o de Qualquer Natureza \u2013 ISSQN e da Taxa de Alvar\u00e1 de Funcionamento referente ao exerc\u00edcio [&hellip;]<\/p>\n","protected":false},"author":2,"featured_media":0,"parent":20,"menu_order":22,"comment_status":"open","ping_status":"open","template":"","meta":{"footnotes":""},"class_list":["post-266","page","type-page","status-publish","hentry"],"_links":{"self":[{"href":"https:\/\/cgm.riobranco.ac.gov.br\/lai\/wp-json\/wp\/v2\/pages\/266","targetHints":{"allow":["GET"]}}],"collection":[{"href":"https:\/\/cgm.riobranco.ac.gov.br\/lai\/wp-json\/wp\/v2\/pages"}],"about":[{"href":"https:\/\/cgm.riobranco.ac.gov.br\/lai\/wp-json\/wp\/v2\/types\/page"}],"author":[{"embeddable":true,"href":"https:\/\/cgm.riobranco.ac.gov.br\/lai\/wp-json\/wp\/v2\/users\/2"}],"replies":[{"embeddable":true,"href":"https:\/\/cgm.riobranco.ac.gov.br\/lai\/wp-json\/wp\/v2\/comments?post=266"}],"version-history":[{"count":54,"href":"https:\/\/cgm.riobranco.ac.gov.br\/lai\/wp-json\/wp\/v2\/pages\/266\/revisions"}],"predecessor-version":[{"id":5756,"href":"https:\/\/cgm.riobranco.ac.gov.br\/lai\/wp-json\/wp\/v2\/pages\/266\/revisions\/5756"}],"up":[{"embeddable":true,"href":"https:\/\/cgm.riobranco.ac.gov.br\/lai\/wp-json\/wp\/v2\/pages\/20"}],"wp:attachment":[{"href":"https:\/\/cgm.riobranco.ac.gov.br\/lai\/wp-json\/wp\/v2\/media?parent=266"}],"curies":[{"name":"wp","href":"https:\/\/api.w.org\/{rel}","templated":true}]}}