{"id":268,"date":"2013-11-14T15:52:44","date_gmt":"2013-11-14T15:52:44","guid":{"rendered":"http:\/\/portalcgm.riobranco.ac.gov.br\/lai\/horario-das-aulas-da-rede-de-ensino-municipal-a-partir-de-18-11-2013\/"},"modified":"2023-07-21T15:29:09","modified_gmt":"2023-07-21T20:29:09","slug":"horario-das-aulas-da-rede-de-ensino-municipal-a-partir-de-18-11-2013","status":"publish","type":"page","link":"https:\/\/cgm.riobranco.ac.gov.br\/lai\/orientacoes\/horario-das-aulas-da-rede-de-ensino-municipal-a-partir-de-18-11-2013\/","title":{"rendered":"Hor\u00e1rio das Aulas da Rede de Ensino Municipal, a partir de 18\/11\/2013"},"content":{"rendered":"<hr \/>\n<p style=\"text-align: justify;\">O <strong>Colegiado de Diretores de Escolas P\u00fablicas (CODEP)<\/strong>, juntamente com o <strong>Conselho Escolar<\/strong> decidiu nesta ter\u00e7a-feira, 12, que as aulas nas escolas da rede municipal de ensino de Rio Branco come\u00e7am a partir da pr\u00f3xima semana, \u00e0s 7h e se encerraram, no turno da manh\u00e3, \u00e0s 11h. \u00c0 tarde, come\u00e7ar\u00e3o \u00e0s 13h e terminar\u00e3o \u00e0s 17h.<\/p>\n<p style=\"text-align: justify;\">\u00a0\u201cA medida passa a vigorar j\u00e1 na pr\u00f3xima segunda-feira, dia 18, em cumprimento \u00e0 decis\u00e3o do povo do Acre\u201d, disse o secret\u00e1rio de Educa\u00e7\u00e3o, M\u00e1rcio Batista.<\/p>\n<p style=\"text-align: justify;\">\u00a0A presidente do CODEP, V\u00f4mea Ara\u00fajo, lembrou que muitos transtornos ocorreram nas escolas com a mudan\u00e7a de hor\u00e1rio. A hora do Acre teve seu fuso restabelecido atrav\u00e9s de lei federal sancionada pela Presidenta Dilma Rousseff. Assim, os rel\u00f3gios voltaram a marcar duas horas a menos que o hor\u00e1rio de Bras\u00edlia.<\/p>\n<p style=\"text-align: justify;\">\u00a0\u201cOcorreram problemas e as crian\u00e7as n\u00e3o podem ficar prejudicadas\u201d, disse V\u00f4mea Ara\u00fajo.<\/p>\n<p style=\"text-align: justify;\">\u00a0As escolas rurais sempre funcionaram com hor\u00e1rio diferenciado por conta do transporte e devem manter essa rotina.<\/p>\n","protected":false},"excerpt":{"rendered":"<p>O Colegiado de Diretores de Escolas P\u00fablicas (CODEP), juntamente com o Conselho Escolar decidiu nesta ter\u00e7a-feira, 12, que as aulas nas escolas da rede municipal de ensino de Rio Branco come\u00e7am a partir da pr\u00f3xima semana, \u00e0s 7h e se encerraram, no turno da manh\u00e3, \u00e0s 11h. \u00c0 tarde, come\u00e7ar\u00e3o \u00e0s 13h e terminar\u00e3o \u00e0s [&hellip;]<\/p>\n","protected":false},"author":2,"featured_media":0,"parent":20,"menu_order":20,"comment_status":"open","ping_status":"open","template":"","meta":{"footnotes":""},"class_list":["post-268","page","type-page","status-publish","hentry"],"_links":{"self":[{"href":"https:\/\/cgm.riobranco.ac.gov.br\/lai\/wp-json\/wp\/v2\/pages\/268","targetHints":{"allow":["GET"]}}],"collection":[{"href":"https:\/\/cgm.riobranco.ac.gov.br\/lai\/wp-json\/wp\/v2\/pages"}],"about":[{"href":"https:\/\/cgm.riobranco.ac.gov.br\/lai\/wp-json\/wp\/v2\/types\/page"}],"author":[{"embeddable":true,"href":"https:\/\/cgm.riobranco.ac.gov.br\/lai\/wp-json\/wp\/v2\/users\/2"}],"replies":[{"embeddable":true,"href":"https:\/\/cgm.riobranco.ac.gov.br\/lai\/wp-json\/wp\/v2\/comments?post=268"}],"version-history":[{"count":4,"href":"https:\/\/cgm.riobranco.ac.gov.br\/lai\/wp-json\/wp\/v2\/pages\/268\/revisions"}],"predecessor-version":[{"id":803,"href":"https:\/\/cgm.riobranco.ac.gov.br\/lai\/wp-json\/wp\/v2\/pages\/268\/revisions\/803"}],"up":[{"embeddable":true,"href":"https:\/\/cgm.riobranco.ac.gov.br\/lai\/wp-json\/wp\/v2\/pages\/20"}],"wp:attachment":[{"href":"https:\/\/cgm.riobranco.ac.gov.br\/lai\/wp-json\/wp\/v2\/media?parent=268"}],"curies":[{"name":"wp","href":"https:\/\/api.w.org\/{rel}","templated":true}]}}