{"id":271,"date":"2014-01-07T04:20:40","date_gmt":"2014-01-07T04:20:40","guid":{"rendered":"http:\/\/portalcgm.riobranco.ac.gov.br\/lai\/nota-fiscal-de-servicos-eletronicas\/"},"modified":"2023-07-21T15:31:01","modified_gmt":"2023-07-21T20:31:01","slug":"nota-fiscal-de-servicos-eletronicas","status":"publish","type":"page","link":"https:\/\/cgm.riobranco.ac.gov.br\/lai\/orientacoes\/nota-fiscal-de-servicos-eletronicas\/","title":{"rendered":"Nota Fiscal Eletr\u00f4nica &#8211; NF-e"},"content":{"rendered":"<hr \/>\n<p style=\"text-align: justify;\"><strong><a href=\"https:\/\/cgm.riobranco.ac.gov.br\/lai\/wp-content\/uploads\/2014\/01\/2017-SEFIN-IN-N\u00ba-004-2017-Nota-Fiscal-Eletr\u00f4nica-NF-e-DOE.pdf\" target=\"_blank\">SEFIN INSTRU\u00c7\u00c3O NORMATIVA N\u00ba 004\/2017<\/a><\/strong>\u00a0&#8211; DOE<\/p>\n<p style=\"text-align: justify;\">\u201cDisciplina as regras aplic\u00e1veis ao setor de servi\u00e7os de registros p\u00fablicos, cartor\u00e1rios e notariais, a fim de facilitar a apura\u00e7\u00e3o, constitui\u00e7\u00e3o e declara\u00e7\u00e3o do cr\u00e9dito tribut\u00e1rio devido ao Munic\u00edpio de Rio Branco\/Acre e possibilitar o cumprimento dos requisitos para ades\u00e3o e emiss\u00e3o da Nota Fiscal Eletr\u00f4nica \u2013 NFS-e.\u201d<\/p>\n<p style=\"text-align: justify;\"><strong><a href=\"\/lai\/wp-content\/uploads\/images\/ARQUIVOS\/24_Legisla\u00e7\u00e3o\/DECRETOS\/DECRETO%20N\u00ba%20056-2015%20-%20Prorroga\u00e7\u00e3o%20da%20Nota%20Fiscal%20Eletr\u00f4nica%20-%20NFE.pdf\" target=\"_blank\">DECRETO N\u00ba 056 DE 15 DE JANEIRO DE 2015<\/a><\/strong><\/p>\n<p style=\"text-align: justify;\"><span style=\"font-family: Arial, sans-serif;\">&#8220;Art. 1\u00ba<\/span><span style=\"font-family: Arial, sans-serif;\"> Fica prorrogado para o dia 27 de fevereiro de 2015 o prazo final para todos os prestadores de servi\u00e7os obrigados e emitir Nota Fiscal de Servi\u00e7os Eletr\u00f4nica &#8211; NFS-e.&#8221;<\/span><\/p>\n<p style=\"text-align: justify;\"><strong><a href=\"\/lai\/wp-content\/uploads\/images\/ARQUIVOS\/24_Legisla\u00e7\u00e3o\/Portaria_n\u00ba_002-2014_Tornar_obrigat\u00f3ria_a_emiss\u00e3o_de_NFS-e.pdf\" target=\"_blank\">PORTARIA N\u00ba 002 DE 6 DE JANEIRO DE 2014<\/a><\/strong><\/p>\n<p style=\"text-align: justify;\">&#8220;Tornar obrigat\u00f3ria a emiss\u00e3o de NFS-e para os prestadores dos servi\u00e7os que tenham suas atividades enquadradas nos itens e subitens da lista de servi\u00e7o do ANEXO I desta Portaria&#8230;&#8221;<\/p>\n<p style=\"text-align: justify;\"><strong><a href=\"\/lai\/wp-content\/uploads\/images\/ARQUIVOS\/24_Legisla\u00e7\u00e3o\/DECRETOS\/DECRETO_N\u00ba_2.248_DE_18.12.2013_-_Nota_Fiscal_Eletronica_-_NFS-e.pdf\" target=\"_blank\">DECRETO N\u00ba 2.248 DE 18 DE DEZEMBRO DE 2013<\/a>\u00a0<\/strong><\/p>\n<p style=\"text-align: justify;\">&#8220;Regulamenta o disposto na Lei Municipal n\u00ba 2.025, de 13 de dezembro de 2013, instituindo a Nota Fiscal de Servi\u00e7o Eletr\u00f4nica \u2013 NFS-e e o Recibo Provis\u00f3rio de Servi\u00e7o \u2013 RPS e d\u00e1 outras provid\u00eancias.\u201d<\/p>\n<p style=\"text-align: justify;\"><strong><a href=\"\/lai\/wp-content\/uploads\/images\/ARQUIVOS\/24_Legisla\u00e7\u00e3o\/LEIS\/LEI_N\u00ba_2.025_DE_13.12.2013_-_Institui_Nota_Fiscal_Eletr\u00f4nica_NFS-e.pdf\" target=\"_blank\">LEI N\u00b0 2.025 DE 13 DE DEZEMBRO DE 2013<\/a>\u00a0<\/strong><\/p>\n<p style=\"text-align: justify;\">\u201cInstitui a Nota Fiscal de Servi\u00e7os eletr\u00f4nica \u2013 NFS-e e d\u00e1 outras provid\u00eancias.\u201d<\/p>\n","protected":false},"excerpt":{"rendered":"<p>SEFIN INSTRU\u00c7\u00c3O NORMATIVA N\u00ba 004\/2017\u00a0&#8211; DOE \u201cDisciplina as regras aplic\u00e1veis ao setor de servi\u00e7os de registros p\u00fablicos, cartor\u00e1rios e notariais, a fim de facilitar a apura\u00e7\u00e3o, constitui\u00e7\u00e3o e declara\u00e7\u00e3o do cr\u00e9dito tribut\u00e1rio devido ao Munic\u00edpio de Rio Branco\/Acre e possibilitar o cumprimento dos requisitos para ades\u00e3o e emiss\u00e3o da Nota Fiscal Eletr\u00f4nica \u2013 NFS-e.\u201d DECRETO [&hellip;]<\/p>\n","protected":false},"author":2,"featured_media":0,"parent":20,"menu_order":27,"comment_status":"open","ping_status":"open","template":"","meta":{"footnotes":""},"class_list":["post-271","page","type-page","status-publish","hentry"],"_links":{"self":[{"href":"https:\/\/cgm.riobranco.ac.gov.br\/lai\/wp-json\/wp\/v2\/pages\/271","targetHints":{"allow":["GET"]}}],"collection":[{"href":"https:\/\/cgm.riobranco.ac.gov.br\/lai\/wp-json\/wp\/v2\/pages"}],"about":[{"href":"https:\/\/cgm.riobranco.ac.gov.br\/lai\/wp-json\/wp\/v2\/types\/page"}],"author":[{"embeddable":true,"href":"https:\/\/cgm.riobranco.ac.gov.br\/lai\/wp-json\/wp\/v2\/users\/2"}],"replies":[{"embeddable":true,"href":"https:\/\/cgm.riobranco.ac.gov.br\/lai\/wp-json\/wp\/v2\/comments?post=271"}],"version-history":[{"count":9,"href":"https:\/\/cgm.riobranco.ac.gov.br\/lai\/wp-json\/wp\/v2\/pages\/271\/revisions"}],"predecessor-version":[{"id":4861,"href":"https:\/\/cgm.riobranco.ac.gov.br\/lai\/wp-json\/wp\/v2\/pages\/271\/revisions\/4861"}],"up":[{"embeddable":true,"href":"https:\/\/cgm.riobranco.ac.gov.br\/lai\/wp-json\/wp\/v2\/pages\/20"}],"wp:attachment":[{"href":"https:\/\/cgm.riobranco.ac.gov.br\/lai\/wp-json\/wp\/v2\/media?parent=271"}],"curies":[{"name":"wp","href":"https:\/\/api.w.org\/{rel}","templated":true}]}}