{"id":279,"date":"2014-07-25T14:27:54","date_gmt":"2014-07-25T14:27:54","guid":{"rendered":"http:\/\/portalcgm.riobranco.ac.gov.br\/lai\/iptu-em-dia-da-premios\/"},"modified":"2023-07-21T15:29:34","modified_gmt":"2023-07-21T20:29:34","slug":"iptu-em-dia-da-premios","status":"publish","type":"page","link":"https:\/\/cgm.riobranco.ac.gov.br\/lai\/orientacoes\/iptu-em-dia-da-premios\/","title":{"rendered":"IPTU EM DIA D\u00c1 PR\u00caMIOS"},"content":{"rendered":"<hr \/>\n<p style=\"text-align: justify;\"><strong><a href=\"https:\/\/cgm.riobranco.ac.gov.br\/lai\/wp-content\/uploads\/2014\/07\/SEFIN-PORTARIA-N\u00ba-015-2023-IPTU-em-dia-da-Pr\u00eamios-DOE.pdf\" target=\"_blank\">SEFIN &#8211; PORTARIA N\u00ba 15, DE 18 DE MAIO DE 2023<\/a><\/strong>\u00a0&#8211; DOE<\/p>\n<p style=\"text-align: justify;\">\u201cDisp\u00f5e sobre o cronograma do sorteio de pr\u00eamios da Campanha Municipal de Arrecada\u00e7\u00e3o IPTU EM DIA D\u00c1 PR\u00caMIOS para o<br \/>\nexerc\u00edcio 2023.\u201d<\/p>\n<h4 style=\"text-align: justify;\"><a href=\"https:\/\/cgm.riobranco.ac.gov.br\/lai\/wp-content\/uploads\/2014\/07\/DECRETO-N\u00ba-758-2019-Altera-o-Dec.-n\u00ba-1.146-2014-IPTU-EM-DIA-D\u00c1-PR\u00caMIOS.pdf\" target=\"_blank\">DECRETO N\u00ba 758 DE 19 DE MAR\u00c7O DE 2019<\/a><\/h4>\n<p>\u201cAltera o Decreto n\u00ba. 1.146 de 18 de setembro de 2014, que regulamenta a Lei Municipal n\u00ba. 2.064 de 10 de Junho de 2014, que autoriza o Poder Executivo Municipal a realizar a Campanha Municipal de Arrecada\u00e7\u00e3o referente ao IPTU, intitulada por IPTU EM DIA D\u00c1 PR\u00caMIOS, e d\u00e1 outras provid\u00eancias.\u201d<\/p>\n<h4 style=\"text-align: justify;\"><a href=\"https:\/\/cgm.riobranco.ac.gov.br\/lai\/wp-content\/uploads\/2014\/07\/DECRETO-N\u00ba-757-2019-Lan\u00e7amento-da-campanha-IPTU-EM-DIA-D\u00c1-PR\u00caMIOS.pdf\" target=\"_blank\">DECRETO N\u00ba 757 DE 19 DE MAR\u00c7O DE 2019<\/a><\/h4>\n<p>\u201cDisp\u00f5e sobre o Lan\u00e7amento da Campanha Municipal de Arrecada\u00e7\u00e3o IPTU EM DIA D\u00c1 PR\u00caMIOS no exerc\u00edcio 2019 e institui a Comiss\u00e3o Organizadora e Fiscalizadora desta campanha.\u201d<\/p>\n<h4 style=\"text-align: justify;\"><a href=\"https:\/\/cgm.riobranco.ac.gov.br\/lai\/wp-content\/uploads\/2014\/07\/DECRETO-N\u00ba-826-2017-Campanha-de-Arrecada\u00e7\u00e3o-Municipal-IPTU-EM-DIA-D\u00c1-PR\u00caMIOS.pdf\">DECRETO N\u00ba 826 DE 09 DE MAR\u00c7O DE 2017<\/a><\/h4>\n<p>\u201cLan\u00e7amento da Campanha de Arrecada\u00e7\u00e3o Municipal \u2018IPTU EM DIA D\u00c1 PR\u00caMIOS\u2019 do ano de 2017.\u201d<\/p>\n<h4 style=\"text-align: justify;\"><a href=\"https:\/\/cgm.riobranco.ac.gov.br\/lai\/wp-content\/uploads\/2014\/07\/DECRETO-N\u00ba-700-2016-Revogar-Decreto-n.-1.241-2016-IPTU-em-dias-da-pr\u00eamios.pdf\" target=\"_blank\">DECRETO N\u00ba 700 DE 24 DE AGOSTO DE 2016<\/a><\/h4>\n<p>&#8220;Revogar o Decreto n\u00ba 1.241 de 26 de novembro de 2015&#8221;.<\/p>\n<h4 style=\"text-align: justify;\"><a href=\"https:\/\/cgm.riobranco.ac.gov.br\/lai\/wp-content\/uploads\/2014\/07\/DECRETO-N\u00ba-1241-2015-Campanha-IPTU-em-Dia-d\u00e1-Pr\u00eamios.pdf\" target=\"_blank\">DECRETO N\u00ba 1.241 DE 26 DE NOVEMBRO DE 2015<\/a><\/h4>\n<p style=\"text-align: justify;\">\u201cLan\u00e7amento da Campanha de Arrecada\u00e7\u00e3o Municipal \u2018IPTU EM DIA D\u00c1 PR\u00caMIOS\u2019 do ano de 2015 conforme disp\u00f5e a Lei Municipal n\u00b0 2.064, de 10 de julho de 2014 e Decreto n\u00b0 1.146, de 18 de setembro de 2014 e d\u00e1 outras provid\u00eancias.\u201d<\/p>\n<h4 style=\"text-align: justify;\"><a href=\"https:\/\/cgm.riobranco.ac.gov.br\/lai\/wp-content\/uploads\/2014\/07\/DECRETO-N\u00ba-231-2015-Prorroga-homologa\u00e7\u00e3o-IPTU-em-dia-d\u00e1-pr\u00eamios.pdf\" target=\"_blank\">DECRETO N\u00b0 231 DE 13 DE MAR\u00c7O DE 2015<\/a><\/h4>\n<p style=\"text-align: justify;\">Prorrogar, excepcionalmente, por 60 (sessenta) dias, o prazo para homologa\u00e7\u00e3o da Campanha Municipal de Arrecada\u00e7\u00e3o \u201cIPTU em dia d\u00e1 pr\u00eamios\u201d.<\/p>\n<h4 style=\"text-align: justify;\"><a href=\"https:\/\/cgm.riobranco.ac.gov.br\/lai\/wp-content\/uploads\/2014\/07\/DECRETO-N\u00ba-1146-2014-Regula-a-Lei-N\u00ba-2.064-2014-IPTU-D\u00c1-PREMIOS.pdf\" target=\"_blank\">DECRETO N\u00ba 1.146, DE 18 DE SETEMBRO DE 2014<\/a><\/h4>\n<p style=\"text-align: justify;\">\u201cRegulamenta a Lei Municipal n\u00ba 2.064, de 10 de Junho de 2014, que autoriza o Poder Executivo Municipal a Realizar a Campanha Municipal de Arrecada\u00e7\u00e3o referente ao IPTU, intitulada por \u201cIPTU EM DIA D\u00c1 PR\u00caMIOS\u201d, como meio de melhorar a arrecada\u00e7\u00e3o do Imposto Predial e Territorial Urbano \u2013 IPTU\u201d.<\/p>\n<h4 style=\"text-align: justify;\"><a href=\"https:\/\/cgm.riobranco.ac.gov.br\/lai\/wp-content\/uploads\/2014\/07\/DECRETO-N\u00ba-1433-2014-IPTU-DA-PREMIOS-2014-Comiss\u00e3o.pdf\" target=\"_blank\">DECRETO N\u00ba 1.433 DE 09 DE DEZEMBRO DE 2014<\/a><\/h4>\n<p style=\"text-align: justify;\">\u201cLan\u00e7amento da Campanha de Arrecada\u00e7\u00e3o Municipal \u2018IPTU EM DIA D\u00c1 PR\u00caMIOS\u2019 conforme disp\u00f5e a Lei Municipal n\u00b0 2.064, de 10 de julho de 2014 e Decreto n\u00b0 1.146, de 18 de setembro de 2014 e d\u00e1 outras provid\u00eancias.\u201d<\/p>\n<h4 style=\"text-align: justify;\"><a href=\"https:\/\/cgm.riobranco.ac.gov.br\/lai\/wp-content\/uploads\/2014\/07\/4-LEI-N\u00ba-2.064-DE-10-DE-JUNHO-DE-2014.pdf\" target=\"_blank\">LEI N\u00ba 2.064 DE 10 DE JULHO DE 2014<\/a><\/h4>\n<p style=\"text-align: justify;\">\u201cAutoriza o Poder Executivo Municipal a Realizar a Campanha Municipal de Arrecada\u00e7\u00e3o referente ao IPTU, intitulada por \u201cIPTU EM DIA D\u00c1 PR\u00caMIOS\u201d, como meio de melhorar a arrecada\u00e7\u00e3o do Imposto Predial e Territorial Urbano \u2013 IPTU, e d\u00e1 outras provid\u00eancias\u201d.<\/p>\n<h4 style=\"text-align: justify;\"><a href=\"https:\/\/cgm.riobranco.ac.gov.br\/lai\/wp-content\/uploads\/2014\/07\/DECRETO-N\u00ba-2214-2013-Regulamenta-a-Campanha-IPTU-DA-PREMIOS.pdf\" target=\"_blank\">DECRETO N\u00ba 2.214 DE 10 DEZEMBRO DE 2013<\/a><\/h4>\n<p style=\"text-align: justify;\">\u201cRegulamenta a Campanha denominada \u2018IPTU EM DIA D\u00c1 PR\u00caMIOS\u2019 conforme disp\u00f5e a Lei Municipal n\u00ba 1.962, de 20 de Fevereiro de 2013 e d\u00e1 outras provid\u00eancias.\u201d<\/p>\n<h4 style=\"text-align: justify;\"><a href=\"https:\/\/cgm.riobranco.ac.gov.br\/lai\/wp-content\/uploads\/2014\/07\/DECRETO-N\u00ba-2036-2013-Regulamenta-a-Campanha-IPTU-DA-PREMIOS.pdf\" target=\"_blank\">DECRETO N\u00ba 2.036 DE 13 NOVEMBRO DE 2013<\/a><\/h4>\n<p style=\"text-align: justify;\">\u201cRegulamenta a Campanha denominada \u2018IPTU EM DIA D\u00c1 PR\u00caMIOS\u2019 conforme disp\u00f5e a Lei Municipal n\u00ba 1.962, de 20 de Fevereiro de 2013 e d\u00e1 outras provid\u00eancias.\u201d<\/p>\n<h4 style=\"text-align: justify;\"><a href=\"https:\/\/cgm.riobranco.ac.gov.br\/lai\/wp-content\/uploads\/2014\/07\/LEI-N\u00ba-1.962-DE-20-DE-FEVEREIRO-DE-2013.pdf\" target=\"_blank\">LEI N\u00ba 1.962 DE 20 DE FEVEREIRO DE 2013<\/a><\/h4>\n<p style=\"text-align: justify;\">\u201cDisp\u00f5e sobre autoriza\u00e7\u00e3o Legislativa, para Realizar Campanha Municipal de Arrecada\u00e7\u00e3o referente ao IPTU, atrav\u00e9s do concurso \u201cIPTU em dia d\u00e1 pr\u00eamios\u201d, como meio de melhorar a arrecada\u00e7\u00e3o de Tributos Municipais, e d\u00e1 outras provid\u00eancias.\u2019\u2019<\/p>\n","protected":false},"excerpt":{"rendered":"<p>SEFIN &#8211; PORTARIA N\u00ba 15, DE 18 DE MAIO DE 2023\u00a0&#8211; DOE \u201cDisp\u00f5e sobre o cronograma do sorteio de pr\u00eamios da Campanha Municipal de Arrecada\u00e7\u00e3o IPTU EM DIA D\u00c1 PR\u00caMIOS para o exerc\u00edcio 2023.\u201d DECRETO N\u00ba 758 DE 19 DE MAR\u00c7O DE 2019 \u201cAltera o Decreto n\u00ba. 1.146 de 18 de setembro de 2014, que [&hellip;]<\/p>\n","protected":false},"author":2,"featured_media":0,"parent":20,"menu_order":23,"comment_status":"open","ping_status":"open","template":"","meta":{"footnotes":""},"class_list":["post-279","page","type-page","status-publish","hentry"],"_links":{"self":[{"href":"https:\/\/cgm.riobranco.ac.gov.br\/lai\/wp-json\/wp\/v2\/pages\/279","targetHints":{"allow":["GET"]}}],"collection":[{"href":"https:\/\/cgm.riobranco.ac.gov.br\/lai\/wp-json\/wp\/v2\/pages"}],"about":[{"href":"https:\/\/cgm.riobranco.ac.gov.br\/lai\/wp-json\/wp\/v2\/types\/page"}],"author":[{"embeddable":true,"href":"https:\/\/cgm.riobranco.ac.gov.br\/lai\/wp-json\/wp\/v2\/users\/2"}],"replies":[{"embeddable":true,"href":"https:\/\/cgm.riobranco.ac.gov.br\/lai\/wp-json\/wp\/v2\/comments?post=279"}],"version-history":[{"count":14,"href":"https:\/\/cgm.riobranco.ac.gov.br\/lai\/wp-json\/wp\/v2\/pages\/279\/revisions"}],"predecessor-version":[{"id":4449,"href":"https:\/\/cgm.riobranco.ac.gov.br\/lai\/wp-json\/wp\/v2\/pages\/279\/revisions\/4449"}],"up":[{"embeddable":true,"href":"https:\/\/cgm.riobranco.ac.gov.br\/lai\/wp-json\/wp\/v2\/pages\/20"}],"wp:attachment":[{"href":"https:\/\/cgm.riobranco.ac.gov.br\/lai\/wp-json\/wp\/v2\/media?parent=279"}],"curies":[{"name":"wp","href":"https:\/\/api.w.org\/{rel}","templated":true}]}}