{"id":280,"date":"2014-08-03T20:34:35","date_gmt":"2014-08-03T20:34:35","guid":{"rendered":"http:\/\/portalcgm.riobranco.ac.gov.br\/lai\/planta-generica-de-valores-do-municipio-de-rio-branco\/"},"modified":"2023-07-21T15:32:15","modified_gmt":"2023-07-21T20:32:15","slug":"planta-generica-de-valores-do-municipio-de-rio-branco","status":"publish","type":"page","link":"https:\/\/cgm.riobranco.ac.gov.br\/lai\/orientacoes\/planta-generica-de-valores-do-municipio-de-rio-branco\/","title":{"rendered":"Planta Gen\u00e9rica de Valores do Munic\u00edpio de Rio Branco"},"content":{"rendered":"<hr \/>\n<p><strong><a href=\"https:\/\/cgm.riobranco.ac.gov.br\/lai\/wp-content\/uploads\/2014\/08\/2011-LEI-N\u00ba-1.876-de-23.12.2011-Pagamento-de-Pre\u00e7o-Publico-para-emiss\u00e3o-de-Titulos.pdf\">LEI N\u00ba 1.876 DE 23 DE DEZEMBRO DE 2011<\/a><\/strong><\/p>\n<p>\u201cDisp\u00f5e sobre o pagamento de pre\u00e7o p\u00fablico para emiss\u00e3o de T\u00edtulos Definitivos e d\u00e1 outras provid\u00eancias.\u201d<\/p>\n<p style=\"text-align: justify;\"><strong><a href=\"https:\/\/cgm.riobranco.ac.gov.br\/lai\/wp-content\/uploads\/2014\/08\/2009-LEI-N\u00ba-1.761-de-04.11.2009-Pagamento-de-pre\u00e7os-publico-e-Emiss\u00e3o-de-titulos-definitivos.pdf\" target=\"_blank\">LEI N\u00ba 1.761 DE 04 DE NOVEMBRO DE 2009<\/a><\/strong><\/p>\n<p style=\"text-align: justify;\">\u201cDisp\u00f5e sobre o pagamento de pre\u00e7o p\u00fablico para emiss\u00e3o de T\u00edtulos Definitivos e d\u00e1 outras provid\u00eancias.\u201d<\/p>\n<p style=\"text-align: justify;\"><strong><a href=\"https:\/\/cgm.riobranco.ac.gov.br\/lai\/wp-content\/uploads\/2014\/08\/2005-PLANTA-GEN\u00c9RICA-DE-VALORES-DO-MUNIC\u00cdPIO-DE-RIO-BRANCO_2005_versaodef.pdf\" target=\"_blank\">LEI N.\u00ba 1.560 DE 08 DE DEZEMBRO DE 2005<\/a><\/strong><\/p>\n<p>&#8220;Planta Gen\u00e9rica de Valores do Munic\u00edpio de Rio Branco.&#8221;<\/p>\n","protected":false},"excerpt":{"rendered":"<p>LEI N\u00ba 1.876 DE 23 DE DEZEMBRO DE 2011 \u201cDisp\u00f5e sobre o pagamento de pre\u00e7o p\u00fablico para emiss\u00e3o de T\u00edtulos Definitivos e d\u00e1 outras provid\u00eancias.\u201d LEI N\u00ba 1.761 DE 04 DE NOVEMBRO DE 2009 \u201cDisp\u00f5e sobre o pagamento de pre\u00e7o p\u00fablico para emiss\u00e3o de T\u00edtulos Definitivos e d\u00e1 outras provid\u00eancias.\u201d LEI N.\u00ba 1.560 DE 08 [&hellip;]<\/p>\n","protected":false},"author":2,"featured_media":0,"parent":20,"menu_order":30,"comment_status":"open","ping_status":"open","template":"","meta":{"footnotes":""},"class_list":["post-280","page","type-page","status-publish","hentry"],"_links":{"self":[{"href":"https:\/\/cgm.riobranco.ac.gov.br\/lai\/wp-json\/wp\/v2\/pages\/280","targetHints":{"allow":["GET"]}}],"collection":[{"href":"https:\/\/cgm.riobranco.ac.gov.br\/lai\/wp-json\/wp\/v2\/pages"}],"about":[{"href":"https:\/\/cgm.riobranco.ac.gov.br\/lai\/wp-json\/wp\/v2\/types\/page"}],"author":[{"embeddable":true,"href":"https:\/\/cgm.riobranco.ac.gov.br\/lai\/wp-json\/wp\/v2\/users\/2"}],"replies":[{"embeddable":true,"href":"https:\/\/cgm.riobranco.ac.gov.br\/lai\/wp-json\/wp\/v2\/comments?post=280"}],"version-history":[{"count":14,"href":"https:\/\/cgm.riobranco.ac.gov.br\/lai\/wp-json\/wp\/v2\/pages\/280\/revisions"}],"predecessor-version":[{"id":5046,"href":"https:\/\/cgm.riobranco.ac.gov.br\/lai\/wp-json\/wp\/v2\/pages\/280\/revisions\/5046"}],"up":[{"embeddable":true,"href":"https:\/\/cgm.riobranco.ac.gov.br\/lai\/wp-json\/wp\/v2\/pages\/20"}],"wp:attachment":[{"href":"https:\/\/cgm.riobranco.ac.gov.br\/lai\/wp-json\/wp\/v2\/media?parent=280"}],"curies":[{"name":"wp","href":"https:\/\/api.w.org\/{rel}","templated":true}]}}