{"id":420,"date":"2015-04-06T03:02:42","date_gmt":"2015-04-06T03:02:42","guid":{"rendered":"http:\/\/portalcgm.riobranco.ac.gov.br\/lai\/?page_id=420"},"modified":"2015-04-13T19:38:13","modified_gmt":"2015-04-13T19:38:13","slug":"acessibilidade","status":"publish","type":"page","link":"https:\/\/cgm.riobranco.ac.gov.br\/lai\/acessibilidade\/","title":{"rendered":"Acessibilidade"},"content":{"rendered":"<p>Este site foi constru\u00eddo com a preocupa\u00e7\u00e3o de ser acess\u00edvel a todos. Pessoas com defici\u00eancia visual, por exemplo, navegam por meio de um programa instalado em seus computadores. A seguir, algumas das facilidades que o Portal de Acesso a Informa\u00e7\u00e3o\u00a0oferece:<\/p>\n<h2>Tamanho do texto<\/h2>\n<p>No topo do texto de cada p\u00e1gina, dois bot\u00f5es permitem aumentar ou diminuir o tamanho das letras.<\/p>\n<h2>Localiza\u00e7\u00e3o<\/h2>\n<p>Acima do t\u00edtulo de cada p\u00e1gina, h\u00e1 o caminho seguido para se chegar at\u00e9 elas, havendo a possibilidade de retroceder clicando nos nomes das p\u00e1ginas.<\/p>\n<h2>Usabilidade<\/h2>\n<p>Qualquer p\u00e1gina do site \u00e9 acessada com no m\u00e1ximo dois cliques.<\/p>\n","protected":false},"excerpt":{"rendered":"<p>Este site foi constru\u00eddo com a preocupa\u00e7\u00e3o de ser acess\u00edvel a todos. Pessoas com defici\u00eancia visual, por exemplo, navegam por meio de um programa instalado em seus computadores. A seguir, algumas das facilidades que o Portal de Acesso a Informa\u00e7\u00e3o\u00a0oferece: Tamanho do texto No topo do texto de cada p\u00e1gina, dois bot\u00f5es permitem aumentar ou [&hellip;]<\/p>\n","protected":false},"author":2,"featured_media":0,"parent":0,"menu_order":0,"comment_status":"open","ping_status":"open","template":"","meta":{"footnotes":""},"class_list":["post-420","page","type-page","status-publish","hentry"],"_links":{"self":[{"href":"https:\/\/cgm.riobranco.ac.gov.br\/lai\/wp-json\/wp\/v2\/pages\/420","targetHints":{"allow":["GET"]}}],"collection":[{"href":"https:\/\/cgm.riobranco.ac.gov.br\/lai\/wp-json\/wp\/v2\/pages"}],"about":[{"href":"https:\/\/cgm.riobranco.ac.gov.br\/lai\/wp-json\/wp\/v2\/types\/page"}],"author":[{"embeddable":true,"href":"https:\/\/cgm.riobranco.ac.gov.br\/lai\/wp-json\/wp\/v2\/users\/2"}],"replies":[{"embeddable":true,"href":"https:\/\/cgm.riobranco.ac.gov.br\/lai\/wp-json\/wp\/v2\/comments?post=420"}],"version-history":[{"count":3,"href":"https:\/\/cgm.riobranco.ac.gov.br\/lai\/wp-json\/wp\/v2\/pages\/420\/revisions"}],"predecessor-version":[{"id":450,"href":"https:\/\/cgm.riobranco.ac.gov.br\/lai\/wp-json\/wp\/v2\/pages\/420\/revisions\/450"}],"wp:attachment":[{"href":"https:\/\/cgm.riobranco.ac.gov.br\/lai\/wp-json\/wp\/v2\/media?parent=420"}],"curies":[{"name":"wp","href":"https:\/\/api.w.org\/{rel}","templated":true}]}}