{"id":465,"date":"2015-05-02T22:04:35","date_gmt":"2015-05-02T22:04:35","guid":{"rendered":"http:\/\/portalcgm.riobranco.ac.gov.br\/lai\/?page_id=465"},"modified":"2024-01-09T15:57:32","modified_gmt":"2024-01-09T20:57:32","slug":"comissao-especial-de-licitacao-cel-2","status":"publish","type":"page","link":"https:\/\/cgm.riobranco.ac.gov.br\/lai\/institucional\/comissao-especial-de-licitacao-cel-2\/","title":{"rendered":"COMISS\u00c3O ESPECIAL DE LICITA\u00c7\u00c3O &#8211; CEL"},"content":{"rendered":"<hr \/>\n<p style=\"text-align: justify;\">Endere\u00e7o:\u00a0Rua Alvorada, n\u00ba 411, 2\u00ba Piso \u2013 Bosque &#8211;\u00a0Cep:\u00a069.900-631<\/p>\n<p style=\"text-align: justify;\">Telefone: (68) 3211-2213<\/p>\n<p style=\"text-align: justify;\">E-mail:\u00a0cpl@riobranco.ac.gov.br<\/p>\n<p style=\"text-align: justify;\">Hor\u00e1rio de Funcionamento: 07:00 \u00e0s 14:00 (DECRETO N\u00ba 2.010 DE 20 DE DEZEMBRO DE 2023)<\/p>\n<hr \/>\n<p style=\"text-align: justify;\">Arquivos para Download<\/p>\n<p style=\"text-align: justify;\"><strong><a href=\"https:\/\/cgm.riobranco.ac.gov.br\/lai\/wp-content\/uploads\/2015\/05\/DECRETO-N\u00ba-036-2021-Institui-e-Nomeia-a-Comiss\u00e3o-Especial-de-Licita\u00e7\u00e3o-CEL.pdf\" target=\"_blank\">DECRETO N\u00ba 036 DE 07 DE JANEIRO DE 2021<\/a><\/strong><\/p>\n<p style=\"text-align: justify;\">\u201cInstitui e Nomeia a Comiss\u00e3o Especial de\u00a0Licita\u00e7\u00e3o &#8211; CEL, do Munic\u00edpio de Rio Branco e d\u00e1 outras provid\u00eancias.\u201d<\/p>\n<p style=\"text-align: justify;\"><strong><a href=\"https:\/\/cgm.riobranco.ac.gov.br\/lai\/wp-content\/uploads\/2015\/05\/DECRETO-N\u00ba-010-2020-Institui-e-Nomeia-a-Comiss\u00e3o-Especial-de-Licita\u00e7\u00e3o-CEL.pdf\" target=\"_blank\">DECRETO N\u00ba 010 DE 02 DE JANEIRO DE 2020<\/a><\/strong><\/p>\n<p style=\"text-align: justify;\">\u201cInstitui e Nomeia a Comiss\u00e3o Especial de\u00a0Licita\u00e7\u00e3o &#8211; CEL, do Munic\u00edpio de Rio Branco e d\u00e1 outras provid\u00eancias.\u201d<\/p>\n<p style=\"text-align: justify;\"><strong><a href=\"https:\/\/cgm.riobranco.ac.gov.br\/lai\/wp-content\/uploads\/2015\/05\/DECRETO-N\u00ba-008-2020-Altera-o-Decreto-n\u00b0-1.347-2018-CEL.pdf\" target=\"_blank\">DECRETO N\u00ba 008 DE 02 DE JANEIRO DE 2020<\/a><\/strong><\/p>\n<p style=\"text-align: justify;\">&#8220;Altera o Decreto n\u00b0 1.347, de 27 de\u00a0dezembro de 2018.\u201d<\/p>\n<p><strong><a href=\"https:\/\/cgm.riobranco.ac.gov.br\/lai\/wp-content\/uploads\/2015\/05\/2019-DECRETO-N\u00ba-455-2019-Altera-o-Decreto-N\u00ba-1.347-2018-CEL.pdf\" target=\"_blank\">DECRETO N\u00ba 455 DE 01 DE FEVEREIRO DE 2019<\/a><\/strong><\/p>\n<p>&#8220;Altera o Decreto n\u00b0 1.347, de 27 de dezembro de 2018.\u201d<\/p>\n<p style=\"text-align: justify;\"><strong><a href=\"https:\/\/cgm.riobranco.ac.gov.br\/lai\/wp-content\/uploads\/2015\/05\/2019-DECRETO-N\u00ba-123-2019-SEFIN-Exonerar-CEL-Priscila-Borges-de-Melo.pdf\" target=\"_blank\">DECRETO N\u00ba 123 DE 31 DE JANEIRO DE 2019<\/a><\/strong><\/p>\n<p style=\"text-align: justify;\">&#8220;Exonerar, a pedido, Priscila Borges de Melo, nomeada atrav\u00e9s do Decreto n\u00ba 1.347, de 27 de dezembro de 2018.&#8221;<\/p>\n<p style=\"text-align: justify;\"><strong><a href=\"https:\/\/cgm.riobranco.ac.gov.br\/lai\/wp-content\/uploads\/2015\/05\/DECRETO-N\u00ba-1347-2018-Institui-e-Nomeia-a-Comiss\u00e3o-Especial-de-Licita\u00e7\u00e3o-CEL.pdf\" target=\"_blank\">DECRETO N\u00ba 1.347 DE 27 DE DEZEMBRO DE 2018<\/a><\/strong><\/p>\n<p style=\"text-align: justify;\">\u201cInstitui e Nomeia a Comiss\u00e3o Especial de\u00a0Licita\u00e7\u00e3o &#8211; CEL, do Munic\u00edpio de Rio Branco e d\u00e1 outras provid\u00eancias.\u201d<\/p>\n<p style=\"text-align: justify;\"><strong><a href=\"https:\/\/cgm.riobranco.ac.gov.br\/lai\/wp-content\/uploads\/2015\/05\/DECRETO-N\u00ba-648-2018-Institui-e-Nomeia-a-Comiss\u00e3o-Especial-de-Licita\u00e7\u00e3o-CEL.pdf\" target=\"_blank\">DECRETO N\u00ba 648 DE 03 DE JULHO DE 2018<\/a><\/strong><\/p>\n<p style=\"text-align: justify;\">\u201cInstitui e Nomeia a Comiss\u00e3o Especial de Licita\u00e7\u00e3o &#8211; CEL, da Prefeitura de Rio Branco e d\u00e1 outras provid\u00eancias.\u201d<\/p>\n<p style=\"text-align: justify;\"><strong><a href=\"https:\/\/cgm.riobranco.ac.gov.br\/lai\/wp-content\/uploads\/2015\/05\/DECRETO-N\u00ba-2218-2017-Institui-e-Nomeia-a-Comiss\u00e3o-Especial-de-Licita\u00e7\u00e3o-CEL-2018.pdf\" target=\"_blank\">DECRETO N\u00ba 2.218 DE 27 DE DEZEMBRO DE 2017<\/a><\/strong><\/p>\n<p style=\"text-align: justify;\">\u201cInstitui e Nomeia a Comiss\u00e3o Especial\u00a0de Licita\u00e7\u00e3o &#8211; CEL, da Prefeitura de Rio Branco e d\u00e1 outras provid\u00eancias.\u201d<\/p>\n<p style=\"text-align: justify;\"><strong><a href=\"https:\/\/cgm.riobranco.ac.gov.br\/lai\/wp-content\/uploads\/2015\/05\/2017-DECRETO-N\u00ba-160-2017-Autoriza-o-Departamento-de-Licita\u00e7\u00e3o-para-processar-e-julgar-as-licita\u00e7\u00f5es-da-Adm.-Indireta.pdf\" target=\"_blank\">DECRETO N\u00ba 160 DE 06 DE JANEIRO DE 2017<\/a><\/strong><\/p>\n<p style=\"text-align: justify;\">&#8220;Fica autorizado ao Departamento de Licita\u00e7\u00e3o do Munic\u00edpio de Rio Branco, atrav\u00e9s da Comiss\u00e3o Permanente de Licita\u00e7\u00e3o \u2013 CPL , institu\u00edda pelo Decreto n\u00ba 040, de 02.01.2017 e da Comiss\u00e3o Especial de Licita\u00e7\u00e3o \u2013 CEL , institu\u00edda pelo Decreto n\u00ba 041, de 02.01.2017, publicados no DOE n\u00ba 11.968, de 04.01.2017, pag. 58, por este ato, processar e julgar as licita\u00e7\u00f5es da Funda\u00e7\u00e3o, Empresa P\u00fablica e Autarquias, vinculadas ao Poder Executivo Municipal, oriundas de recursos pr\u00f3prios\u00a0 e\/ou de Termos de Conv\u00eanios e Contratos firmados com entes p\u00fablicos ou privados.&#8221;<\/p>\n<p style=\"text-align: justify;\"><strong><a href=\"https:\/\/cgm.riobranco.ac.gov.br\/lai\/wp-content\/uploads\/2015\/05\/2017-DECRETO-N\u00ba-041-2017-Institui-e-Nomeia-a-Comiss\u00e3o-Especial-de-Licita\u00e7\u00e3o-CEL.pdf\" target=\"_blank\">DECRETO N\u00ba 041 DE 02 DE JANEIRO DE 2017<\/a><\/strong><\/p>\n<p style=\"text-align: justify;\">\u201cInstitui e Nomeia a Comiss\u00e3o Especial de Licita\u00e7\u00e3o &#8211; CEL, da Prefeitura de Rio Branco e d\u00e1 outras provid\u00eancias.\u201d<\/p>\n<p><strong><a href=\"https:\/\/cgm.riobranco.ac.gov.br\/lai\/wp-content\/uploads\/2015\/05\/2016-DECRETO-N\u00ba-473-2016-Altera-o-Decreto-005-2016-CEL.pdf\" target=\"_blank\">DECRETO N\u00ba 473 DE 17 DE JUNHO DE 2016<\/a><\/strong><\/p>\n<p>&#8220;Altera o Decreto n\u00b0 005 de 05 de janeiro de 2016.\u201d<\/p>\n<p style=\"text-align: justify;\"><strong><a href=\"https:\/\/cgm.riobranco.ac.gov.br\/lai\/wp-content\/uploads\/2015\/05\/2016-DECRETO-N\u00ba-005-2016-Institui-e-Nomeia-a-Comiss\u00e3o-Especial-de-Licita\u00e7\u00e3o-CEL.pdf\" target=\"_blank\">DECRETO N\u00ba 005 DE 05 DE JANEIRO DE 2016<\/a><\/strong><\/p>\n<p style=\"text-align: justify;\">\u201cInstitui e Nomeia a Comiss\u00e3o Especial de Licita\u00e7\u00e3o &#8211; CEL, da Prefeitura de Rio Branco e d\u00e1 outras provid\u00eancias.\u201d<\/p>\n<p style=\"text-align: justify;\"><strong><a href=\"https:\/\/cgm.riobranco.ac.gov.br\/lai\/wp-content\/uploads\/2015\/05\/2015-DECRETO-N\u00ba-018-2015-Institui-e-Nomeia-a-Comiss\u00e3o-Especial-de-Licita\u00e7\u00e3o-CEL.pdf\" target=\"_blank\">DECRETO N\u00ba 018 DE 02 DE JANEIRO DE 2015<\/a><\/strong><\/p>\n<p style=\"text-align: justify;\">&#8220;Institui e Nomeia a Comiss\u00e3o Especial de Licita\u00e7\u00e3o &#8211; CEL, da Prefeitura de Rio Branco e d\u00e1 outras provid\u00eancias.&#8221;<\/p>\n<p style=\"text-align: justify;\"><strong><a href=\"https:\/\/cgm.riobranco.ac.gov.br\/lai\/wp-content\/uploads\/2015\/05\/2014-DECRETO-N\u00ba-017-2014-Institui-e-Nomeia-a-Comiss\u00e3o-Especial-de-Licita\u00e7\u00e3o-CEL.pdf\" target=\"_blank\">DECRETO N\u00ba 017 DE 06 DE JANEIRO DE 2014<\/a><\/strong><\/p>\n<p style=\"text-align: justify;\">\u201cInstitui e Nomeia a Comiss\u00e3o Permanente de Licita\u00e7\u00e3o &#8211; CEL, da Prefeitura de Rio Branco e d\u00e1 outras provid\u00eancias.\u201d<\/p>\n<p style=\"text-align: justify;\"><strong><a href=\"https:\/\/cgm.riobranco.ac.gov.br\/lai\/wp-content\/uploads\/2015\/05\/DECRETO-N\u00ba-1235-2013-Institui-e-Nomeia-a-Comiss\u00e3o-Especial-de-Licita\u00e7\u00e3o-CEL.pdf\" target=\"_blank\">DECRETO N\u00ba 1.235 DE 09 DE ABRIL DE 2013<\/a><\/strong><\/p>\n<p style=\"text-align: justify;\">\u201cInstitui a Comiss\u00e3o Especial de Licita\u00e7\u00e3o \u2013 CEL, da Prefeitura de Rio Branco e d\u00e1 outras provid\u00eancias.\u201d<\/p>\n<p style=\"text-align: justify;\"><strong><a href=\"https:\/\/cgm.riobranco.ac.gov.br\/lai\/wp-content\/uploads\/2015\/05\/DECRETO-N\u00ba-204-2013-Institui-e-Nomeia-a-Comiss\u00e3o-Especial-de-Licita\u00e7\u00e3o-CEL-REP.pdf\" target=\"_blank\">DECRETO N\u00ba 204 DE 08 DE JANEIRO DE 2013<\/a><\/strong><\/p>\n<p style=\"text-align: justify;\">\u201cInstitui a Comiss\u00e3o Especial de Licita\u00e7\u00e3o \u2013 CEL, da Prefeitura de Rio Branco e d\u00e1 outras provid\u00eancias.\u201d<\/p>\n<p style=\"text-align: justify;\"><strong><a href=\"https:\/\/cgm.riobranco.ac.gov.br\/lai\/wp-content\/uploads\/2015\/05\/DECRETO-N\u00ba-3170-2012-Institui-e-Nomeia-a-Comiss\u00e3o-Especial-de-Licita\u00e7\u00e3o-CEL1.pdf\" target=\"_blank\">DECRETO N\u00ba 3.170 DE 03 DE JANEIRO DE 2012<\/a><\/strong><\/p>\n<p style=\"text-align: justify;\">\u201cInstitui a Comiss\u00e3o Especial de Licita\u00e7\u00e3o \u2013 CEL I, da Prefeitura de Rio Branco e d\u00e1 outras provid\u00eancias.\u201d<\/p>\n","protected":false},"excerpt":{"rendered":"<p>Endere\u00e7o:\u00a0Rua Alvorada, n\u00ba 411, 2\u00ba Piso \u2013 Bosque &#8211;\u00a0Cep:\u00a069.900-631 Telefone: (68) 3211-2213 E-mail:\u00a0cpl@riobranco.ac.gov.br Hor\u00e1rio de Funcionamento: 07:00 \u00e0s 14:00 (DECRETO N\u00ba 2.010 DE 20 DE DEZEMBRO DE 2023) Arquivos para Download DECRETO N\u00ba 036 DE 07 DE JANEIRO DE 2021 \u201cInstitui e Nomeia a Comiss\u00e3o Especial de\u00a0Licita\u00e7\u00e3o &#8211; CEL, do Munic\u00edpio de Rio Branco e [&hellip;]<\/p>\n","protected":false},"author":2,"featured_media":0,"parent":12,"menu_order":30,"comment_status":"open","ping_status":"open","template":"","meta":{"footnotes":""},"class_list":["post-465","page","type-page","status-publish","hentry"],"_links":{"self":[{"href":"https:\/\/cgm.riobranco.ac.gov.br\/lai\/wp-json\/wp\/v2\/pages\/465","targetHints":{"allow":["GET"]}}],"collection":[{"href":"https:\/\/cgm.riobranco.ac.gov.br\/lai\/wp-json\/wp\/v2\/pages"}],"about":[{"href":"https:\/\/cgm.riobranco.ac.gov.br\/lai\/wp-json\/wp\/v2\/types\/page"}],"author":[{"embeddable":true,"href":"https:\/\/cgm.riobranco.ac.gov.br\/lai\/wp-json\/wp\/v2\/users\/2"}],"replies":[{"embeddable":true,"href":"https:\/\/cgm.riobranco.ac.gov.br\/lai\/wp-json\/wp\/v2\/comments?post=465"}],"version-history":[{"count":30,"href":"https:\/\/cgm.riobranco.ac.gov.br\/lai\/wp-json\/wp\/v2\/pages\/465\/revisions"}],"predecessor-version":[{"id":5553,"href":"https:\/\/cgm.riobranco.ac.gov.br\/lai\/wp-json\/wp\/v2\/pages\/465\/revisions\/5553"}],"up":[{"embeddable":true,"href":"https:\/\/cgm.riobranco.ac.gov.br\/lai\/wp-json\/wp\/v2\/pages\/12"}],"wp:attachment":[{"href":"https:\/\/cgm.riobranco.ac.gov.br\/lai\/wp-json\/wp\/v2\/media?parent=465"}],"curies":[{"name":"wp","href":"https:\/\/api.w.org\/{rel}","templated":true}]}}