{"id":6,"date":"2015-02-09T22:33:50","date_gmt":"2015-02-09T22:33:50","guid":{"rendered":"http:\/\/portalcgm.riobranco.ac.gov.br\/lai\/?page_id=6"},"modified":"2015-06-08T22:17:42","modified_gmt":"2015-06-08T22:17:42","slug":"mapa-do-site","status":"publish","type":"page","link":"https:\/\/cgm.riobranco.ac.gov.br\/lai\/mapa-do-site\/","title":{"rendered":"Mapa do Site"},"content":{"rendered":"<div class=\"mapa-do-site\">\n<ul>\n<li><strong><a href=\"https:\/\/cgm.riobranco.ac.gov.br\/lai\/acessibilidade\/\">ACESSIBILIDADE<\/a><\/strong><\/li>\n<\/ul>\n<p>&nbsp;<\/p>\n<ul>\n<li><strong><a href=\"https:\/\/cgm.riobranco.ac.gov.br\/lai\/legislacao\/\">LEGISLA\u00c7\u00c3O<\/a><\/strong><\/li>\n<\/ul>\n<p>&nbsp;<\/p>\n<ul>\n<li><strong><a href=\"https:\/\/cgm.riobranco.ac.gov.br\/lai\/mapa-do-site\/\">MAPA DO SITE<\/a><\/strong><\/li>\n<\/ul>\n<p>&nbsp;<\/p>\n<ul>\n<li><strong><a href=\"https:\/\/cgm.riobranco.ac.gov.br\/lai\/glossario\/\">GLOSS\u00c1RIO<\/a><\/strong><\/li>\n<\/ul>\n<p>&nbsp;<\/p>\n<ul>\n<li><strong>INSTITUCIONAL<\/strong>\n<ul>\n<li><a href=\"https:\/\/cgm.riobranco.ac.gov.br\/lai\/institucional\/prefeito\/\">Prefeito<\/a><\/li>\n<li><a href=\"https:\/\/cgm.riobranco.ac.gov.br\/lai\/institucional\/gabinete-do-vice-prefeito\/\">Vice Prefeito<\/a><\/li>\n<li><a href=\"https:\/\/cgm.riobranco.ac.gov.br\/lai\/institucional\/gabinete-do-prefeito\/\">Gabinete do Prefeito\u00a0&#8211; GABPRE<\/a><\/li>\n<li><a href=\"https:\/\/cgm.riobranco.ac.gov.br\/lai\/institucional\/gabinete-militar\/\">Gabinete Militar &#8211; GABMIL<\/a><\/li>\n<li><a href=\"https:\/\/cgm.riobranco.ac.gov.br\/lai\/institucional\/controladoria-geral-do-municipio\/\">Controladoria-Geral do Munic\u00edpio &#8211; CGM<\/a><\/li>\n<li><a href=\"https:\/\/cgm.riobranco.ac.gov.br\/lai\/institucional\/casa-civil\/\">Secretaria Municipal da Casa Civil &#8211; SMCC<\/a><\/li>\n<li><a href=\"https:\/\/cgm.riobranco.ac.gov.br\/lai\/institucional\/coordenadoria-municipal\/\">Coordenadoria Municipal de Defesa Civil &#8211; COMDEC<\/a><\/li>\n<li><a href=\"https:\/\/cgm.riobranco.ac.gov.br\/lai\/institucional\/procuradoria-juridica\/\">Procuradoria-Geral do Munic\u00edpio &#8211; PROJURI<\/a><\/li>\n<li><a href=\"https:\/\/cgm.riobranco.ac.gov.br\/lai\/institucional\/secretaria-administracao-gestao-pessoas\/\">Secretaria Municipal de Administra\u00e7\u00e3o e Gest\u00e3o de Pessoas &#8211; SEAD<\/a><\/li>\n<li><a href=\"https:\/\/cgm.riobranco.ac.gov.br\/lai\/institucional\/secretaria-de-financas\/\">Secretaria Municipal de Desenvolvimento Econ\u00f4mico e Finan\u00e7as &#8211; SEFIN<\/a><\/li>\n<li><a href=\"https:\/\/cgm.riobranco.ac.gov.br\/lai\/institucional\/secretaria-de-planejamento\/\">Secretaria Municipal de Planejamento &#8211; SEPLAN<\/a><\/li>\n<li><a href=\"https:\/\/cgm.riobranco.ac.gov.br\/lai\/institucional\/secretaria-de-saude\/\">Secretaria Municipal de Sa\u00fade &#8211; SEMSA<\/a><\/li>\n<li><a href=\"https:\/\/cgm.riobranco.ac.gov.br\/lai\/institucional\/secretaria-de-obras-publicas\/\">Secretaria Municipal de Obras P\u00fablicas &#8211; SEOP<\/a><\/li>\n<li><a href=\"https:\/\/cgm.riobranco.ac.gov.br\/lai\/institucional\/secretaria-de-educacao\/\">Secretaria Municipal de Educa\u00e7\u00e3o &#8211; SEME<\/a><\/li>\n<li><a href=\"https:\/\/cgm.riobranco.ac.gov.br\/lai\/institucional\/secretaria-de-agricultura-e-floresta\/\">Secretaria Municipal de Agricultura e Floresta &#8211; SAFRA<\/a><\/li>\n<li><a href=\"https:\/\/cgm.riobranco.ac.gov.br\/lai\/institucional\/secretaria-de-servicos-urbanos\/\">Secretaria Municipal de Servi\u00e7os Urbanos &#8211; SEMSUR<\/a><\/li>\n<li><a href=\"https:\/\/cgm.riobranco.ac.gov.br\/lai\/institucional\/secretaria-de-meio-ambiente\/\">Secretaria Municipal de Meio Ambiente &#8211; SEMEIA<\/a><\/li>\n<li><a href=\"https:\/\/cgm.riobranco.ac.gov.br\/lai\/institucional\/secretaria-municipal-de-desenvolvimento-e-gestao-urbana\/\">Secretaria Municipal de Desenvolvimento e Gest\u00e3o Urbana &#8211; SMDGU<\/a><\/li>\n<li><a href=\"https:\/\/cgm.riobranco.ac.gov.br\/lai\/institucional\/direitos-humanos-politicas-afirmativas\/\">Secretaria Municipal de Direitos Humanos e Pol\u00edticas Afirmativas &#8211; SEDIHPA<\/a><\/li>\n<li><a href=\"https:\/\/cgm.riobranco.ac.gov.br\/lai\/institucional\/esporte-lazer\/\">Secretaria Municipal de Esporte e Lazer &#8211; SEMEL<\/a><\/li>\n<li><a href=\"https:\/\/cgm.riobranco.ac.gov.br\/lai\/institucional\/secretaria-de-cidadania-e-assistencia-social\/\">Secretaria Municipal de Cidadania e Assist\u00eancia Social &#8211; SEMCAS<\/a><\/li>\n<li><a href=\"https:\/\/cgm.riobranco.ac.gov.br\/lai\/institucional\/articulacao-comunitaria-social\/\">Secretaria Municipal de Articula\u00e7\u00e3o Comunit\u00e1ria e Social &#8211; SEMACS<\/a><\/li>\n<li><a href=\"https:\/\/cgm.riobranco.ac.gov.br\/lai\/institucional\/fundacao-garibaldi-brasil\/\">Funda\u00e7\u00e3o Municipal de Cultura Garibaldi Brasil &#8211; FGB<\/a><\/li>\n<li><a href=\"https:\/\/cgm.riobranco.ac.gov.br\/lai\/institucional\/servico-de-agua-e-esgoto-saerb\/\">Servi\u00e7o de \u00c1gua e Esgoto de Rio Branco \u2013 SAERB<\/a><\/li>\n<li><a href=\"https:\/\/cgm.riobranco.ac.gov.br\/lai\/institucional\/superintendencia-de-transporte-e-transito-rbtrans\/\">Superintend\u00eancia Municipal de Transporte e Tr\u00e2nsito \u2013 RBTRANS<\/a><\/li>\n<li><a href=\"https:\/\/cgm.riobranco.ac.gov.br\/lai\/institucional\/instituto-previdencia\/\">Instituto de Previd\u00eancia do Munic\u00edpio de Rio Branco &#8211; RBPREV<\/a><\/li>\n<li><a href=\"https:\/\/cgm.riobranco.ac.gov.br\/lai\/institucional\/empresa-de-urbanismo-emurb\/\">Empresa Municipal de Urbaniza\u00e7\u00e3o \u2013 EMURB<\/a><\/li>\n<li><a href=\"https:\/\/cgm.riobranco.ac.gov.br\/lai\/institucional\/junta-militar\/\">Junta Militar de Rio Branco<\/a><\/li>\n<li><a href=\"https:\/\/cgm.riobranco.ac.gov.br\/lai\/institucional\/comissao-permanente-de-licitacao-cpl\/\">Comiss\u00e3o Permanente de Licita\u00e7\u00e3o &#8211; CPL<\/a><\/li>\n<li><a title=\"Comiss\u00e3o Especial de Licita\u00e7\u00e3o - CEL\" href=\"https:\/\/cgm.riobranco.ac.gov.br\/lai\/institucional\/comissao-especial-de-licitacao-cel-2\/\">Comiss\u00e3o Especial de Licita\u00e7\u00e3o &#8211; CEL<\/a><\/li>\n<li><a href=\"https:\/\/cgm.riobranco.ac.gov.br\/lai\/institucional\/escola-servidor\/\">Escola do Servidor<\/a><\/li>\n<li><a title=\"Conselho Municipal de Transpar\u00eancia e Controle Social\" href=\"https:\/\/cgm.riobranco.ac.gov.br\/lai\/institucional\/conselho-municipal-de-transparencia-e-controle-social\/\">Conselho Municipal de Transpar\u00eancia e Controle Social<\/a><\/li>\n<\/ul>\n<\/li>\n<\/ul>\n<p>&nbsp;<\/p>\n<ul>\n<li><strong>ESTAT\u00cdSTICAS<\/strong>\n<ul>\n<li><a title=\"IBGE\" href=\"https:\/\/cgm.riobranco.ac.gov.br\/lai\/estatisticas\/ibge\/\">IBGE<\/a><\/li>\n<li><a title=\"PNUD\" href=\"https:\/\/cgm.riobranco.ac.gov.br\/lai\/estatisticas\/pnud\/\">PNUD<\/a><\/li>\n<\/ul>\n<\/li>\n<\/ul>\n<p>&nbsp;<\/p>\n<ul>\n<li><strong><a href=\"https:\/\/cgm.riobranco.ac.gov.br\/lai\/perguntas-frequentes\/\">PERGUNTAS FREQUENTES<\/a><\/strong><\/li>\n<\/ul>\n<p>&nbsp;<\/p>\n<ul>\n<li><strong>ENCONTRE EM RIO BRANCO<\/strong>\n<ul>\n<li><a title=\"Abrigos\" href=\"https:\/\/cgm.riobranco.ac.gov.br\/lai\/?page_id=149\">Abrigos<\/a><\/li>\n<li>Associa\u00e7\u00e3o dos Munic\u00edpios do Acre &#8211; AMAC<\/li>\n<li><a title=\"Assembleia Legislativa do Estado do Acre\" href=\"https:\/\/cgm.riobranco.ac.gov.br\/lai\/?page_id=175\">Assembleia Legislativa do Estado do Acre<\/a><\/li>\n<li><a title=\"Banco de Alimentos\" href=\"https:\/\/cgm.riobranco.ac.gov.br\/lai\/?page_id=150\">Banco de Alimentos<\/a><\/li>\n<li><a title=\"Biblioteca da Floresta\" href=\"https:\/\/cgm.riobranco.ac.gov.br\/lai\/?page_id=247\">Biblioteca da Floresta<\/a><\/li>\n<li><a title=\"Biblioteca P\u00fablica Estadual de Rio Branco\" href=\"https:\/\/cgm.riobranco.ac.gov.br\/lai\/?page_id=248\">Biblioteca P\u00fablica Estadual de Rio Branco<\/a><\/li>\n<li><a title=\"C\u00e2mara Municipal de Rio Branco\" href=\"https:\/\/cgm.riobranco.ac.gov.br\/lai\/?page_id=176\">C\u00e2mara Municipal de Rio Branco<\/a><\/li>\n<li><a title=\"Canil Municipal\" href=\"https:\/\/cgm.riobranco.ac.gov.br\/lai\/?page_id=206\">Canil Municipal<\/a><\/li>\n<li><a title=\"Casa Rosa Mulher\" href=\"https:\/\/cgm.riobranco.ac.gov.br\/lai\/?page_id=162\">Casa Rosa Mulher<\/a><\/li>\n<li>CEASA<\/li>\n<li><a title=\"Cemit\u00e9rios\" href=\"https:\/\/cgm.riobranco.ac.gov.br\/lai\/?page_id=214\">Cemit\u00e9rios<\/a><\/li>\n<li><a title=\"Cemit\u00e9rios\" href=\"https:\/\/cgm.riobranco.ac.gov.br\/lai\/?page_id=214\">Central de Abastecimento de Rio Branco<\/a><\/li>\n<li><a title=\"Central de Atendimento ao Cidad\u00e3o\" href=\"https:\/\/cgm.riobranco.ac.gov.br\/lai\/?page_id=192\">Central de Atendimento ao Cidad\u00e3o<\/a>\u00a0&#8211; CAC<\/li>\n<li><a title=\"Centro Comunit\u00e1rio\" href=\"https:\/\/cgm.riobranco.ac.gov.br\/lai\/?page_id=152\">Centro Comunit\u00e1rio<\/a><\/li>\n<li>Centros Culturais<\/li>\n<li>Centros de Apoio e Diagn\u00f3stico<\/li>\n<li><a title=\"Centro de Artesanato\" href=\"https:\/\/cgm.riobranco.ac.gov.br\/lai\/?page_id=153\">Centro de Artesanato<\/a><\/li>\n<li><a title=\"Centro de Multimeios\" href=\"https:\/\/cgm.riobranco.ac.gov.br\/lai\/?page_id=154\">Centro de Multimeios<\/a><\/li>\n<li><a title=\"Centro de Refer\u00eancia de Assist\u00eancia Social\" href=\"https:\/\/cgm.riobranco.ac.gov.br\/lai\/?page_id=147\">Centro de Refer\u00eancia de Assist\u00eancia Social<\/a>\u00a0&#8211; CRAS<\/li>\n<li><a title=\"Centro de Refer\u00eancia Especializada\" href=\"https:\/\/cgm.riobranco.ac.gov.br\/lai\/?page_id=148\">Centro de Refer\u00eancia Especializada<\/a><\/li>\n<li><a title=\"Centros de Sa\u00fade\" href=\"https:\/\/cgm.riobranco.ac.gov.br\/lai\/?page_id=193\">Centros de Sa\u00fade<\/a><\/li>\n<li><a title=\"Cinema no Bairro\" href=\"https:\/\/cgm.riobranco.ac.gov.br\/lai\/?page_id=263\">Cinema no Bairro<\/a><\/li>\n<li><a title=\"Comiss\u00f5es de Licita\u00e7\u00f5es\" href=\"https:\/\/cgm.riobranco.ac.gov.br\/lai\/?page_id=146\">Comiss\u00f5es de Licita\u00e7\u00f5es<\/a><\/li>\n<li><a title=\"Conselhos Tutelares\" href=\"https:\/\/cgm.riobranco.ac.gov.br\/lai\/?page_id=198\">Conselhos Tutelares<\/a><\/li>\n<li>Corpo de Bombeiros<\/li>\n<li><a title=\"Correios e Tel\u00e9grafos\" href=\"https:\/\/cgm.riobranco.ac.gov.br\/lai\/?page_id=160\">Correios e Tel\u00e9grafos<\/a><\/li>\n<li><a title=\"Creches Municipais\" href=\"https:\/\/cgm.riobranco.ac.gov.br\/lai\/?page_id=140\">Creches Municipais<\/a><\/li>\n<li><a title=\"Delegacias\" href=\"https:\/\/cgm.riobranco.ac.gov.br\/lai\/?page_id=180\">Delegacias<\/a><\/li>\n<li><a title=\"Departamento Estadual de Tr\u00e2nsito - DETRAN\/AC\" href=\"https:\/\/cgm.riobranco.ac.gov.br\/lai\/?page_id=259\">Departamento Estadual de Tr\u00e2nsito &#8211; DETRAN\/AC<\/a><\/li>\n<li><a title=\"Escola do Meio Ambiente\" href=\"https:\/\/cgm.riobranco.ac.gov.br\/lai\/?page_id=207\">Escola do Meio Ambiente<\/a><\/li>\n<li><a title=\"Escolas de Educa\u00e7\u00e3o Infantil\" href=\"https:\/\/cgm.riobranco.ac.gov.br\/lai\/?page_id=142\">Escolas de Educa\u00e7\u00e3o Infantil<\/a><\/li>\n<li><a title=\"Escolas de Ensino Fundamental - Tempo Integral\" href=\"https:\/\/cgm.riobranco.ac.gov.br\/lai\/?page_id=186\">Escolas de Ensino Fundamental &#8211; Tempo Integral<\/a><\/li>\n<li><a title=\"Escolas de Ensino Fundamental - Tempo Parcial\" href=\"https:\/\/cgm.riobranco.ac.gov.br\/lai\/?page_id=141\">Escolas de Ensino Fundamental &#8211; Tempo Parcial<\/a><\/li>\n<li><a title=\"Escolas Municipalizadas\" href=\"https:\/\/cgm.riobranco.ac.gov.br\/lai\/?page_id=143\">Escolas Municipalizadas<\/a><\/li>\n<li><a title=\"Escolas Zona Rural\" href=\"https:\/\/cgm.riobranco.ac.gov.br\/lai\/?page_id=144\">Escolas Zona Rural<\/a><\/li>\n<li><a title=\"Farm\u00e1cia Popular do Brasil\" href=\"https:\/\/cgm.riobranco.ac.gov.br\/lai\/?page_id=199\">Farm\u00e1cia Popular do Brasil<\/a><\/li>\n<li><a title=\"Feiras de Bairro 2015 - Rio Branco\" href=\"https:\/\/cgm.riobranco.ac.gov.br\/lai\/?page_id=275\">Feiras de Bairro 2015 &#8211; Rio Branco<\/a><\/li>\n<li><a title=\"Feiras de Produtos Org\u00e2nicos\" href=\"https:\/\/cgm.riobranco.ac.gov.br\/lai\/?page_id=195\">Feiras de Produtos Org\u00e2nicos<\/a><\/li>\n<li><a title=\"Feiras Fixas\" href=\"https:\/\/cgm.riobranco.ac.gov.br\/lai\/?page_id=190\">Feiras Fixas<\/a><\/li>\n<li><a title=\"Feiras Livres\" href=\"https:\/\/cgm.riobranco.ac.gov.br\/lai\/?page_id=191\">Feiras Livres<\/a><\/li>\n<li><a title=\"F\u00f3rum Bar\u00e3o do Rio Branco\" href=\"https:\/\/cgm.riobranco.ac.gov.br\/lai\/?page_id=165\">F\u00f3rum Bar\u00e3o do Rio Branco<\/a><\/li>\n<li><a title=\"F\u00f3rum Criminal\" href=\"https:\/\/cgm.riobranco.ac.gov.br\/lai\/?page_id=167\">F\u00f3rum Criminal<\/a><\/li>\n<li><a title=\"F\u00f3rum da Avenida Cear\u00e1\" href=\"https:\/\/cgm.riobranco.ac.gov.br\/lai\/?page_id=166\">F\u00f3rum da Avenida Cear\u00e1<\/a><\/li>\n<li><a title=\"Hospitais\" href=\"https:\/\/cgm.riobranco.ac.gov.br\/lai\/?page_id=183\">Hospitais<\/a><\/li>\n<li><a title=\"Hospitais\" href=\"https:\/\/cgm.riobranco.ac.gov.br\/lai\/?page_id=183\">Hospital de Sa\u00fade Mental &#8211; HOSMAC<\/a><\/li>\n<li><a title=\"Inst. de Ensino Conveniadas\" href=\"https:\/\/cgm.riobranco.ac.gov.br\/lai\/?page_id=145\">Inst. de Ensino Conveniadas<\/a><\/li>\n<li><a title=\"Instituto M\u00e9dico Legal - IML\" href=\"https:\/\/cgm.riobranco.ac.gov.br\/lai\/?page_id=260\">Instituto M\u00e9dico Legal &#8211; IML<\/a><\/li>\n<li><a title=\"Juizados Especiais Civeis\" href=\"https:\/\/cgm.riobranco.ac.gov.br\/lai\/?page_id=168\">Juizados Especiais Civeis<\/a><\/li>\n<li><a title=\"Junta M\u00e9dica\" href=\"https:\/\/cgm.riobranco.ac.gov.br\/lai\/?page_id=215\">Junta M\u00e9dica<\/a><\/li>\n<li><a title=\"Medidas Socioeducativas\" href=\"https:\/\/cgm.riobranco.ac.gov.br\/lai\/?page_id=155\">Medidas Socioeducativas<\/a><\/li>\n<li><a title=\"Mercados\" href=\"https:\/\/cgm.riobranco.ac.gov.br\/lai\/?page_id=185\">Mercados<\/a><\/li>\n<li><a title=\"Minist\u00e9rio P\u00fablico do Estado do Acre\" href=\"https:\/\/cgm.riobranco.ac.gov.br\/lai\/?page_id=173\">Minist\u00e9rio P\u00fablico do Estado do Acre<\/a><\/li>\n<li><a title=\"Minist\u00e9rio P\u00fablico Federal - Procuradoria da Rep\u00fablica no Acre\" href=\"https:\/\/cgm.riobranco.ac.gov.br\/lai\/?page_id=174\">Minist\u00e9rio P\u00fablico Federal &#8211; Procuradoria da Rep\u00fablica no Acre<\/a><\/li>\n<li><a title=\"Museus\" href=\"https:\/\/cgm.riobranco.ac.gov.br\/lai\/?page_id=246\">Museus<\/a><\/li>\n<li><a title=\"Pal\u00e1cio da Justi\u00e7a\" href=\"https:\/\/cgm.riobranco.ac.gov.br\/lai\/?page_id=164\">Pal\u00e1cio da Justi\u00e7a<\/a><\/li>\n<li><a title=\"Parques\" href=\"https:\/\/cgm.riobranco.ac.gov.br\/lai\/?page_id=159\">Parques<\/a><\/li>\n<li><a title=\"PROCON\/ACRE\" href=\"https:\/\/cgm.riobranco.ac.gov.br\/lai\/?page_id=181\">PROCON\/ACRE<\/a><\/li>\n<li><a title=\"Procuradoria da Uni\u00e3o no Estado do Acre\" href=\"https:\/\/cgm.riobranco.ac.gov.br\/lai\/?page_id=172\">Procuradoria da Uni\u00e3o no Estado do Acre<\/a><\/li>\n<li><a title=\"Procuradoria Geral do Estado do Acre\" href=\"https:\/\/cgm.riobranco.ac.gov.br\/lai\/?page_id=171\">Procuradoria Geral do Estado do Acre<\/a><\/li>\n<li><a title=\"Programa Bolsa Fam\u00edlia\" href=\"https:\/\/cgm.riobranco.ac.gov.br\/lai\/?page_id=151\">Programa Bolsa Fam\u00edlia<\/a><\/li>\n<li><a title=\"Projeto \u201cSenadinho nos Bairros\u201d\" href=\"https:\/\/cgm.riobranco.ac.gov.br\/lai\/?page_id=269\">Projeto \u201cSenadinho nos Bairros\u201d<\/a><\/li>\n<li><a title=\"PROJOVEM URBANO\" href=\"https:\/\/cgm.riobranco.ac.gov.br\/lai\/?page_id=212\">PROJOVEM URBANO<\/a><\/li>\n<li><a title=\"Receita Federal\" href=\"https:\/\/cgm.riobranco.ac.gov.br\/lai\/?page_id=178\">Receita Federal<\/a><\/li>\n<li><a title=\"Regionais Administrativas\" href=\"https:\/\/cgm.riobranco.ac.gov.br\/lai\/?page_id=202\">Regionais Administrativas<\/a><\/li>\n<li><a title=\"Restaurante Popular\" href=\"https:\/\/cgm.riobranco.ac.gov.br\/lai\/?page_id=156\">Restaurante Popular<\/a><\/li>\n<li><a title=\"Rodovi\u00e1ria Internacional de Rio Branco\" href=\"https:\/\/cgm.riobranco.ac.gov.br\/lai\/?page_id=204\">Rodovi\u00e1ria Internacional de Rio Branco<\/a><\/li>\n<li><a title=\"SAMU\" href=\"https:\/\/cgm.riobranco.ac.gov.br\/lai\/?page_id=210\">SAMU<\/a><\/li>\n<li><a title=\"Terminal Urbano de Rio Branco\" href=\"https:\/\/cgm.riobranco.ac.gov.br\/lai\/?page_id=203\">Terminal Urbano de Rio Branco<\/a><\/li>\n<li><a title=\"Transporte e Tr\u00e2nsito - Servi\u00e7os RBTRANS\" href=\"https:\/\/cgm.riobranco.ac.gov.br\/lai\/?page_id=208\">Transporte e Tr\u00e2nsito &#8211; Servi\u00e7os RBTRANS<\/a><\/li>\n<li><a title=\"Tribunal de Contas da Uni\u00e3o no Acre - TCU\" href=\"https:\/\/cgm.riobranco.ac.gov.br\/lai\/?page_id=188\">Tribunal de Contas da Uni\u00e3o no Acre &#8211; TCU<\/a><\/li>\n<li><a title=\"Tribunal de Contas do Estado - TCE\" href=\"https:\/\/cgm.riobranco.ac.gov.br\/lai\/?page_id=189\">Tribunal de Contas do Estado &#8211; TCE<\/a><\/li>\n<li><a title=\"Tribunal de Justi\u00e7a do Estado do Acre\" href=\"https:\/\/cgm.riobranco.ac.gov.br\/lai\/?page_id=187\">Tribunal de Justi\u00e7a do Estado do Acre<\/a><\/li>\n<li><a title=\"Tribunal Regional Eleitoral do Acre e Zonas Eleitorais\" href=\"https:\/\/cgm.riobranco.ac.gov.br\/lai\/?page_id=179\">Tribunal Regional Eleitoral do Acre e Zonas Eleitorais<\/a><\/li>\n<li><a title=\"Turismo, Esporte e Lazer\" href=\"https:\/\/cgm.riobranco.ac.gov.br\/lai\/?page_id=216\">Turismo, Esporte e Lazer<\/a><\/li>\n<li><a title=\"Turismo, Esporte e Lazer\" href=\"https:\/\/cgm.riobranco.ac.gov.br\/lai\/?page_id=216\">Unidades de Pronto Atendimento<\/a>\u00a0&#8211; UPA<\/li>\n<li><a title=\"Unidade de Refer\u00eancia em Aten\u00e7\u00e3o Prim\u00e1ria\" href=\"https:\/\/cgm.riobranco.ac.gov.br\/lai\/?page_id=196\">Unidade de Refer\u00eancia em Aten\u00e7\u00e3o Prim\u00e1ria<\/a>\u00a0&#8211; URAP<\/li>\n<li><a title=\"Unidades de Sa\u00fade da Fam\u00edlia\" href=\"https:\/\/cgm.riobranco.ac.gov.br\/lai\/?page_id=194\">Unidades de Sa\u00fade da Fam\u00edlia<\/a><\/li>\n<li><a title=\"Unidades de Sa\u00fade da Fam\u00edlia\" href=\"https:\/\/cgm.riobranco.ac.gov.br\/lai\/?page_id=194\">Unidade de Tratamento de Res\u00edduos S\u00f3lidos\u00a0&#8211; UTRE<\/a><\/li>\n<li><a title=\"Unidades de Sa\u00fade da Fam\u00edlia\" href=\"https:\/\/cgm.riobranco.ac.gov.br\/lai\/?page_id=194\">Unidades Educativas<\/a><\/li>\n<li><a title=\"Unidades de Sa\u00fade da Fam\u00edlia\" href=\"https:\/\/cgm.riobranco.ac.gov.br\/lai\/?page_id=194\">Varas da Inf\u00e2ncia e da Juventude<\/a><\/li>\n<li><a title=\"Vara da Viol\u00eancia Dom\u00e9stica e Familiar Contra a Mulher\" href=\"https:\/\/cgm.riobranco.ac.gov.br\/lai\/?page_id=170\">Vara da Viol\u00eancia Dom\u00e9stica e Familiar Contra a Mulher<\/a><\/li>\n<li><a title=\"Vigil\u00e2ncia Epidemiol\u00f3gica e Ambiental\" href=\"https:\/\/cgm.riobranco.ac.gov.br\/lai\/?page_id=209\">Vigil\u00e2ncia Epidemiol\u00f3gica e Ambiental<\/a><\/li>\n<li><a title=\"Vigil\u00e2ncia Sanit\u00e1ria Estadual\" href=\"https:\/\/cgm.riobranco.ac.gov.br\/lai\/?page_id=182\">Vigil\u00e2ncia Sanit\u00e1ria Estadual<\/a><\/li>\n<li><a title=\"Vigil\u00e2ncia Sanit\u00e1ria Municipal\" href=\"https:\/\/cgm.riobranco.ac.gov.br\/lai\/?page_id=205\">Vigil\u00e2ncia Sanit\u00e1ria Municipal<\/a><\/li>\n<\/ul>\n<\/li>\n<\/ul>\n<p>&nbsp;<\/p>\n<ul>\n<li><strong><a title=\"Orienta\u00e7\u00f5es\" href=\"https:\/\/cgm.riobranco.ac.gov.br\/lai\/?page_id=20\">ORIENTA\u00c7\u00d5ES<\/a><\/strong>\n<ul>\n<li><a href=\"https:\/\/cgm.riobranco.ac.gov.br\/lai\/orientacoes\/alvaras\/\" target=\"_blank\">Alvar\u00e1s<\/a><\/li>\n<li><a title=\"Calend\u00e1rio de Feriados e Ponto Facultativo - Decreto\" href=\"https:\/\/cgm.riobranco.ac.gov.br\/lai\/?page_id=245\" target=\"_blank\">Calend\u00e1rio de Feriados e Ponto Facultativo &#8211; Decreto<\/a><\/li>\n<li><a href=\"https:\/\/cgm.riobranco.ac.gov.br\/lai\/orientacoes\/descarte-e-coleta-de-materiais\/\" target=\"_blank\">Descarte e Coleta de Materiais<\/a><\/li>\n<li><a href=\"https:\/\/cgm.riobranco.ac.gov.br\/lai\/orientacoes\/divulgacao-de-anuncios-e-instalacao-de-engenhos-publicitarios-no-municipio\/\" target=\"_blank\">Divulga\u00e7\u00e3o de An\u00fancios e instala\u00e7\u00e3o de Engenhos Publicit\u00e1rios<\/a><\/li>\n<li><a href=\"https:\/\/cgm.riobranco.ac.gov.br\/lai\/orientacoes\/edital-de-lancamento-do-iptu-2015\/\" target=\"_blank\">Edital de Lan\u00e7amento do IPTU 2015<\/a><\/li>\n<li><a href=\"https:\/\/cgm.riobranco.ac.gov.br\/lai\/orientacoes\/turismo-esporte-lazer\/\" target=\"_blank\">Esporte e Lazer<\/a><\/li>\n<li><a href=\"https:\/\/cgm.riobranco.ac.gov.br\/lai\/orientacoes\/estacionamento-rotativo-de-veiculos-automotores-no-perimetro-urbano-zona-azul\/\" target=\"_blank\">Estacionamento rotativo de ve\u00edculos automotores no per\u00edmetro urbano &#8211; Zona Azul<\/a><\/li>\n<li><a href=\"https:\/\/cgm.riobranco.ac.gov.br\/lai\/orientacoes\/estado-de-emergencia\/\" target=\"_blank\">Estado de Emerg\u00eancia<\/a><\/li>\n<li><a title=\"Hor\u00e1rio das Aulas da Rede de Ensino Municipal, a partir de 18\/11\/2013\" href=\"https:\/\/cgm.riobranco.ac.gov.br\/lai\/?page_id=268\" target=\"_blank\">Hor\u00e1rio das Aulas da Rede de Ensino Municipal, a partir de 18\/11\/2013<\/a><\/li>\n<li><a title=\"IPTU EM DIA D\u00c1 PR\u00caMIOS\" href=\"https:\/\/cgm.riobranco.ac.gov.br\/lai\/?page_id=279\" target=\"_blank\">IPTU EM DIA D\u00c1 PR\u00caMIOS<\/a><\/li>\n<li><a title=\"Meio Ambiente\" href=\"https:\/\/cgm.riobranco.ac.gov.br\/lai\/?page_id=225\" target=\"_blank\">Meio Ambiente<\/a><\/li>\n<li><a title=\"Normas de Administra\u00e7\u00e3o e Concess\u00e3o de Uso dos Espa\u00e7os P\u00fablicos Municipais\" href=\"https:\/\/cgm.riobranco.ac.gov.br\/lai\/?page_id=264\" target=\"_blank\">Normas de Administra\u00e7\u00e3o e Concess\u00e3o de Uso dos Espa\u00e7os P\u00fablicos Municipais<\/a><\/li>\n<li><a title=\"Normas para Da\u00e7\u00e3o em Pagamento para Extin\u00e7\u00e3o de Obriga\u00e7\u00e3o Tribut\u00e1ria.\" href=\"https:\/\/cgm.riobranco.ac.gov.br\/lai\/?page_id=265\" target=\"_blank\">Normas para Da\u00e7\u00e3o em Pagamento para Extin\u00e7\u00e3o de Obriga\u00e7\u00e3o Tribut\u00e1ria<\/a><\/li>\n<li><a title=\"Normas para Declara\u00e7\u00e3o de Utilidade P\u00fablica\" href=\"https:\/\/cgm.riobranco.ac.gov.br\/lai\/?page_id=241\" target=\"_blank\">Normas para Declara\u00e7\u00e3o de Utilidade P\u00fablica<\/a><\/li>\n<li><a title=\"Normas para reten\u00e7\u00e3o do ISSQN devido pela presta\u00e7\u00e3o de servi\u00e7os \u00e0 Administra\u00e7\u00e3o P\u00fablica Municipal\" href=\"https:\/\/cgm.riobranco.ac.gov.br\/lai\/?page_id=266\" target=\"_blank\">Normas para reten\u00e7\u00e3o do ISSQN devido pela presta\u00e7\u00e3o de servi\u00e7os \u00e0 Administra\u00e7\u00e3o P\u00fablica Municipal<\/a><\/li>\n<li><a title=\"Nota Fiscal de Servi\u00e7os Eletr\u00f4nicos\" href=\"https:\/\/cgm.riobranco.ac.gov.br\/lai\/?page_id=271\" target=\"_blank\">Nota Fiscal de Servi\u00e7os Eletr\u00f4nicos<\/a><\/li>\n<li><a href=\"https:\/\/cgm.riobranco.ac.gov.br\/lai\/orientacoes\/parcelamento-de-debitos-tributarios\/\" target=\"_blank\">Parcelamento de D\u00e9bitos Tribut\u00e1rios<\/a><\/li>\n<li><a href=\"https:\/\/cgm.riobranco.ac.gov.br\/lai\/orientacoes\/parcelamento-de-debitos-tributarios\/\" target=\"_blank\">Plano de Apoio \u00e0 Requalifica\u00e7\u00e3o do Flanelinhas<\/a><\/li>\n<li><a title=\"Planta Gen\u00e9rica de Valores do Munic\u00edpio de Rio Branco\" href=\"https:\/\/cgm.riobranco.ac.gov.br\/lai\/?page_id=280\" target=\"_blank\">Planta Gen\u00e9rica de Valores do Munic\u00edpio de Rio Branco<\/a><\/li>\n<li><a href=\"https:\/\/cgm.riobranco.ac.gov.br\/lai\/orientacoes\/transporte-urbano\/\" target=\"_blank\">Transporte Urbano<\/a><\/li>\n<li><a title=\"Unidade Fiscal do Munic\u00edpio de Rio Branco \u2013 UFMRB\" href=\"https:\/\/cgm.riobranco.ac.gov.br\/lai\/?page_id=272\" target=\"_blank\">Unidade Fiscal do Munic\u00edpio de Rio Branco \u2013 UFMRB<\/a><\/li>\n<\/ul>\n<\/li>\n<\/ul>\n<p>&nbsp;<\/p>\n<\/div>\n","protected":false},"excerpt":{"rendered":"<p>ACESSIBILIDADE &nbsp; LEGISLA\u00c7\u00c3O &nbsp; MAPA DO SITE &nbsp; GLOSS\u00c1RIO &nbsp; INSTITUCIONAL Prefeito Vice Prefeito Gabinete do Prefeito\u00a0&#8211; GABPRE Gabinete Militar &#8211; GABMIL Controladoria-Geral do Munic\u00edpio &#8211; CGM Secretaria Municipal da Casa Civil &#8211; SMCC Coordenadoria Municipal de Defesa Civil &#8211; COMDEC Procuradoria-Geral do Munic\u00edpio &#8211; PROJURI Secretaria Municipal de Administra\u00e7\u00e3o e Gest\u00e3o de Pessoas &#8211; [&hellip;]<\/p>\n","protected":false},"author":2,"featured_media":0,"parent":0,"menu_order":0,"comment_status":"open","ping_status":"open","template":"","meta":{"footnotes":""},"class_list":["post-6","page","type-page","status-publish","hentry"],"_links":{"self":[{"href":"https:\/\/cgm.riobranco.ac.gov.br\/lai\/wp-json\/wp\/v2\/pages\/6","targetHints":{"allow":["GET"]}}],"collection":[{"href":"https:\/\/cgm.riobranco.ac.gov.br\/lai\/wp-json\/wp\/v2\/pages"}],"about":[{"href":"https:\/\/cgm.riobranco.ac.gov.br\/lai\/wp-json\/wp\/v2\/types\/page"}],"author":[{"embeddable":true,"href":"https:\/\/cgm.riobranco.ac.gov.br\/lai\/wp-json\/wp\/v2\/users\/2"}],"replies":[{"embeddable":true,"href":"https:\/\/cgm.riobranco.ac.gov.br\/lai\/wp-json\/wp\/v2\/comments?post=6"}],"version-history":[{"count":21,"href":"https:\/\/cgm.riobranco.ac.gov.br\/lai\/wp-json\/wp\/v2\/pages\/6\/revisions"}],"predecessor-version":[{"id":932,"href":"https:\/\/cgm.riobranco.ac.gov.br\/lai\/wp-json\/wp\/v2\/pages\/6\/revisions\/932"}],"wp:attachment":[{"href":"https:\/\/cgm.riobranco.ac.gov.br\/lai\/wp-json\/wp\/v2\/media?parent=6"}],"curies":[{"name":"wp","href":"https:\/\/api.w.org\/{rel}","templated":true}]}}