{"id":844,"date":"2015-06-03T15:40:03","date_gmt":"2015-06-03T15:40:03","guid":{"rendered":"http:\/\/portalcgm.riobranco.ac.gov.br\/lai\/?page_id=844"},"modified":"2024-04-02T15:34:22","modified_gmt":"2024-04-02T20:34:22","slug":"edital-de-lancamento-do-iptu-2015","status":"publish","type":"page","link":"https:\/\/cgm.riobranco.ac.gov.br\/lai\/orientacoes\/edital-de-lancamento-do-iptu-2015\/","title":{"rendered":"Imposto sobre a Propriedade Predial Urbana &#8211; IPTU"},"content":{"rendered":"<hr \/>\n<p style=\"text-align: justify;\"><strong><a href=\"https:\/\/cgm.riobranco.ac.gov.br\/lai\/wp-content\/uploads\/2015\/06\/DECRETO-N\u00ba-339-2024-Prorrogac\u0327a\u0303o-dos-prazos-de-pagamento-do-IPTU-ISSQN-e-da-TAXA-DE-ALVAR\u00c1.pdf\" target=\"_blank\">DECRETO N\u00ba 339 DE 15 DE MAR\u00c7O DE 2024<\/a><\/strong><\/p>\n<p style=\"text-align: justify;\">\u201cDisp\u00f5e sobre a prorroga\u00e7\u00e3o dos prazos para o pagamento do Imposto sobre a Propriedade Predial e Territorial Urbana \u2013 IPTU, do Imposto Sobre Servi\u00e7o de Qualquer Natureza \u2013 ISSQN e da Taxa de Alvar\u00e1 de Funcionamento referente ao exerc\u00edcio de 2024 e d\u00e1 outras provid\u00eancias.\u201d<\/p>\n<p style=\"text-align: justify;\"><strong><a href=\"https:\/\/cgm.riobranco.ac.gov.br\/lai\/wp-content\/uploads\/2015\/06\/LEI-COMPLEMENTAR-N\u00ba-280-DE-20-DE-DEZEMBRO-DE-2023-Altera-a-Lei-Complementar-N\u00ba-236-2023-\u2013-IPTU-2024.pdf\" target=\"_blank\">LEI COMPLEMENTAR N\u00ba 280 DE 20 DE DEZEMBRO DE 2023<\/a><\/strong><\/p>\n<p style=\"text-align: justify;\">\u201cAltera a Lei Complementar n\u00ba 236 de 20 de julho de 2023 que disp\u00f5e sobre a remiss\u00e3o do Imposto sobre Propriedade Predial e Territorial Urbana \u2013 IPTU e taxa de remo\u00e7\u00e3o de res\u00edduos s\u00f3lidos e entulhos, incidentes sobre os im\u00f3veis edificados atingidos por enchentes, inunda\u00e7\u00f5es e\/ou alagamentos causado pelas chuvas ocorridas no munic\u00edpio de Rio Branco\u201d.<\/p>\n<p style=\"text-align: justify;\"><strong><a href=\"https:\/\/cgm.riobranco.ac.gov.br\/lai\/wp-content\/uploads\/2015\/06\/LEI-COMPLEMENTAR-N\u00ba-236-DE-20.07.2023-Remiss\u00e3o-do-IPTU-e-Taxa-de-remo\u00e7\u00e3o-de-Res\u00edduos-S\u00f3lidos-e-Entulhos-Enchentes.pdf\" target=\"_blank\">LEI COMPLEMENTAR N\u00ba 236 DE 20 DE JULHO DE 2023<\/a><\/strong><\/p>\n<p style=\"text-align: justify;\">\u201cDisp\u00f5e sobre a remiss\u00e3o do Imposto sobre Propriedade Predial e Territorial Urbana \u2013 IPTU e taxa de remo\u00e7\u00e3o de res\u00edduos s\u00f3lidos e entulhos, incidentes sobre os im\u00f3veis edificados atingidos por enchentes, inunda\u00e7\u00f5es e\/ou alagamentos causado pelas chuvas ocorridas no munic\u00edpio de Rio Branco\u201d.<\/p>\n<p style=\"text-align: justify;\"><strong><a href=\"https:\/\/cgm.riobranco.ac.gov.br\/lai\/wp-content\/uploads\/2015\/06\/DECRETO-N\u00ba-474-2023-Prorrogac\u0327a\u0303o-dos-prazos-do-IPTU-ISSQN-TAXA-ALVAR\u00c1-DE-FUNCIONAMENTO-2023.pdf\" target=\"_blank\">DECRETO N\u00ba 474 DE 03 DE ABRIL DE 2023<\/a><\/strong><\/p>\n<p style=\"text-align: justify;\">\u201cDisp\u00f5e sobre a prorroga\u00e7\u00e3o dos prazos para o pagamento do Imposto sobre a Propriedade Predial e Territorial Urbana \u2013 IPTU, do Imposto Sobre Servi\u00e7o de Qualquer Natureza \u2013 ISSQN e da Taxa de Alvar\u00e1 de Funcionamento referente ao exerc\u00edcio de 2023 e d\u00e1 outras provid\u00eancias.\u201d<\/p>\n<p style=\"text-align: justify;\"><strong><a href=\"https:\/\/cgm.riobranco.ac.gov.br\/portal\/wp-content\/uploads\/2013\/10\/LEI-COMPLEMENTAR-N%C2%BA-188-DE-31.10.2022-Concede-remiss%C3%A3o-e-redu%C3%A7%C3%A3o-de-al%C3%ADquota-do-IPTU-para-empresas.pdf\" target=\"_blank\">LEI COMPLEMENTAR N\u00ba 188 DE 31 DE OUTUBRO DE 2022<\/a><\/strong><\/p>\n<p style=\"text-align: justify;\">\u201cConcede remiss\u00e3o e redu\u00e7\u00e3o de al\u00edquota do Imposto sobre a Propriedade Predial e Territorial Urbana \u2013 IPTU, para as empresas instaladas ou as que venham se instalar nas \u00e1reas localizadas nos Distritos Industriais.\u201d<\/p>\n<p style=\"text-align: justify;\"><strong><a href=\"https:\/\/cgm.riobranco.ac.gov.br\/lai\/wp-content\/uploads\/2015\/06\/LEI-COMPLEMENTAR-N\u00ba-124-DE-14.12.2021-Remiss\u00e3o-do-Imposto-sobre-a-Propriedade-Predial-e-Territorial-Urbana-\u2013-IPTU-2021.pdf\" target=\"_blank\">LEI COMPLEMENTAR N\u00ba 124 DE 14 DE DEZEMBRO DE 2021<\/a><\/strong><\/p>\n<p style=\"text-align: justify;\">\u201cDisp\u00f5e sobre a remiss\u00e3o do Imposto sobre a Propriedade Predial e Territorial Urbana \u2013 IPTU, \u00e0s empresas que possuam suas sedes\/edifica\u00e7\u00f5es atingidas pelas inunda\u00e7\u00f5es no exerc\u00edcio de 2021 e d\u00e1 outras provid\u00eancias.\u201d<\/p>\n<p style=\"text-align: justify;\"><strong><a href=\"https:\/\/cgm.riobranco.ac.gov.br\/lai\/wp-content\/uploads\/2015\/06\/LEI-COMPLEMENTAR-N\u00ba-109-DE-19.04.2021-Concede-remiss\u00e3o-do-IPTU-sobre-im\u00f3veis-atingidos-pela-enchende-do-ano-de-2021.pdf\" target=\"_blank\">LEI COMPLEMENTAR N\u00ba 109 DE 19 DE ABRIL DE 2021<\/a><\/strong><\/p>\n<p style=\"text-align: justify;\">\u201cConcede remiss\u00e3o do imposto sobre a propriedade predial e territorial urbana (IPTU) incidente sobre os im\u00f3veis edificados atingidos pela enchente do ano de 2021.\u201d<\/p>\n<p style=\"text-align: justify;\"><strong><a href=\"https:\/\/cgm.riobranco.ac.gov.br\/lai\/wp-content\/uploads\/2015\/06\/LEI-COMPLEMENTAR-N\u00ba-108-DE-15.04.2021-Concede-remiss\u00e3o-e-redu\u00e7\u00e3o-de-al\u00edquota-do-IPTU.pdf\" target=\"_blank\">LEI COMPLEMENTAR N\u00ba 108 DE 15 DE ABRIL DE 2021<\/a><\/strong><\/p>\n<p style=\"text-align: justify;\">\u201cConcede remiss\u00e3o e redu\u00e7\u00e3o de al\u00edquota do Imposto sobre a Propriedade Predial e Territorial Urbana &#8211; IPTU para as empresas instaladas ou que venham a se instalar nas \u00e1reas localizadas nos Distritos Industriais.\u201d<\/p>\n<p style=\"text-align: justify;\"><strong><a href=\"https:\/\/cgm.riobranco.ac.gov.br\/lai\/wp-content\/uploads\/2015\/06\/SEFIN-EDITAL-DE-NOTIFICA\u00c7\u00c3O-DE-LAN\u00c7AMENTO-DO-IPTU-2021-VENCIMENTO-1-PARCELA-E-COTA-\u00daNICA.pdf\" target=\"_blank\">SEFIN &#8211; EDITAL DE NOTIFICA\u00c7\u00c3O DE LAN\u00c7AMENTO \u2013 RETIFICA\u00c7\u00c3O VENCIMENTO 1\u00aa PARCELA E COTA \u00daNICA<\/a><\/strong><\/p>\n<p style=\"text-align: justify;\">&#8220;O Munic\u00edpio de Rio Branco, atrav\u00e9s da Secretaria Municipal de Finan\u00e7as, notifica os propriet\u00e1rios, titulares de dom\u00ednio \u00fatil ou posseiros de bens im\u00f3veis por natureza ou acess\u00e3o f\u00edsica, conforme determina o art. 20, \u00a7 4\u00b0, da Lei n\u00ba 1.508\/2003 \u2013 C\u00f3digo Tribut\u00e1rio Municipal, quanto a retifica\u00e7\u00e3o do lan\u00e7amento do Imposto Predial Territorial Urbano e da Taxa de Coleta e Remo\u00e7\u00e3o de Res\u00edduos S\u00f3lidos do exerc\u00edcio 2021.&#8221;<\/p>\n<p style=\"text-align: justify;\"><strong><a href=\"https:\/\/cgm.riobranco.ac.gov.br\/lai\/wp-content\/uploads\/2015\/06\/SEFIN-EDITAL-DE-NOTIFICA\u00c7\u00c3O-DE-LAN\u00c7AMENTO-DO-IPTU-2021.pdf\" target=\"_blank\">SEFIN &#8211; EDITAL DE NOTIFICA\u00c7\u00c3O DE LAN\u00c7AMENTO DE IPTU 2021 <\/a><\/strong><\/p>\n<p style=\"text-align: justify;\">&#8220;O Munic\u00edpio de Rio Branco, atrav\u00e9s da Secretaria Municipal de Finan\u00e7as, notifica os propriet\u00e1rios, titulares de dom\u00ednio \u00fatil ou posseiros de bens im\u00f3veis por natureza ou acess\u00e3o f\u00edsica, conforme determina o art. 20, \u00a74\u00b0, da Lei n\u00ba 1.508\/2003 \u2013 C\u00f3digo Tribut\u00e1rio Municipal, quanto ao lan\u00e7amento do Imposto Predial Territorial Urbano e da Taxa de Coleta e Remo\u00e7\u00e3o de Res\u00edduos S\u00f3lidos do exerc\u00edcio 2021.&#8221;<\/p>\n<p style=\"text-align: justify;\"><strong><a href=\"https:\/\/cgm.riobranco.ac.gov.br\/lai\/wp-content\/uploads\/2015\/06\/DECRETO-N\u00ba-248-2020-Prorroga\u00e7\u00e3o-dos-prazos-de-pagamento-do-IPTU-2020-CORONAV\u00cdRUS.COVID-19.pdf\" target=\"_blank\">DECRETO N\u00ba 248 DE 06 DE ABRIL DE 2020<\/a><\/strong><\/p>\n<p style=\"text-align: justify;\">&#8220;Disp\u00f5e sobre a prorroga\u00e7\u00e3o dos prazos para pagamento do Imposto sobre a Propriedade Predial e Territorial Urbana &#8211; IPTU.&#8221;<\/p>\n<p style=\"text-align: justify;\"><strong><a href=\"https:\/\/cgm.riobranco.ac.gov.br\/lai\/wp-content\/uploads\/2015\/06\/LEI-COMPLEMENTAR-N\u00ba-067-DE-19.07.2019-Concede-remiss\u00e3o-dos-cr\u00e9ditos-tribut\u00e1rios-decorrentes-da-identifica\u00e7\u00e3o-de-defasagem-no-IPTU.pdf\" target=\"_blank\">LEI COMPLEMENTAR N\u00ba 67 DE 19 DE JULHO DE 2019<\/a><\/strong><\/p>\n<p style=\"text-align: justify;\">\u201cConcede remiss\u00e3o dos cr\u00e9ditos tribut\u00e1rios decorrentes da identifica\u00e7\u00e3o de defasagem na base de c\u00e1lculo do Imposto sobre a Propriedade Predial e Territorial Urbana \u2013 IPTU dos exerc\u00edcios de 2014 a 2018. \u201d<\/p>\n<p><strong><a href=\"https:\/\/cgm.riobranco.ac.gov.br\/portal\/wp-content\/uploads\/2013\/10\/LEI-COMPLEMENTAR-N%C2%BA-15-DE-04.05.2015-Disp%C3%B5e-sobre-a-remiss%C3%A3o-do-IPTU-sobre-os-im%C3%B3veis-atingidos-pelas-enchentes..pdf\" target=\"_blank\">LEI COMPLEMENTAR N\u00ba 15 DE 04 DE MAIO DE 2015<\/a><\/strong><\/p>\n<p>\u201cDisp\u00f5e sobre a remiss\u00e3o do Imposto sobre a Propriedade Predial e Territorial Urbana \u2013 IPTU, incidente sobre os im\u00f3veis edificados atingidos pelas enchentes.\u201d<\/p>\n<p><strong><a href=\"https:\/\/cgm.riobranco.ac.gov.br\/portal\/wp-admin\/post.php?post=473&amp;action=edit&amp;message=1\" target=\"_blank\">LEI COMPLEMENTAR N\u00ba 12 DE 27 DE FEVEREIRO DE 2015<\/a><\/strong><\/p>\n<p>\u201cDisp\u00f5e sobre a isen\u00e7\u00e3o do Imposto sobre a Propriedade Predial e Territorial Urbana \u2013 IPTU para as empresas instaladas ou que venham a se instalar nas \u00e1reas localizadas nos Distritos Industriais.\u201d<\/p>\n<p><strong><a href=\"https:\/\/cgm.riobranco.ac.gov.br\/lai\/wp-content\/uploads\/images\/ARQUIVOS\/24_Legisla%C3%A7%C3%A3o\/LEIS%20COMPLEMENTARES\/LEI%20COMPLEMENTAR%20N%C2%BA%2008%20DE%2019%20DE%20MAIO%20DE%202014.pdf\" target=\"_blank\">LEI COMPLEMENTAR N\u00ba 08 DE 19 DE MAIO DE 2014<\/a><\/strong><\/p>\n<p>\u201cDisp\u00f5e sobre a remiss\u00e3o do Imposto sobre a Propriedade Predial e Territorial Urbana \u2013 IPTU, incidente sobre os im\u00f3veis edificados atingidos pelas enchentes.\u201d<\/p>\n<p><strong><a href=\"https:\/\/cgm.riobranco.ac.gov.br\/lai\/wp-content\/uploads\/2015\/06\/2013-LEI-N\u00ba-1.962-DE-20.02.2013-Disp\u00f5e-sobre-autoriza\u00e7\u00e3o-Legislativa-para-Realizar-Campanha-Municipal-de-Arrecada\u00e7\u00e3o-do-IPTU.pdf\" target=\"_blank\">LEI N\u00ba 1.962 DE 20 DE FEVEREIRO DE 2013<\/a><\/strong><\/p>\n<p style=\"text-align: justify;\">\u201cDisp\u00f5e sobre autoriza\u00e7\u00e3o Legislativa, para Realizar Campanha Municipal de Arrecada\u00e7\u00e3o referente ao IPTU, atrav\u00e9s do concurso \u201cIPTU em dia d\u00e1 pr\u00eamios\u201d, como meio de melhorar a arrecada\u00e7\u00e3o de Tributos Municipais, e d\u00e1 outras provid\u00eancias,\u2019\u2019<\/p>\n<p><strong><a href=\"https:\/\/cgm.riobranco.ac.gov.br\/lai\/wp-content\/uploads\/2015\/06\/2011-LEI-N\u00ba-1.889-de-30.12.2011-ISEN\u00c7\u00c3O-DO-ISS-CONSTRU\u00c7\u00c3O-INTERESSE-SOCIAL.pdf\" target=\"_blank\">LEI N\u00ba 1.889 DE 30 DE DEZEMBRO DE 2011<\/a><\/strong><\/p>\n<p style=\"text-align: justify;\">\u201cConcede isen\u00e7\u00e3o do Imposto sobre Servi\u00e7os de Qualquer Natureza &#8211; ISSQN &#8211; para constru\u00e7\u00e3o no caso de empreendimentos habitacionais de interesse social vinculados ao PMCMV, do Imposto sobre a Transmiss\u00e3o de Bens Im\u00f3veis, realizada Inter Vivos, por ato oneroso &#8211; ITBI &#8211; para a aquisi\u00e7\u00e3o dos correspondentes im\u00f3veis, bem como, concede isen\u00e7\u00e3o e autoriza a remiss\u00e3o do Imposto Predial e Territorial Urbano \u2013 IPTU.\u201d<\/p>\n<p style=\"text-align: justify;\"><strong><a href=\"https:\/\/cgm.riobranco.ac.gov.br\/lai\/wp-content\/uploads\/2015\/06\/LEI-N\u00ba-1.477-de-12.09.2002-Altera-a-Lei-\u00ba-1.472-2002-IPTU-e-ISS.pdf\" target=\"_blank\">LEI N\u00ba 1.477 DE 12 DE SETEMBRO DE 2002<\/a><\/strong><\/p>\n<p style=\"text-align: justify;\">&#8220;Altera o Paragrafo \u00danico do artigo 1\u00ba da Lei n\u00ba 1.472\/02.&#8221;<\/p>\n<p style=\"text-align: justify;\"><strong><a href=\"https:\/\/cgm.riobranco.ac.gov.br\/lai\/wp-content\/uploads\/2015\/06\/LEI-N\u00ba-1.472-de-04.07.2002-Remiss\u00e3o-de-acr\u00e9scimo-monet\u00e1rio-sobre-IPTU-e-ISS-em-Divida-Ativa.pdf\" target=\"_blank\">LEI N\u00ba 1.472 DE 04 DE JULHO DE 2002<\/a><\/strong><\/p>\n<p style=\"text-align: justify;\">&#8220;Disp\u00f5e sobre a remiss\u00e3o de cr\u00e9ditos de acr\u00e9scimo monet\u00e1rio sobre cr\u00e9ditos de IPTU e ISS inscritos em D\u00edvida Ativa at\u00e9 31 de dezembro de 2001.&#8221;<\/p>\n<p style=\"text-align: justify;\"><strong><a href=\"https:\/\/cgm.riobranco.ac.gov.br\/lai\/wp-content\/uploads\/2015\/06\/2002-LEI-N\u00ba-1.463-de-16.01.2002-Execu\u00e7\u00e3o-de-Cr\u00e9ditos-de-Pequeno-Valor-IPTU.pdf\" target=\"_blank\">LEI N\u00ba 1.463 DE 16 DE JANEIRO DE 2002<\/a><\/strong><\/p>\n<p style=\"text-align: justify;\">&#8220;Disp\u00f5e sobre a execu\u00e7\u00e3o de cr\u00e9ditos de pequeno valor e d\u00e1 outras provid\u00eancias.&#8221;<\/p>\n<p style=\"text-align: justify;\"><strong><a href=\"https:\/\/cgm.riobranco.ac.gov.br\/lai\/wp-content\/uploads\/2015\/06\/SEFIN-EDITAL_DE_LAN\u00c7AMENTO_DO_IPTU_2015.pdf\" target=\"_blank\">EDITAL DE LAN\u00c7AMENTO DO IPTU 2015<\/a><\/strong><\/p>\n","protected":false},"excerpt":{"rendered":"<p>DECRETO N\u00ba 339 DE 15 DE MAR\u00c7O DE 2024 \u201cDisp\u00f5e sobre a prorroga\u00e7\u00e3o dos prazos para o pagamento do Imposto sobre a Propriedade Predial e Territorial Urbana \u2013 IPTU, do Imposto Sobre Servi\u00e7o de Qualquer Natureza \u2013 ISSQN e da Taxa de Alvar\u00e1 de Funcionamento referente ao exerc\u00edcio de 2024 e d\u00e1 outras provid\u00eancias.\u201d LEI [&hellip;]<\/p>\n","protected":false},"author":2,"featured_media":0,"parent":20,"menu_order":21,"comment_status":"open","ping_status":"open","template":"","meta":{"footnotes":""},"class_list":["post-844","page","type-page","status-publish","hentry"],"_links":{"self":[{"href":"https:\/\/cgm.riobranco.ac.gov.br\/lai\/wp-json\/wp\/v2\/pages\/844","targetHints":{"allow":["GET"]}}],"collection":[{"href":"https:\/\/cgm.riobranco.ac.gov.br\/lai\/wp-json\/wp\/v2\/pages"}],"about":[{"href":"https:\/\/cgm.riobranco.ac.gov.br\/lai\/wp-json\/wp\/v2\/types\/page"}],"author":[{"embeddable":true,"href":"https:\/\/cgm.riobranco.ac.gov.br\/lai\/wp-json\/wp\/v2\/users\/2"}],"replies":[{"embeddable":true,"href":"https:\/\/cgm.riobranco.ac.gov.br\/lai\/wp-json\/wp\/v2\/comments?post=844"}],"version-history":[{"count":29,"href":"https:\/\/cgm.riobranco.ac.gov.br\/lai\/wp-json\/wp\/v2\/pages\/844\/revisions"}],"predecessor-version":[{"id":5755,"href":"https:\/\/cgm.riobranco.ac.gov.br\/lai\/wp-json\/wp\/v2\/pages\/844\/revisions\/5755"}],"up":[{"embeddable":true,"href":"https:\/\/cgm.riobranco.ac.gov.br\/lai\/wp-json\/wp\/v2\/pages\/20"}],"wp:attachment":[{"href":"https:\/\/cgm.riobranco.ac.gov.br\/lai\/wp-json\/wp\/v2\/media?parent=844"}],"curies":[{"name":"wp","href":"https:\/\/api.w.org\/{rel}","templated":true}]}}