{"id":858,"date":"2015-06-08T16:57:31","date_gmt":"2015-06-08T16:57:31","guid":{"rendered":"http:\/\/portalcgm.riobranco.ac.gov.br\/lai\/?page_id=858"},"modified":"2023-09-15T11:15:34","modified_gmt":"2023-09-15T16:15:34","slug":"descarte-e-coleta-de-materiais","status":"publish","type":"page","link":"https:\/\/cgm.riobranco.ac.gov.br\/lai\/orientacoes\/descarte-e-coleta-de-materiais\/","title":{"rendered":"Descarte e Coleta de Materiais &#8211; Res\u00edduos S\u00f3lidos"},"content":{"rendered":"<hr \/>\n<p style=\"text-align: justify;\"><strong><a href=\"https:\/\/cgm.riobranco.ac.gov.br\/lai\/wp-content\/uploads\/2015\/06\/LEI-MUNICIPAL-N\u00ba-2.466-DE-20.07.2023-Autoriza-a-filia\u00e7\u00e3o-Cons\u00f3rcio-Intermunicipal-de-Coleta-Destina\u00e7\u00e3o-e-Tratamento-de-Res\u00edduos-CINRESOAC.pdf\" target=\"_blank\">LEI MUNICIPAL N\u00ba 2.466 DE 20 DE JULHO DE 2023<\/a><\/strong><\/p>\n<p style=\"text-align: justify;\">\u201cAutoriza a filia\u00e7\u00e3o do Poder Executivo do Munic\u00edpio de Rio Branco no Cons\u00f3rcio Intermunicipal de Coleta, Destina\u00e7\u00e3o e Tratamento de Res\u00edduos S\u00f3lidos Urbanos \u2013 CINRESOAC\u201d.<\/p>\n<p style=\"text-align: justify;\"><strong><a href=\"https:\/\/cgm.riobranco.ac.gov.br\/lai\/wp-content\/uploads\/2015\/06\/DECRETO-N\u00ba-1151-2022-Comit\u00ea-intersecretarial-de-implementa\u00e7\u00e3o-da-pol\u00edtica-municipal-de-res\u00edduos-s\u00f3lidos.pdf\" target=\"_blank\">DECRETO N\u00ba 1.151 DE 26 DE JULHO DE 2022<\/a><\/strong><\/p>\n<p style=\"text-align: justify;\">&#8220;Fica criado o Comit\u00ea Intersecretarial de implementa\u00e7\u00e3o da Pol\u00edtica Municipal de Res\u00edduos S\u00f3lidos, com o objetivo de coordenar, discutir e revisar o Plano de Gest\u00e3o Integrada de Res\u00edduos S\u00f3lidos do Munic\u00edpio de Rio Branco (PMGIRS) e do Plano Municipal de Coleta Seletiva (PMCS), parte integrante do referido PMGIRS.&#8221;<\/p>\n<p style=\"text-align: justify;\"><strong><a href=\"https:\/\/cgm.riobranco.ac.gov.br\/lai\/wp-content\/uploads\/2015\/06\/LEI-N\u00ba-2.258-de-04-de-Dezembro-de-2017-Institui-a-Pol\u00edtica-Municipal-de-Res\u00edduos-S\u00f3lidos-e-o-Plano-de-Gest\u00e3o-Integrada-de-Res\u00edduos-S\u00f3lidos.pdf\" target=\"_blank\">LEI N\u00ba 2.258 DE 04 DE DEZEMBRO DE 2017<\/a><\/strong><\/p>\n<p style=\"text-align: justify;\">\u201cInstitui a Pol\u00edtica Municipal de Res\u00edduos S\u00f3lidos e o Plano de Gest\u00e3o Integrada de Res\u00edduos S\u00f3lidos do Munic\u00edpio de Rio Branco.\u201d<\/p>\n<p style=\"text-align: justify;\"><strong><a href=\"https:\/\/cgm.riobranco.ac.gov.br\/lai\/wp-content\/uploads\/2015\/06\/DECRETO-N\u00ba-778-2017-Altera-o-Decreto-1145-2017-Residuos-Solidos-de-servi\u00e7os-de-sa\u00fades.pdf\" target=\"_blank\">DECRETO N\u00ba 778 DE 07 DE MAR\u00c7O DE 2017<\/a><\/strong><\/p>\n<p style=\"text-align: justify;\">&#8220;Altera o Decreto n\u00b0 1.145, de 27 de\u00a0outubro de 2015\u201d<\/p>\n<p style=\"text-align: justify;\"><strong><a href=\"https:\/\/cgm.riobranco.ac.gov.br\/lai\/wp-content\/uploads\/2015\/06\/2015-DECRETO-N\u00ba-1145-2015-Regulamenta-o-cadastramento-sanit\u00e1rio-Res\u00edduos-S\u00f3lidos.pdf\" target=\"_blank\">DECRETO N\u00ba 1.145 DE 27 DE OUTUBRO DE 2015<\/a><\/strong><\/p>\n<p style=\"text-align: justify;\">\u201cRegulamenta as condi\u00e7\u00f5es e expedi\u00e7\u00e3o do termo de cadastramento sanit\u00e1rio para o funcionamento tempor\u00e1rio de empresas sujeitas ao licenciamento sanit\u00e1rio, que realizam a coleta, transporte, tratamento e disposi\u00e7\u00e3o final de res\u00edduos s\u00f3lidos de servi\u00e7o de sa\u00fade &#8211; RSS, no \u00e2mbito do munic\u00edpio de Rio Branco. \u201d<\/p>\n<p style=\"text-align: justify;\"><strong><a href=\"https:\/\/cgm.riobranco.ac.gov.br\/lai\/wp-content\/uploads\/2015\/06\/LEI-N\u00ba-2.107-DE-20-DE-MARCO-DE-2015.pdf\" target=\"_blank\">LEI N\u00ba 2.107 DE 20 DE MAR\u00c7O DE 2015<\/a><\/strong><\/p>\n<p style=\"text-align: justify;\">\u201cDisp\u00f5e sobre o manejo dos res\u00edduos s\u00f3lidos de servi\u00e7o de sa\u00fade e d\u00e1 outras provid\u00eancias.\u201d<\/p>\n<p style=\"text-align: justify;\"><strong><a href=\"https:\/\/cgm.riobranco.ac.gov.br\/lai\/wp-content\/uploads\/2015\/06\/DECRETO-N\u00ba-409-2014-Cria-o-Comit\u00ea-Intersecretarial-de-Implementa\u00e7\u00e3o-da-Pol\u00edtica-Municipal-de-Res\u00edduos-S\u00f3lidos.pdf\" target=\"_blank\">DECRETO N\u00ba 409 DE 03 DE ABRIL DE 2014<\/a><\/strong><\/p>\n<p style=\"text-align: justify;\">\u201cCria o Comit\u00ea Intersecretarial de Implementa\u00e7\u00e3o da Pol\u00edtica Municipal de Res\u00edduos S\u00f3lidos\u201d.<\/p>\n<p style=\"text-align: justify;\"><strong><a href=\"https:\/\/cgm.riobranco.ac.gov.br\/lai\/wp-content\/uploads\/2015\/06\/LEI-N\u00ba-1.572-DE-08-DE-DEZEMBRO-DE-2005.pdf\" target=\"_blank\">LEI N\u00ba 1.572 DE 08 DE DEZEMBRO DE 2005<\/a><\/strong><\/p>\n<p style=\"text-align: justify;\">\u201cDisp\u00f5e sobre o descarte, coleta, reutiliza\u00e7\u00e3o, reciclagem, tratamento ou dispositivo final de pilhas e baterias usadas, no Munic\u00edpio de Rio Branco.\u201d<\/p>\n<p style=\"text-align: justify;\"><strong><a href=\"https:\/\/cgm.riobranco.ac.gov.br\/lai\/wp-content\/uploads\/2015\/06\/LEI-N\u00ba-1.571-DE-08-DE-DEZEMBRO-DE-2005.pdf\" target=\"_blank\">LEI N\u00ba 1.571 DE 08 DE DEZEMBRO DE 2005<\/a><\/strong><\/p>\n<p style=\"text-align: justify;\">\u201cDisp\u00f5e sobre a disposi\u00e7\u00e3o final de pneus inserv\u00edveis no Munic\u00edpio de Rio Branco.\u201d<\/p>\n","protected":false},"excerpt":{"rendered":"<p>LEI MUNICIPAL N\u00ba 2.466 DE 20 DE JULHO DE 2023 \u201cAutoriza a filia\u00e7\u00e3o do Poder Executivo do Munic\u00edpio de Rio Branco no Cons\u00f3rcio Intermunicipal de Coleta, Destina\u00e7\u00e3o e Tratamento de Res\u00edduos S\u00f3lidos Urbanos \u2013 CINRESOAC\u201d. DECRETO N\u00ba 1.151 DE 26 DE JULHO DE 2022 &#8220;Fica criado o Comit\u00ea Intersecretarial de implementa\u00e7\u00e3o da Pol\u00edtica Municipal de [&hellip;]<\/p>\n","protected":false},"author":2,"featured_media":0,"parent":20,"menu_order":13,"comment_status":"open","ping_status":"open","template":"","meta":{"footnotes":""},"class_list":["post-858","page","type-page","status-publish","hentry"],"_links":{"self":[{"href":"https:\/\/cgm.riobranco.ac.gov.br\/lai\/wp-json\/wp\/v2\/pages\/858","targetHints":{"allow":["GET"]}}],"collection":[{"href":"https:\/\/cgm.riobranco.ac.gov.br\/lai\/wp-json\/wp\/v2\/pages"}],"about":[{"href":"https:\/\/cgm.riobranco.ac.gov.br\/lai\/wp-json\/wp\/v2\/types\/page"}],"author":[{"embeddable":true,"href":"https:\/\/cgm.riobranco.ac.gov.br\/lai\/wp-json\/wp\/v2\/users\/2"}],"replies":[{"embeddable":true,"href":"https:\/\/cgm.riobranco.ac.gov.br\/lai\/wp-json\/wp\/v2\/comments?post=858"}],"version-history":[{"count":13,"href":"https:\/\/cgm.riobranco.ac.gov.br\/lai\/wp-json\/wp\/v2\/pages\/858\/revisions"}],"predecessor-version":[{"id":5262,"href":"https:\/\/cgm.riobranco.ac.gov.br\/lai\/wp-json\/wp\/v2\/pages\/858\/revisions\/5262"}],"up":[{"embeddable":true,"href":"https:\/\/cgm.riobranco.ac.gov.br\/lai\/wp-json\/wp\/v2\/pages\/20"}],"wp:attachment":[{"href":"https:\/\/cgm.riobranco.ac.gov.br\/lai\/wp-json\/wp\/v2\/media?parent=858"}],"curies":[{"name":"wp","href":"https:\/\/api.w.org\/{rel}","templated":true}]}}