{"id":863,"date":"2015-06-08T17:00:41","date_gmt":"2015-06-08T17:00:41","guid":{"rendered":"http:\/\/portalcgm.riobranco.ac.gov.br\/lai\/?page_id=863"},"modified":"2023-07-21T15:33:19","modified_gmt":"2023-07-21T20:33:19","slug":"divulgacao-de-anuncios-e-instalacao-de-engenhos-publicitarios-no-municipio","status":"publish","type":"page","link":"https:\/\/cgm.riobranco.ac.gov.br\/lai\/orientacoes\/divulgacao-de-anuncios-e-instalacao-de-engenhos-publicitarios-no-municipio\/","title":{"rendered":"PUBLICIDADE E PROPAGANDA"},"content":{"rendered":"<hr \/>\n<p style=\"text-align: justify;\"><strong><a href=\"https:\/\/cgm.riobranco.ac.gov.br\/lai\/wp-content\/uploads\/2015\/06\/Cartilha-Rio-Branco-Mais-Limpa.pdf\" target=\"_blank\">CARTILHA RIO BRANCO MAIS LIMPA<\/a><\/strong>\u00a0(Lei n\u00ba 2.093 de 22 de dezembro de 2014)<\/p>\n<p style=\"text-align: justify;\"><strong><a href=\"https:\/\/cgm.riobranco.ac.gov.br\/lai\/wp-content\/uploads\/2015\/06\/2017-LEI-N\u00ba-2.263-de-15-de-dezembro-de-2017-Torna-obrigat\u00f3ria-a-indica\u00e7\u00e3o-do-n\u00famero-de-telefone-nas-placas.pdf\" target=\"_blank\">LEI N\u00ba 2.263 DE 15 DE DEZEMBRO DE 2017<\/a><\/strong><\/p>\n<p style=\"text-align: justify;\">\u201cTorna obrigat\u00f3ria a indica\u00e7\u00e3o do n\u00famero de telefone para reclama\u00e7\u00f5es nas placas sinalizadoras de vagas especiais de estacionamento.\u201d<\/p>\n<p style=\"text-align: justify;\"><strong><a href=\"https:\/\/cgm.riobranco.ac.gov.br\/lai\/wp-content\/uploads\/2015\/06\/2017-LEI-N\u00ba-2.247-de-01-de-setembro-de-2017-obrigatoriedade-dos-estabelecimentos-comerciais-de-afixar-em-locais-vis\u00edveis-os-n\u00fameros-de-taxi-e-moto-taxi.pdf\" target=\"_blank\">LEI N\u00ba 2.247 DE 01 DE SETEMBRO DE 2017<\/a><\/strong><\/p>\n<p style=\"text-align: justify;\">\u201cDisp\u00f5e sobre a obrigatoriedade dos estabelecimentos comerciais que servem bebidas alco\u00f3licas de afixar em card\u00e1pios e demais locais vis\u00edveis os n\u00fameros de telefones de cooperativas ou centrais de t\u00e1xi e d\u00e1 outras provid\u00eancias.\u201d<\/p>\n<p style=\"text-align: justify;\"><strong><a href=\"https:\/\/cgm.riobranco.ac.gov.br\/lai\/wp-content\/uploads\/2015\/06\/2016-LEI-N\u00ba-2.165-de-13-de-Janeiro-de-2016-Torna-obrigat\u00f3ria-a-exibi\u00e7\u00e3o-de-v\u00eddeos-educativos-antidrogas-em-eventos..pdf\" target=\"_blank\">LEI N\u00ba 2.165 DE 13 DE JANEIRO DE 2016<\/a><\/strong><\/p>\n<p style=\"text-align: justify;\">\u201cTorna obrigat\u00f3ria a exibi\u00e7\u00e3o de v\u00eddeos educativos antidrogas nas aberturas de shows e eventos culturais no Munic\u00edpio de Rio Branco e d\u00e1 outras provid\u00eancias.\u201d<\/p>\n<p style=\"text-align: justify;\"><strong><a href=\"https:\/\/cgm.riobranco.ac.gov.br\/lai\/wp-content\/uploads\/2015\/06\/Lei_2.093-2014-_Rio_Branco_mais_limpa.pdf\" target=\"_blank\">LEI N\u00ba 2.093 DE 22 DE DEZEMBRO DE 2014<\/a><\/strong><\/p>\n<p style=\"text-align: justify;\">\u201cDisp\u00f5e sobre a divulga\u00e7\u00e3o de an\u00fancios e instala\u00e7\u00e3o de engenhos publicit\u00e1rios no Munic\u00edpio de Rio Branco e d\u00e1 outras provid\u00eancias.\u201d<\/p>\n<p style=\"text-align: justify;\"><strong><a href=\"https:\/\/cgm.riobranco.ac.gov.br\/lai\/wp-content\/uploads\/2015\/06\/2014-LEI-N\u00ba-2.073-DE-21-DE-JULHO-DE-2014-Disp\u00f5e-sobre-a-valoriza\u00e7\u00e3o-das-pessoas-da-ra\u00e7a-negra-nas-pe\u00e7as-publicit\u00e1rias-da-Administra\u00e7\u00e3o-Municipal.pdf\" target=\"_blank\">LEI N\u00ba 2.073 DE 21 DE JULHO DE 2014<\/a><\/strong><\/p>\n<p style=\"text-align: justify;\">\u201cDisp\u00f5e sobre a valoriza\u00e7\u00e3o das pessoas da ra\u00e7a negra nas pe\u00e7as publicit\u00e1rias de \u00f3rg\u00e3os da Administra\u00e7\u00e3o Municipal.\u201d<\/p>\n<p style=\"text-align: justify;\"><strong><a href=\"https:\/\/cgm.riobranco.ac.gov.br\/lai\/wp-content\/uploads\/2015\/06\/2014-DECRETO-N\u00ba-803-2014-Regulamenta-a-Lei-n\u00ba-2.020-2013-fixa\u00e7\u00e3o-de-placa.pdf\" target=\"_blank\">DECRETO N\u00ba 803 DE 18 DE JUNHO DE 2014<\/a><\/strong><\/p>\n<p style=\"text-align: justify;\">\u201cRegulamenta a Lei Municipal n\u00ba 2.020, de 22 de novembro de 2013, que determina a fixa\u00e7\u00e3o de placa de advert\u00eancia sobre a explora\u00e7\u00e3o sexual de crian\u00e7as e adolescentes, e d\u00e1 outras provid\u00eancias\u201d.<\/p>\n<p style=\"text-align: justify;\"><strong><a href=\"https:\/\/cgm.riobranco.ac.gov.br\/lai\/wp-content\/uploads\/2015\/06\/2013-LEI-N\u00ba-2.020-DE-22.11.2013-Placa-de-Explora\u00e7\u00e3o-Sexual.pdf\" target=\"_blank\">LEI N\u00ba 2.020 DE 22 DE NOVEMBRO DE 2013<\/a><\/strong><\/p>\n<p style=\"text-align: justify;\">\u201cDetermina a fixa\u00e7\u00e3o de placa de advert\u00eancia sobre a explora\u00e7\u00e3o sexual de crian\u00e7as e adolescentes, e d\u00e1 outras provid\u00eancias.\u201d<\/p>\n<p style=\"text-align: justify;\"><strong><a href=\"https:\/\/cgm.riobranco.ac.gov.br\/lai\/wp-content\/uploads\/2015\/06\/2013-DECRETO-N\u00ba-1663-2013-Regulamenta-a-Lei-Municipal-n.\u00ba-1.865-2011-Publicidade-e-Propaganda.pdf\" target=\"_blank\">DECRETO N\u00ba 1.663 DE 25 DE JULHO DE 2013<\/a><\/strong><\/p>\n<p style=\"text-align: justify;\">\u201cRegulamenta a Lei Municipal n.\u00ba 1.865, de 30 de novembro de 2011 sobre a veicula\u00e7\u00e3o de publicidade e propaganda atrav\u00e9s dos ve\u00edculos de transporte p\u00fablico individual de passageiros, esp\u00e9cie t\u00e1xi, no Munic\u00edpio de Rio Branco.\u201d<\/p>\n<p style=\"text-align: justify;\"><strong><a href=\"https:\/\/cgm.riobranco.ac.gov.br\/lai\/wp-content\/uploads\/2015\/06\/2012-LEI-N\u00ba-1.918-de-05.07.2012-DISP\u00d5E-SOBRE-FIXA\u00c7\u00c3O-DE-PLACA-INFORMATIVA-NO-INTERIOR-DOS-TRANSPORTES-COLETIVOS.pdf\" target=\"_blank\">LEI N\u00ba 1.918 DE 05 DE JULHO DE 2012<\/a><\/strong><\/p>\n<p style=\"text-align: justify;\">\u201cDisp\u00f5e sobre a fixa\u00e7\u00e3o de placa informativa no interior dos transportes coletivos do Munic\u00edpio de Rio Branco-Acre\u201d.<\/p>\n<p style=\"text-align: justify;\"><strong><a href=\"https:\/\/cgm.riobranco.ac.gov.br\/lai\/wp-content\/uploads\/2015\/06\/2011-LEI-N\u00ba-1.866-de-30.11.2011-ISEN\u00c7\u00c3O-DA-TAXA-DE-ANUNCIO-T\u00c1XI.pdf\" target=\"_blank\">LEI N\u00ba 1.866 DE 30 DE NOVEMBRO DE 2011<\/a><\/strong><\/p>\n<p style=\"text-align: justify;\">\u201cDisp\u00f5e sobre a isen\u00e7\u00e3o da taxa de fiscaliza\u00e7\u00e3o de an\u00fancios para os contribuintes que veicularem gratuitamente propaganda institucional nos ve\u00edculos de transporte individual de passageiros, tipo t\u00e1xi, pelo per\u00edodo de 02 (dois) meses.\u201d<\/p>\n<p style=\"text-align: justify;\"><strong><a href=\"https:\/\/cgm.riobranco.ac.gov.br\/lai\/wp-content\/uploads\/2015\/06\/2011-LEI-N\u00ba-1.865-de-30.11.2011-PUBLICIDADE-E-PROPAGANDA-NOS-T\u00c1XIS.pdf\" target=\"_blank\">LEI N\u00ba 1.865 DE 30 DE NOVEMBRO DE 2011<\/a><\/strong><\/p>\n<p style=\"text-align: justify;\">\u201cDisp\u00f5e sobre a veicula\u00e7\u00e3o de publicidade e propaganda atrav\u00e9s dos ve\u00edculos de transporte p\u00fablico individual de passageiros, do tipo t\u00e1xi, no Munic\u00edpio de Rio Branco.\u201d<\/p>\n<p style=\"text-align: justify;\"><strong><a href=\"https:\/\/cgm.riobranco.ac.gov.br\/lai\/wp-content\/uploads\/2015\/06\/2011-LEI-N\u00ba-1.852-de-13.07.2011-Implanta\u00e7\u00e3o-de-Banners-contendo-placas-de-transito-nas-escolas.pdf\" target=\"_blank\">LEI N\u00ba 1.852 DE 13 DE JULHO DE 2011<\/a><\/strong><\/p>\n<p style=\"text-align: justify;\">&#8220;Disp\u00f5e sobre a implanta\u00e7\u00e3o de banners contendo placas de tr\u00e2nsito no interior das escolas municipais e privadas do Munic\u00edpio de Rio Branco, com car\u00e1ter educativo e informativo.&#8221;<\/p>\n<p style=\"text-align: justify;\"><strong><a href=\"https:\/\/cgm.riobranco.ac.gov.br\/lai\/wp-content\/uploads\/2015\/06\/2006-LEI-N\u00ba-1.607-de-16.08.2006-Espa\u00e7o-destinado-ao-Disque-Denuncia-nos-Veiculos.pdf\" target=\"_blank\">LEI N\u00ba 1.607 DE 16 DE OUTUBRO DE 2006<\/a><\/strong><\/p>\n<p style=\"text-align: justify;\">&#8220;Ficam as empresas que operam no Sistema de Transporte Coletivo do Munic\u00edpio de Rio Branco, obrigadas a destinar espa\u00e7o no interior de seus ve\u00edculos, destinado \u00e0 divulga\u00e7\u00e3o de n\u00fameros de telefone do Disque-den\u00fancia Nacional da Secretaria Especial de Direitos Humanos e demais institui\u00e7\u00f5es que atuam no enfrentamento a viol\u00eancia contra a crian\u00e7a e adolescente.&#8221;<\/p>\n","protected":false},"excerpt":{"rendered":"<p>CARTILHA RIO BRANCO MAIS LIMPA\u00a0(Lei n\u00ba 2.093 de 22 de dezembro de 2014) LEI N\u00ba 2.263 DE 15 DE DEZEMBRO DE 2017 \u201cTorna obrigat\u00f3ria a indica\u00e7\u00e3o do n\u00famero de telefone para reclama\u00e7\u00f5es nas placas sinalizadoras de vagas especiais de estacionamento.\u201d LEI N\u00ba 2.247 DE 01 DE SETEMBRO DE 2017 \u201cDisp\u00f5e sobre a obrigatoriedade dos estabelecimentos [&hellip;]<\/p>\n","protected":false},"author":2,"featured_media":0,"parent":20,"menu_order":35,"comment_status":"open","ping_status":"open","template":"","meta":{"footnotes":""},"class_list":["post-863","page","type-page","status-publish","hentry"],"_links":{"self":[{"href":"https:\/\/cgm.riobranco.ac.gov.br\/lai\/wp-json\/wp\/v2\/pages\/863","targetHints":{"allow":["GET"]}}],"collection":[{"href":"https:\/\/cgm.riobranco.ac.gov.br\/lai\/wp-json\/wp\/v2\/pages"}],"about":[{"href":"https:\/\/cgm.riobranco.ac.gov.br\/lai\/wp-json\/wp\/v2\/types\/page"}],"author":[{"embeddable":true,"href":"https:\/\/cgm.riobranco.ac.gov.br\/lai\/wp-json\/wp\/v2\/users\/2"}],"replies":[{"embeddable":true,"href":"https:\/\/cgm.riobranco.ac.gov.br\/lai\/wp-json\/wp\/v2\/comments?post=863"}],"version-history":[{"count":10,"href":"https:\/\/cgm.riobranco.ac.gov.br\/lai\/wp-json\/wp\/v2\/pages\/863\/revisions"}],"predecessor-version":[{"id":4933,"href":"https:\/\/cgm.riobranco.ac.gov.br\/lai\/wp-json\/wp\/v2\/pages\/863\/revisions\/4933"}],"up":[{"embeddable":true,"href":"https:\/\/cgm.riobranco.ac.gov.br\/lai\/wp-json\/wp\/v2\/pages\/20"}],"wp:attachment":[{"href":"https:\/\/cgm.riobranco.ac.gov.br\/lai\/wp-json\/wp\/v2\/media?parent=863"}],"curies":[{"name":"wp","href":"https:\/\/api.w.org\/{rel}","templated":true}]}}