{"id":927,"date":"2015-06-08T21:58:50","date_gmt":"2015-06-08T21:58:50","guid":{"rendered":"http:\/\/portalcgm.riobranco.ac.gov.br\/lai\/?page_id=927"},"modified":"2023-09-18T15:32:19","modified_gmt":"2023-09-18T20:32:19","slug":"parcelamento-de-debitos-tributarios","status":"publish","type":"page","link":"https:\/\/cgm.riobranco.ac.gov.br\/lai\/orientacoes\/parcelamento-de-debitos-tributarios\/","title":{"rendered":"Parcelamento de D\u00e9bitos Tribut\u00e1rios &#8211; REFIS"},"content":{"rendered":"<hr \/>\n<p style=\"text-align: justify;\"><strong><a href=\"https:\/\/cgm.riobranco.ac.gov.br\/lai\/wp-content\/uploads\/2012\/05\/LEI-COMPLEMENTAR-N\u00ba-234-DE-18.07.2023-Institui-o-REFIS-SAERB-2023.pdf\" target=\"_blank\">LEI COMPLEMENTAR N\u00ba 234 DE 18 DE JULHO DE 2023<\/a><\/strong><\/p>\n<p style=\"text-align: justify;\">\u201cInstitui o Programa de Regulariza\u00e7\u00e3o de D\u00edvidas Vencidas no \u00e2mbito do Servi\u00e7o de \u00c1gua e Esgoto de Rio Branco \u2013 SAERB e d\u00e1 outras provid\u00eancias\u201d.<\/p>\n<p style=\"text-align: justify;\"><strong><a href=\"https:\/\/cgm.riobranco.ac.gov.br\/lai\/wp-content\/uploads\/2015\/06\/LEI-COMPLEMENTAR-N\u00ba-224-DE-12.06.2023-Institui-o-Programa-de-Recupera\u00e7\u00e3o-Fiscal-de-Rio-Branco-Acre-\u2013-REFIS-2023.pdf\" target=\"_blank\">LEI COMPLEMENTAR N\u00ba 224 DE 12 DE JUNHO DE 2023<\/a><\/strong><\/p>\n<p style=\"text-align: justify;\">\u201cInstitui o Programa de Recupera\u00e7\u00e3o Fiscal de Rio Branco &#8211; Acre \u2013 REFIS 2023, e d\u00e1 outras provid\u00eancias.\u201d<\/p>\n<p style=\"text-align: justify;\"><strong><a href=\"https:\/\/cgm.riobranco.ac.gov.br\/portal\/wp-content\/uploads\/2013\/10\/LEI-COMPLEMENTAR-N%C2%BA-187-DE-31.10.2022-Direito-do-contribuinte-para-realizar-a-compensa%C3%A7%C3%A3o-de-d%C3%A9bitos-tribut%C3%A1rios-e-n%C3%A3o-tribut%C3%A1rios.pdf\" target=\"_blank\">LEI COMPLEMENTAR N\u00ba 187 DE 31 DE OUTUBRO DE 2022<\/a><\/strong><\/p>\n<p style=\"text-align: justify;\">\u201cDisp\u00f5e sobre o direito do contribuinte para realizar a compensa\u00e7\u00e3o de d\u00e9bitos tribut\u00e1rios e n\u00e3o tribut\u00e1rios com o Munic\u00edpio de Rio Branco, inscritos em D\u00edvida Ativa, com cr\u00e9ditos objeto de Precat\u00f3rio Judicial\u201d.<\/p>\n<p><strong><a href=\"https:\/\/cgm.riobranco.ac.gov.br\/lai\/wp-content\/uploads\/2015\/06\/LEI-COMPLEMENTAR-N\u00ba-151-DE-12.05.2022-Programa-de-Recupera\u00e7\u00e3o-Fiscal-de-Rio-Branco-Acre-REFIS-2022.pdf\" target=\"_blank\">LEI COMPLEMENTAR N\u00ba 151 DE 12 DE MAIO DE 2022<\/a><\/strong><\/p>\n<p>\u201cInstitui o Programa de Recupera\u00e7\u00e3o Fiscal de Rio Branco \u2013 Acre \u2013 REFIS 2022 e d\u00e1 outras provid\u00eancias.\u201d<\/p>\n<p style=\"text-align: justify;\"><strong><a href=\"https:\/\/cgm.riobranco.ac.gov.br\/lai\/wp-content\/uploads\/2015\/06\/LEI-COMPLEMENTAR-N\u00ba-121-DE-07.12.2021-Altera-o-\u00a7-3\u00b0-do-Art.-3\u00b0-da-Lei-Complementar-n\u00ba-104-2021-REFIS-2021.pdf\" target=\"_blank\">LEI COMPLEMENTAR N\u00ba 121 DE 07 DE DEZEMBRO DE 2021<\/a><\/strong><\/p>\n<p style=\"text-align: justify;\">\u201cAltera o \u00a7 3\u00b0, do Art. 3\u00b0, da Lei Complementar n\u00b0 104, de 24 de mar\u00e7o de 2021, que instituiu o Programa de Recupera\u00e7\u00e3o Fiscal do Munic\u00edpio de Rio Branco \u2013 REFIS 2021 e d\u00e1 outras provid\u00eancias.\u201d<\/p>\n<p style=\"text-align: justify;\"><strong><a href=\"https:\/\/cgm.riobranco.ac.gov.br\/portal\/wp-content\/uploads\/2013\/10\/LEI-COMPLEMENTAR-N%C2%BA-114-DE-19.08.2021-Altera-Lei-Complementar-N%C2%BA-104-2021-Instituiu-o-Programa-de-Recupera%C3%A7%C3%A3o-Fiscal-REFIS-2021.pdf\" target=\"_blank\">LEI COMPLEMENTAR N.\u00ba 114 DE 19 DE AGOSTO DE 2021<\/a><\/strong><\/p>\n<p style=\"text-align: justify;\">\u201cAlterar o \u00a7 3.\u00ba, do Art. 3.\u00ba, da Lei Complementar n. \u00ba 104, de 24 de mar\u00e7o de 2021, que instituiu o Programa de Recupera\u00e7\u00e3o Fiscal do Munic\u00edpio de Rio Branco \u2013 REFIS 2021 e d\u00e1 outras provid\u00eancias\u201d.<\/p>\n<p style=\"text-align: justify;\"><strong><a href=\"https:\/\/cgm.riobranco.ac.gov.br\/lai\/wp-content\/uploads\/2015\/06\/LEI-COMPLEMENTAR-N\u00ba-104-DE-24.03.2021-Institui-o-Programa-de-Recupera\u00e7\u00e3o-Fiscal-de-Rio-Branco-\u2013-REFIS-2021.pdf\" target=\"_blank\">LEI COMPLEMENTAR N\u00ba 104 DE 24 DE MAR\u00c7O DE 2021<\/a>\u00a0<\/strong><span style=\"color: #ff0000;\">(Alterada pela\u00a0LEI COMPLEMENTAR N.\u00ba 114 DE 19 DE AGOSTO DE 2021 e pela LEI COMPLEMENTAR N\u00ba 121 DE 07 DE DEZEMBRO DE 2021)<\/span><\/p>\n<p style=\"text-align: justify;\">\u201cInstitui o Programa de Recupera\u00e7\u00e3o Fiscal de Rio Branco &#8211; Acre \u2013 REFIS 2021 e d\u00e1 outras provid\u00eancias.\u201d<\/p>\n<p style=\"text-align: justify;\"><strong><a href=\"https:\/\/cgm.riobranco.ac.gov.br\/lai\/wp-content\/uploads\/2015\/06\/LEI-COMPLEMENTAR-N\u00ba-076-DE-29.11.2019-Institui-o-Programa-de-Aux\u00edlio-\u00e0-Regulariza\u00e7\u00e3o-Fiscal-dos-Contribuintes-de-Rio-Branco-PARF.pdf\" target=\"_blank\">LEI COMPLEMENTAR N\u00ba 76 DE 29 DE NOVEMBRO DE 2019<\/a><\/strong><\/p>\n<p style=\"text-align: justify;\">\u201cInstitui o Programa de Aux\u00edlio \u00e0 Regulariza\u00e7\u00e3o Fiscal dos Contribuintes de Rio Branco &#8211; PARF e d\u00e1 outras provid\u00eancias.\u201d<\/p>\n<p style=\"text-align: justify;\"><strong><a href=\"https:\/\/cgm.riobranco.ac.gov.br\/lai\/wp-content\/uploads\/2015\/06\/LEI-COMPLEMENTAR-N\u00ba-27-DE-28.09.2017-Institui-o-Programa-de-Recupera\u00e7\u00e3o-Fiscal-do-Munic\u00edpio-de-Rio-Branco-REFIS.pdf\" target=\"_blank\">LEI COMPLEMENTAR N\u00ba 27 DE 28 DE SETEMBRO DE 2017<\/a><\/strong><\/p>\n<p style=\"text-align: justify;\">\u201cInstitui o Programa de Recupera\u00e7\u00e3o\u00a0Fiscal do Munic\u00edpio de Rio Branco &#8211; REFIS e d\u00e1 outras provid\u00eancias.\u201d<\/p>\n<p style=\"text-align: justify;\"><strong><a href=\"https:\/\/cgm.riobranco.ac.gov.br\/lai\/wp-content\/uploads\/2015\/06\/LEI-N\u00ba-1.957-DE-20-DE-FEVEREIRO-DE-2013.pdf\" target=\"_blank\">LEI N\u00ba 1.957 DE 20 DE FEVEREIRO DE 2013<\/a><\/strong><\/p>\n<p style=\"text-align: justify;\">\u201cAutoriza o Poder Executivo a Dispensar, Reduzir D\u00e9bitos, Juros e Multas e a Conceder Parcelamento de Cr\u00e9ditos Tribut\u00e1rios, de Pre\u00e7os ou Tarifas\u201d.<\/p>\n","protected":false},"excerpt":{"rendered":"<p>LEI COMPLEMENTAR N\u00ba 234 DE 18 DE JULHO DE 2023 \u201cInstitui o Programa de Regulariza\u00e7\u00e3o de D\u00edvidas Vencidas no \u00e2mbito do Servi\u00e7o de \u00c1gua e Esgoto de Rio Branco \u2013 SAERB e d\u00e1 outras provid\u00eancias\u201d. LEI COMPLEMENTAR N\u00ba 224 DE 12 DE JUNHO DE 2023 \u201cInstitui o Programa de Recupera\u00e7\u00e3o Fiscal de Rio Branco &#8211; [&hellip;]<\/p>\n","protected":false},"author":2,"featured_media":0,"parent":20,"menu_order":28,"comment_status":"open","ping_status":"open","template":"","meta":{"footnotes":""},"class_list":["post-927","page","type-page","status-publish","hentry"],"_links":{"self":[{"href":"https:\/\/cgm.riobranco.ac.gov.br\/lai\/wp-json\/wp\/v2\/pages\/927","targetHints":{"allow":["GET"]}}],"collection":[{"href":"https:\/\/cgm.riobranco.ac.gov.br\/lai\/wp-json\/wp\/v2\/pages"}],"about":[{"href":"https:\/\/cgm.riobranco.ac.gov.br\/lai\/wp-json\/wp\/v2\/types\/page"}],"author":[{"embeddable":true,"href":"https:\/\/cgm.riobranco.ac.gov.br\/lai\/wp-json\/wp\/v2\/users\/2"}],"replies":[{"embeddable":true,"href":"https:\/\/cgm.riobranco.ac.gov.br\/lai\/wp-json\/wp\/v2\/comments?post=927"}],"version-history":[{"count":20,"href":"https:\/\/cgm.riobranco.ac.gov.br\/lai\/wp-json\/wp\/v2\/pages\/927\/revisions"}],"predecessor-version":[{"id":5272,"href":"https:\/\/cgm.riobranco.ac.gov.br\/lai\/wp-json\/wp\/v2\/pages\/927\/revisions\/5272"}],"up":[{"embeddable":true,"href":"https:\/\/cgm.riobranco.ac.gov.br\/lai\/wp-json\/wp\/v2\/pages\/20"}],"wp:attachment":[{"href":"https:\/\/cgm.riobranco.ac.gov.br\/lai\/wp-json\/wp\/v2\/media?parent=927"}],"curies":[{"name":"wp","href":"https:\/\/api.w.org\/{rel}","templated":true}]}}