{"id":140,"date":"2015-02-05T18:40:43","date_gmt":"2015-02-05T23:40:43","guid":{"rendered":"http:\/\/portalcgm.riobranco.ac.gov.br\/portal\/?page_id=140"},"modified":"2015-06-01T09:39:01","modified_gmt":"2015-06-01T14:39:01","slug":"mapa-do-site","status":"publish","type":"page","link":"https:\/\/cgm.riobranco.ac.gov.br\/portal\/mapa-do-site\/","title":{"rendered":"Mapa do Site"},"content":{"rendered":"<ul>\n<li><strong><a title=\"Acessibilidade\" href=\"http:\/\/portalcgm.riobranco.ac.gov.br\/portal\/acessibilidade\/\">ACESSIBILIDADE<\/a><\/strong><\/li>\n<\/ul>\n<ul>\n<li><strong>CONTROLE INTERNO E CONTABILIDADE<\/strong>\n<ul>\n<li><a href=\"http:\/\/portalcgm.riobranco.ac.gov.br\/portal\/controle-interno-e-contabilidade\/cadastro-contadores\/\">Cadastro de Contadores<\/a><\/li>\n<li><a href=\"http:\/\/portalcgm.riobranco.ac.gov.br\/portal\/controle-interno-e-contabilidade\/cadastro-ordenadores-despesas\/\">Cadastro de Ordenadores de Despesas<\/a><\/li>\n<li><a href=\"http:\/\/portalcgm.riobranco.ac.gov.br\/portal\/controle-interno-e-contabilidade\/contabilidade-aplicada-setor-publico\/\">Contabilidade Aplicada ao Setor P\u00fablico<\/a><\/li>\n<li><a href=\"http:\/\/portalcgm.riobranco.ac.gov.br\/portal\/controle-interno-e-contabilidade\/contratacao-pessoal-tempo-determinado\/\">Contrata\u00e7\u00e3o de Pessoal por Tempo Determinado<\/a><\/li>\n<li><a href=\"http:\/\/portalcgm.riobranco.ac.gov.br\/portal\/controle-interno-e-contabilidade\/decreto-de-medidas-administrativas-temporarias-para-contencao-de-despesas\/\">Decreto de Medidas Administrativas Tempor\u00e1rias para Conten\u00e7\u00e3o e Otimiza\u00e7\u00e3o de Despesas<\/a><\/li>\n<li><a href=\"http:\/\/portalcgm.riobranco.ac.gov.br\/portal\/controle-interno-e-contabilidade\/decreto-de-encerramento-do-exercicio-de-2013\/\">Decreto de Encerramento do Exerc\u00edcio Financeiro\u00a0<\/a><\/li>\n<li><a href=\"http:\/\/portalcgm.riobranco.ac.gov.br\/portal\/controle-interno-e-contabilidade\/instrucao-normativa-conjunta-no-002-de-17-de-agosto-de-2009\/\">Instru\u00e7\u00e3o Normativa Conjunta N\u00ba 002, de 17 de Agosto de 2009<\/a><\/li>\n<li><a href=\"http:\/\/portalcgm.riobranco.ac.gov.br\/portal\/controle-interno-e-contabilidade\/fiscalizacao-contratos-administrativos\/\">Fiscaliza\u00e7\u00e3o e Acompanhamento de Contratos Administrativos<\/a><\/li>\n<li><a href=\"http:\/\/portalcgm.riobranco.ac.gov.br\/portal\/controle-interno-e-contabilidade\/lei-no-12-846-de-1o-de-agosto-de-2013-lei-anticorrupcao\/\">Lei n\u00ba 12.846, de 1\u00ba de agosto de 2013 &#8211; Lei Anticorrup\u00e7\u00e3o<\/a><\/li>\n<li><a href=\"http:\/\/portalcgm.riobranco.ac.gov.br\/portal\/controle-interno-e-contabilidade\/modelos-de-extrato-publicacao-doe\/\">Modelos de Extratos para Publica\u00e7\u00e3o no DOE<\/a><\/li>\n<li><a href=\"http:\/\/portalcgm.riobranco.ac.gov.br\/portal\/controle-interno-e-contabilidade\/normas-organizacao\/\">Normas de Organiza\u00e7\u00e3o do Relat\u00f3rio de Gest\u00e3o e da Presta\u00e7\u00e3o de Contas<\/a><\/li>\n<li><a href=\"http:\/\/portalcgm.riobranco.ac.gov.br\/portal\/controle-interno-e-contabilidade\/normas-patrimonial\/\">Normas do Sistema de Administra\u00e7\u00e3o Patrimonial do Munic\u00edpio de Rio Branco<\/a><\/li>\n<li><a href=\"http:\/\/portalcgm.riobranco.ac.gov.br\/portal\/controle-interno-e-contabilidade\/organizacao-sistema-controle-interno\/\">Organiza\u00e7\u00e3o do Sistema de Controle Interno Municipal<\/a><\/li>\n<li><a href=\"http:\/\/portalcgm.riobranco.ac.gov.br\/portal\/controle-interno-e-contabilidade\/orientacoes-tecnicas\/\">Orienta\u00e7\u00f5es T\u00e9cnicas da CGM<\/a><\/li>\n<li><a href=\"http:\/\/portalcgm.riobranco.ac.gov.br\/portal\/controle-interno-e-contabilidade\/instrucao-normativa-cgm-no-0012014\/\">Instru\u00e7\u00e3o Normativa CGM N\u00ba 001\/2014<\/a><\/li>\n<li><a href=\"http:\/\/portalcgm.riobranco.ac.gov.br\/portal\/controle-interno-e-contabilidade\/regulamenta-a-retencao-do-imposto-sobre-servicos-de-qualquer-natureza\/\">Regulamenta a reten\u00e7\u00e3o do Imposto sobre Servi\u00e7os de Qualquer Natureza &#8211; ISSQN<\/a><\/li>\n<li><a href=\"http:\/\/portalcgm.riobranco.ac.gov.br\/portal\/controle-interno-e-contabilidade\/resolucoes-do-tceac\/\">Resolu\u00e7\u00f5es do TCE\/AC<\/a><\/li>\n<li><a href=\"http:\/\/portalcgm.riobranco.ac.gov.br\/portal\/controle-interno-e-contabilidade\/terceirizacao-de-servicos-na-administracao-municipal\/\">Terceiriza\u00e7\u00e3o de Servi\u00e7os na Administra\u00e7\u00e3o Municipal<\/a><\/li>\n<li><a href=\"http:\/\/portalcgm.riobranco.ac.gov.br\/portal\/controle-interno-e-contabilidade\/termo-de-cooperacao-tecnica-entre-o-tce-e-o-municipio-de-rio-branco\/\">Termo de Coopera\u00e7\u00e3o T\u00e9cnica entre o TCE e o Munic\u00edpio de Rio Branco<\/a><\/li>\n<li><a href=\"http:\/\/portalcgm.riobranco.ac.gov.br\/portal\/controle-interno-e-contabilidade\/utilizacao-de-veiculos-oficiais-pela-administracao-publica\/\">Utiliza\u00e7\u00e3o de Ve\u00edculos Oficiais pela Administra\u00e7\u00e3o P\u00fablica<\/a><\/li>\n<li><a href=\"http:\/\/portalcgm.riobranco.ac.gov.br\/portal\/controle-interno-e-contabilidade\/comissao-permanente-de-controle-do-mobiliario-municipal-cpcm\/\">Comiss\u00e3o Permanente de Controle do Mobili\u00e1rio Municipal &#8211; CPCM<\/a><\/li>\n<\/ul>\n<\/li>\n<\/ul>\n<ul>\n<li><strong>CONV\u00caNIOS<\/strong>\n<ul>\n<li><a href=\"http:\/\/portalcgm.riobranco.ac.gov.br\/portal\/convenios\/demonstrativo-de-receitas-e-demonstrativo-de-despesas\/\">Conv\u00eanios de Receita e de Despesa<\/a><\/li>\n<li><a href=\"http:\/\/portalcgm.riobranco.ac.gov.br\/portal\/convenios\/legislacao-2\/\">Legisla\u00e7\u00e3o<\/a><\/li>\n<\/ul>\n<\/li>\n<\/ul>\n<ul>\n<li><strong><a title=\"Despesas\" href=\"http:\/\/portalcgm.riobranco.ac.gov.br\/portal\/despesas\/\">DESPESAS<\/a><\/strong><\/li>\n<\/ul>\n<ul>\n<li><strong>DI\u00c1RIAS<\/strong>\n<ul>\n<li><a title=\"Demonstrativo das Concess\u00f5es e Comprova\u00e7\u00f5es\" href=\"http:\/\/portalcgm.riobranco.ac.gov.br\/portal\/diarias\/demonstrativo-das-concessoes-e-comprovacoes\/\">Demonstrativo das Concess\u00f5es e Comprova\u00e7\u00f5es<\/a><\/li>\n<li><a title=\"Legisla\u00e7\u00e3o e Formul\u00e1rios\" href=\"http:\/\/portalcgm.riobranco.ac.gov.br\/portal\/diarias\/legislacao-e-formularios\/\">Legisla\u00e7\u00e3o e Formul\u00e1rios<\/a><\/li>\n<\/ul>\n<\/li>\n<\/ul>\n<ul>\n<li><strong>ESTAGI\u00c1RIOS<\/strong>\n<ul>\n<li><a href=\"http:\/\/portalcgm.riobranco.ac.gov.br\/portal\/estagiarios\/demonstrativos-dos-recrutamentos\/\">Demonstrativos dos Recrutamentos<\/a><\/li>\n<li><a href=\"http:\/\/portalcgm.riobranco.ac.gov.br\/portal\/estagiarios\/legislacao\/\">Legisla\u00e7\u00e3o<\/a><\/li>\n<\/ul>\n<\/li>\n<\/ul>\n<ul>\n<li><strong><a title=\"Gloss\u00e1rio\" href=\"http:\/\/portalcgm.riobranco.ac.gov.br\/portal\/glossario\/\">GLOSS\u00c1RIO<\/a><\/strong><\/li>\n<\/ul>\n<ul>\n<li><strong><a title=\"Legisla\u00e7\u00e3o\" href=\"http:\/\/portalcgm.riobranco.ac.gov.br\/portal\/legislacao\/\">LEGISLA\u00c7\u00c3O<\/a><\/strong><\/li>\n<\/ul>\n<ul>\n<li><strong>LICITA\u00c7\u00d5ES E CONTRATOS<\/strong>\n<ul>\n<li><a href=\"http:\/\/portalcgm.riobranco.ac.gov.br\/portal\/licitacoes-e-contratos\/demonstrativo-de-licitacoes-e-contratos\/\">Licita\u00e7\u00f5es, Contratos e Obras<\/a><\/li>\n<li><a href=\"http:\/\/portalcgm.riobranco.ac.gov.br\/portal\/licitacoes-e-contratos\/legislacao\/\">Legisla\u00e7\u00e3o<\/a><\/li>\n<\/ul>\n<\/li>\n<\/ul>\n<ul>\n<li><strong><a title=\"Links \u00dateis\" href=\"http:\/\/portalcgm.riobranco.ac.gov.br\/portal\/links-uteis\/\">LINKS \u00daTEIS<\/a><\/strong><\/li>\n<\/ul>\n<ul>\n<li><strong><a title=\"Mapa do Site\" href=\"http:\/\/portalcgm.riobranco.ac.gov.br\/portal\/mapa-do-site\/\">MAPA DO SITE<\/a><\/strong><\/li>\n<\/ul>\n<ul>\n<li><strong>PLANEJAMENTO MUNICIPAL<\/strong>\n<ul>\n<li><a href=\"http:\/\/portalcgm.riobranco.ac.gov.br\/portal\/planejamento-municipal\/ppa\/\">Plano Plurianual 2014\/2017<\/a><\/li>\n<li><a href=\"http:\/\/portalcgm.riobranco.ac.gov.br\/portal\/planejamento-municipal\/ldo2010\/\">Lei de Diretrizes Or\u00e7ament\u00e1rias\u00a0&#8211; LDO<\/a><\/li>\n<li><a href=\"http:\/\/portalcgm.riobranco.ac.gov.br\/portal\/planejamento-municipal\/loa2010\/\">Lei Or\u00e7ament\u00e1ria Anual &#8211; LOA<\/a><\/li>\n<li><a href=\"http:\/\/portalcgm.riobranco.ac.gov.br\/portal\/planejamento-municipal\/mapa-de-processos\/\">Mapa Estrat\u00e9gico<\/a><\/li>\n<\/ul>\n<\/li>\n<\/ul>\n<ul>\n<li><strong><a title=\"Planos, Programas e A\u00e7\u00f5es\" href=\"http:\/\/portalcgm.riobranco.ac.gov.br\/portal\/planos-programas-e-acoes\/\">PLANOS, PROGRAMAS E A\u00c7\u00d5ES<\/a><\/strong><\/li>\n<\/ul>\n<ul>\n<li><strong>PRECAT\u00d3RIOS<\/strong>\n<ul>\n<li><a title=\"Decreto\" href=\"http:\/\/portalcgm.riobranco.ac.gov.br\/portal\/precatorios\/decreto-11692010\/\">Decreto<\/a><\/li>\n<li><a title=\"Deposito\" href=\"http:\/\/portalcgm.riobranco.ac.gov.br\/portal\/precatorios\/deposito\/\">Deposito<\/a><\/li>\n<li><a title=\"Lista\" href=\"http:\/\/portalcgm.riobranco.ac.gov.br\/portal\/precatorios\/lista\/\">Lista<\/a><\/li>\n<\/ul>\n<\/li>\n<\/ul>\n<ul>\n<li><strong>PRESTA\u00c7\u00c3O DE CONTAS<\/strong>\n<ul>\n<li><a href=\"http:\/\/portalcgm.riobranco.ac.gov.br\/portal\/prestacao-de-contas\/aviso-aos-contribuintes\/\">Aviso aos Contribuintes<\/a><\/li>\n<li><a title=\"Anexos da Lei 4.320\/64\" href=\"http:\/\/portalcgm.riobranco.ac.gov.br\/portal\/prestacao-de-contas\/anexos-da-lei-4-32064\/\">Anexos da Lei 4.320\/64<\/a><\/li>\n<li><a href=\"http:\/\/portalcgm.riobranco.ac.gov.br\/portal\/prestacao-de-contas\/resolucao-tceac-no-0872013\/\">Resolu\u00e7\u00e3o TCE\/AC n\u00ba 087\/2013<\/a><\/li>\n<li><a href=\"http:\/\/portalcgm.riobranco.ac.gov.br\/portal\/?page_id=871\">Decretos de Acesso a Movimenta\u00e7\u00e3o Banc\u00e1ria<\/a><\/li>\n<li><a title=\"DECRETO N\u00ba 987\/2014 - Cronograma de Obriga\u00e7\u00f5es da Gest\u00e3o para Presta\u00e7\u00e3o de Contas\" href=\"http:\/\/portalcgm.riobranco.ac.gov.br\/portal\/prestacao-de-contas\/decreto-no-9872014-cronograma-de-obrigacoes-da-gestao-para-prestacao-de-contas\/\">DECRETO N\u00ba 987\/2014 &#8211; Cronograma de Obriga\u00e7\u00f5es da Gest\u00e3o para Presta\u00e7\u00e3o de Contas<\/a><\/li>\n<li><a href=\"http:\/\/portalcgm.riobranco.ac.gov.br\/portal\/?page_id=1533\">Julgamento das Presta\u00e7\u00f5es de Contas no TCE\/AC<\/a><\/li>\n<\/ul>\n<\/li>\n<\/ul>\n<ul>\n<li><strong><a title=\"Receitas\" href=\"http:\/\/portalcgm.riobranco.ac.gov.br\/portal\/receitas\/\">RECEITAS<\/a><\/strong><\/li>\n<\/ul>\n<ul>\n<li><strong>RESPONSABILIDADE FISCAL<\/strong>\n<ul>\n<li><a title=\"Aprova\u00e7\u00e3o dos RGF e RREO pelo TCE\/AC\" href=\"http:\/\/portalcgm.riobranco.ac.gov.br\/portal\/responsabilidade-fiscal\/aprovacao-dos-relatorios-pelo-tce\/\">Aprova\u00e7\u00e3o dos RGF e RREO pelo TCE\/AC<\/a><\/li>\n<li><a href=\"http:\/\/portalcgm.riobranco.ac.gov.br\/portal\/responsabilidade-fiscal\/programacao-financeira-e-cronograma-mensal-de-desembolso\/\">Programa\u00e7\u00e3o Financeira e Cronograma mensal de desembolso<\/a><\/li>\n<li><a href=\"http:\/\/portalcgm.riobranco.ac.gov.br\/portal\/responsabilidade-fiscal\/relatorio-resumido-da-execucao-orcamentaria\/\">Relat\u00f3rio Resumido de Execu\u00e7\u00e3o Or\u00e7ament\u00e1ria &#8211; RREO<\/a><\/li>\n<li><a href=\"http:\/\/portalcgm.riobranco.ac.gov.br\/portal\/responsabilidade-fiscal\/relatorio-de-gestao-fiscal\/\">Relat\u00f3rio de Gest\u00e3o Fiscal &#8211; RGF<\/a><\/li>\n<\/ul>\n<\/li>\n<\/ul>\n<ul>\n<li><strong>SERVIDORES<\/strong>\n<ul>\n<li><a href=\"http:\/\/portalcgm.riobranco.ac.gov.br\/portal\/servidores\/atribuicoes-e-descricoes-dos-cargos\/\">Atribui\u00e7\u00f5es e Descri\u00e7\u00f5es dos Cargos<\/a><\/li>\n<li><a href=\"http:\/\/portalcgm.riobranco.ac.gov.br\/portal\/servidores\/calendario-de-feriados-e-pontos-facultativos-decreto\/\">Calend\u00e1rio de Feriados e Pontos Facultativo<\/a>s<\/li>\n<li><a href=\"http:\/\/portalcgm.riobranco.ac.gov.br\/portal\/servidores\/calendario-de-pagamentos-e-remuneracoes-decretos\/\">Calend\u00e1rio de Pagamentos e Remunera\u00e7\u00f5es<\/a><\/li>\n<li><a href=\"http:\/\/portalcgm.riobranco.ac.gov.br\/portal\/servidores\/cedidos\/\">Cedidos<\/a><\/li>\n<li><a href=\"http:\/\/portalcgm.riobranco.ac.gov.br\/portal\/servidores\/grupo-ocupacional\/\">Grupo Ocupacional<\/a><\/li>\n<li><a href=\"http:\/\/portalcgm.riobranco.ac.gov.br\/portal\/servidores\/jornada-de-trabalho\/\">Jornada de Trabalho<\/a><\/li>\n<li><a href=\"http:\/\/portalcgm.riobranco.ac.gov.br\/portal\/servidores\/legislacao\/\">Legisla\u00e7\u00e3o<\/a><\/li>\n<li><a href=\"http:\/\/portalcgm.riobranco.ac.gov.br\/portal\/servidores\/remuneracao-ativosdados-funcionais_ativos_marco\/\">Remunera\u00e7\u00e3o &#8211; Ativos<\/a><\/li>\n<li><a href=\"http:\/\/portalcgm.riobranco.ac.gov.br\/portal\/servidores\/remuneracao-inativostemporarios\/\">Remunera\u00e7\u00e3o &#8211; Inativos\/Pensionistas<\/a><\/li>\n<li><a href=\"http:\/\/portalcgm.riobranco.ac.gov.br\/portal\/servidores\/remuneracao-temporarios\/\">Remunera\u00e7\u00e3o &#8211; Tempor\u00e1rios<\/a><\/li>\n<li><a href=\"http:\/\/portalcgm.riobranco.ac.gov.br\/portal\/servidores\/responsabilidade-dos-prefeitos-e-vereadores-decreto\/\">Responsabilidade dos Prefeitos e Vereadores<\/a><\/li>\n<li><a href=\"http:\/\/portalcgm.riobranco.ac.gov.br\/portal\/servidores\/sancoes-aplicaveis-aos-agentes-publicos-lei\/\">San\u00e7\u00f5es aplic\u00e1veis aos Agentes P\u00fablicos<\/a><\/li>\n<li><a href=\"http:\/\/portalcgm.riobranco.ac.gov.br\/portal\/servidores\/tabela-de-adicional-de-atencao-a-saude\/\">Tabela de Adicional de Aten\u00e7\u00e3o a Sa\u00fade<\/a><\/li>\n<li><a href=\"http:\/\/portalcgm.riobranco.ac.gov.br\/portal\/servidores\/tabela-de-adicionais-de-esf-pab-e-avs\/\">Tabelas de Adicionais de ESF, PAB e AVS<\/a><\/li>\n<li><a href=\"http:\/\/portalcgm.riobranco.ac.gov.br\/portal\/servidores\/tabela-de-dedicacao-integral-de-chefe-de-campo-tabela-de-indenizacao-de-campo-e-tabela-de-direcao-de-unidade-de-saude-da-familia\/\">Tabela de Dedica\u00e7\u00e3o Integral de Chefe de Campo, Tabela de Indeniza\u00e7\u00e3o de Campo; e Tabela de Dire\u00e7\u00e3o de Unidade B\u00e1sica de Sa\u00fade da Fam\u00edlia<\/a><\/li>\n<li><a href=\"http:\/\/portalcgm.riobranco.ac.gov.br\/portal\/servidores\/tabela-de-gratificacao-de-diretores-e-coordenadores-administrativos\/\">Tabela de Gratifica\u00e7\u00e3o de Diretores e Coordenadores Administrativos<\/a><\/li>\n<li><a href=\"http:\/\/portalcgm.riobranco.ac.gov.br\/portal\/servidores\/tabela-de-valores-de-plantoes\/\">Tabela de Valores de Plant\u00f5es<\/a><\/li>\n<li><a href=\"http:\/\/portalcgm.riobranco.ac.gov.br\/portal\/servidores\/tabela-de-vantagem-por-desempenho-profissional-dos-professores-vdp\/\">Tabela de Vantagem por Desempenho Profissional dos Professores &#8211; VDP<\/a><\/li>\n<li><a href=\"http:\/\/portalcgm.riobranco.ac.gov.br\/portal\/servidores\/tabela-de-vencimentos\/\">Tabela de Vencimentos<\/a><\/li>\n<\/ul>\n<\/li>\n<\/ul>\n<ul>\n<li><strong><a href=\"http:\/\/esic.riobranco.ac.gov.br\/sistema\/site\/index.html?ReturnUrl=%2fsistema%2f\">PORTAL E-SIC &#8211; Sistema Eletr\u00f4nico do Servi\u00e7o de Informa\u00e7\u00e3o ao Cidad\u00e3o<\/a><\/strong><\/li>\n<\/ul>\n<ul>\n<li><a href=\"http:\/\/portalcgm.riobranco.ac.gov.br\/lai\/\"><strong>PORTAL LAI &#8211; Portal de Acesso a Informa\u00e7\u00e3o<\/strong><\/a><\/li>\n<\/ul>\n","protected":false},"excerpt":{"rendered":"<p>ACESSIBILIDADE CONTROLE INTERNO E CONTABILIDADE Cadastro de Contadores Cadastro de Ordenadores de Despesas Contabilidade Aplicada ao Setor P\u00fablico Contrata\u00e7\u00e3o de Pessoal por Tempo Determinado Decreto de Medidas Administrativas Tempor\u00e1rias para Conten\u00e7\u00e3o e Otimiza\u00e7\u00e3o de Despesas Decreto de Encerramento do Exerc\u00edcio Financeiro\u00a0 Instru\u00e7\u00e3o Normativa Conjunta N\u00ba 002, de 17 de Agosto de 2009 Fiscaliza\u00e7\u00e3o e Acompanhamento &hellip; <a href=\"https:\/\/cgm.riobranco.ac.gov.br\/portal\/mapa-do-site\/\" class=\"more-link\">Continue reading <span class=\"screen-reader-text\">Mapa do Site<\/span><\/a><\/p>\n","protected":false},"author":2,"featured_media":0,"parent":0,"menu_order":0,"comment_status":"open","ping_status":"open","template":"","meta":{"footnotes":""},"class_list":["post-140","page","type-page","status-publish","hentry"],"_links":{"self":[{"href":"https:\/\/cgm.riobranco.ac.gov.br\/portal\/wp-json\/wp\/v2\/pages\/140"}],"collection":[{"href":"https:\/\/cgm.riobranco.ac.gov.br\/portal\/wp-json\/wp\/v2\/pages"}],"about":[{"href":"https:\/\/cgm.riobranco.ac.gov.br\/portal\/wp-json\/wp\/v2\/types\/page"}],"author":[{"embeddable":true,"href":"https:\/\/cgm.riobranco.ac.gov.br\/portal\/wp-json\/wp\/v2\/users\/2"}],"replies":[{"embeddable":true,"href":"https:\/\/cgm.riobranco.ac.gov.br\/portal\/wp-json\/wp\/v2\/comments?post=140"}],"version-history":[{"count":35,"href":"https:\/\/cgm.riobranco.ac.gov.br\/portal\/wp-json\/wp\/v2\/pages\/140\/revisions"}],"predecessor-version":[{"id":1712,"href":"https:\/\/cgm.riobranco.ac.gov.br\/portal\/wp-json\/wp\/v2\/pages\/140\/revisions\/1712"}],"wp:attachment":[{"href":"https:\/\/cgm.riobranco.ac.gov.br\/portal\/wp-json\/wp\/v2\/media?parent=140"}],"curies":[{"name":"wp","href":"https:\/\/api.w.org\/{rel}","templated":true}]}}