{"id":144,"date":"2015-02-05T18:41:10","date_gmt":"2015-02-05T23:41:10","guid":{"rendered":"http:\/\/portalcgm.riobranco.ac.gov.br\/portal\/?page_id=144"},"modified":"2019-07-12T15:29:27","modified_gmt":"2019-07-12T20:29:27","slug":"legislacao","status":"publish","type":"page","link":"https:\/\/cgm.riobranco.ac.gov.br\/portal\/legislacao\/","title":{"rendered":"Legisla\u00e7\u00e3o"},"content":{"rendered":"<ul>\n<li><a href=\"http:\/\/portalcgm.riobranco.ac.gov.br\/portal\/wp-content\/uploads\/2015\/02\/DECRETO-N\u00ba-1.381-DE-27-DE-MAIO-DE-2010.docx\" target=\"_blank\">Decreto N\u00ba 1.381 de 27 de maio de 2010<\/a>\u00a0&#8211;\u00a0Disp\u00f5e sobre a divulga\u00e7\u00e3o dos dados e informa\u00e7\u00f5es pelos \u00f3rg\u00e3os e entidades da administra\u00e7\u00e3o p\u00fablica municipal, por meio da Rede Mundial de Computadores.<\/li>\n<li><a href=\"http:\/\/portalcgm.riobranco.ac.gov.br\/portal\/wp-content\/uploads\/2015\/02\/LEI-COMPLEMENTAR-N\u00ba-30-DE-14.12.2017-Institui-a-Lei-Org\u00e2nica-da-Administra\u00e7\u00e3o-Tribut\u00e1ria-do-Munic\u00edpio-de-Rio-Branco.pdf\" target=\"_blank\">Lei Org\u00e2nica da Administra\u00e7\u00e3o Tribut\u00e1ria do Munic\u00edpio de Rio Branco<\/a><\/li>\n<li><a href=\"http:\/\/portalcgm.riobranco.ac.gov.br\/portal\/wp-content\/uploads\/2015\/02\/LEI-COMPLEMENTAR-N\u00b0-38-DE-27-DE-DEZEMBRO-DE-1993-LEI-ORG\u00c2NICA-DO-TCE.pdf\" target=\"_blank\">Lei Org\u00e2nica do Tribunal de Contas do Estado do Acre &#8211; TCE<\/a><\/li>\n<\/ul>\n<hr \/>\n<p style=\"text-align: justify;\">\n","protected":false},"excerpt":{"rendered":"<p>Decreto N\u00ba 1.381 de 27 de maio de 2010\u00a0&#8211;\u00a0Disp\u00f5e sobre a divulga\u00e7\u00e3o dos dados e informa\u00e7\u00f5es pelos \u00f3rg\u00e3os e entidades da administra\u00e7\u00e3o p\u00fablica municipal, por meio da Rede Mundial de Computadores. Lei Org\u00e2nica da Administra\u00e7\u00e3o Tribut\u00e1ria do Munic\u00edpio de Rio Branco Lei Org\u00e2nica do Tribunal de Contas do Estado do Acre &#8211; TCE<\/p>\n","protected":false},"author":2,"featured_media":0,"parent":0,"menu_order":0,"comment_status":"open","ping_status":"open","template":"legislacao_template.php","meta":{"footnotes":""},"class_list":["post-144","page","type-page","status-publish","hentry"],"_links":{"self":[{"href":"https:\/\/cgm.riobranco.ac.gov.br\/portal\/wp-json\/wp\/v2\/pages\/144"}],"collection":[{"href":"https:\/\/cgm.riobranco.ac.gov.br\/portal\/wp-json\/wp\/v2\/pages"}],"about":[{"href":"https:\/\/cgm.riobranco.ac.gov.br\/portal\/wp-json\/wp\/v2\/types\/page"}],"author":[{"embeddable":true,"href":"https:\/\/cgm.riobranco.ac.gov.br\/portal\/wp-json\/wp\/v2\/users\/2"}],"replies":[{"embeddable":true,"href":"https:\/\/cgm.riobranco.ac.gov.br\/portal\/wp-json\/wp\/v2\/comments?post=144"}],"version-history":[{"count":23,"href":"https:\/\/cgm.riobranco.ac.gov.br\/portal\/wp-json\/wp\/v2\/pages\/144\/revisions"}],"predecessor-version":[{"id":5710,"href":"https:\/\/cgm.riobranco.ac.gov.br\/portal\/wp-json\/wp\/v2\/pages\/144\/revisions\/5710"}],"wp:attachment":[{"href":"https:\/\/cgm.riobranco.ac.gov.br\/portal\/wp-json\/wp\/v2\/media?parent=144"}],"curies":[{"name":"wp","href":"https:\/\/api.w.org\/{rel}","templated":true}]}}