{"id":163,"date":"2015-02-20T18:37:30","date_gmt":"2015-02-20T23:37:30","guid":{"rendered":"http:\/\/portalcgm.riobranco.ac.gov.br\/portal\/?page_id=163"},"modified":"2024-05-06T18:44:57","modified_gmt":"2024-05-06T23:44:57","slug":"planos-programas-e-acoes","status":"publish","type":"page","link":"https:\/\/cgm.riobranco.ac.gov.br\/portal\/planos-programas-e-acoes\/","title":{"rendered":"Planos, Programas e A\u00e7\u00f5es"},"content":{"rendered":"<hr \/>\n<h4 style=\"text-align: justify;\">A\u00c7\u00d5ES<\/h4>\n<p style=\"text-align: justify;\"><strong><a href=\"http:\/\/portalcgm.riobranco.ac.gov.br\/portal\/wp-content\/uploads\/2015\/02\/Instru\u00e7\u00f5es-e-Especifica\u00e7\u00f5es-T\u00e9cnicas-para-Servi\u00e7os-de-Conserva\u00e7\u00e3o-Manuten\u00e7\u00e3o-e-Recupera\u00e7\u00e3o-de-Vias-na-Cidade-de-Rio-Branco.pdf\" target=\"_blank\">INSTRU\u00c7\u00d5ES E ESPECIFICA\u00c7\u00d5ES T\u00c9CNICAS PARA SERVI\u00c7OS DE CONSERVA\u00c7\u00c3O, MANUTEN\u00c7\u00c3O E RECUPERA\u00c7\u00c3O\/RESTAURA\u00c7\u00c3O DE VIAS NA CIDADE DE RIO BRANCO\/AC<\/a><\/strong><\/p>\n<p style=\"text-align: justify;\"><strong><a href=\"http:\/\/portalcgm.riobranco.ac.gov.br\/portal\/wp-content\/uploads\/2015\/02\/LEI-N\u00ba-1.960-DE-20-DE-FEVEREIRO-DE-2013.pdf\" target=\"_blank\">PROJETO AMIGOS DA CIDADE<\/a><\/strong><\/p>\n<p style=\"text-align: justify;\"><strong><a href=\"http:\/\/portalcgm.riobranco.ac.gov.br\/portal\/wp-content\/uploads\/2015\/02\/LEI-N\u00ba-1.960-DE-20-DE-FEVEREIRO-DE-2013.pdf\" target=\"_blank\">POL\u00cdTICA DE COOPERATIVISMO DO MUNIC\u00cdPIO DE RIO BRANCO<\/a><\/strong><\/p>\n<p style=\"text-align: justify;\"><strong><a href=\"http:\/\/portalcgm.riobranco.ac.gov.br\/portal\/wp-content\/uploads\/2013\/10\/LEI-COMPLEMENTAR-N%C2%BA-253-DE-18.10.2023-Plano-Municipal-de-Saneamento-B%C3%A1sico.pdf\" target=\"_blank\">POL\u00cdTICA MUNICIPAL DE SANEAMENTO B\u00c1SICO &#8211; SAERB<\/a><\/strong><\/p>\n<hr \/>\n<h4 class=\"entry-title\" style=\"text-align: justify;\">PLANOS<\/h4>\n<p style=\"text-align: justify;\"><strong><a href=\"http:\/\/portalcgm.riobranco.ac.gov.br\/portal\/wp-content\/uploads\/2015\/02\/PLANO-DE-CONTING\u00caNCIA-DE-ARBOVIROSES-2023.pdf\" target=\"_blank\">PLANO DE CONTING\u00caNCIA DE ARBOVIROSES 2023 (DENGUE, ZICA E CHIKUNGUNYA)<\/a><\/strong><\/p>\n<p style=\"text-align: justify;\"><strong><a href=\"http:\/\/portalcgm.riobranco.ac.gov.br\/portal\/wp-content\/uploads\/2015\/02\/PLANO-DE-PREVENC\u0327A\u0303O-E-COMBATE-AS-QUEIMADAS-URBANAS-2022.pdf\" target=\"_blank\">PLANO DE PREVENC\u0327A\u0303O E COMBATE AS QUEIMADAS URBANAS 2022<\/a><\/strong><\/p>\n<p style=\"text-align: justify;\"><strong><a href=\"http:\/\/portalcgm.riobranco.ac.gov.br\/portal\/wp-content\/uploads\/2015\/02\/PLANO-DE-A\u00c7\u00c3O-DA-COMUNICA\u00c7\u00c3O-2021.pdf\" target=\"_blank\">PLANO DE A\u00c7\u00c3O DA COMUNICA\u00c7\u00c3O 2021<\/a><\/strong><\/p>\n<p style=\"text-align: justify;\"><strong><a href=\"http:\/\/portalcgm.riobranco.ac.gov.br\/portal\/wp-content\/uploads\/2015\/02\/PLANO-MUNICIPAL-DE-SANEAMENTO-B\u00c1SICO.rar\">PLANO MUNICIPAL DE SANEAMENTO B\u00c1SICO<\/a><\/strong><\/p>\n<p style=\"text-align: justify;\"><strong><a title=\"PLANO MUNICIPAL DE PARCERIA P\u00daBLICO-PRIVADAS 2017\/2018\" href=\"http:\/\/portalcgm.riobranco.ac.gov.br\/portal\/legislacao\/plano-municipal-de-parceria-publico-privadas\/\" target=\"_blank\">PLANO MUNICIPAL DE PARCERIAS P\u00daBLICO-PRIVADAS 2017\/2018<\/a><\/strong><\/p>\n<p style=\"text-align: justify;\"><strong><a href=\"http:\/\/portalcgm.riobranco.ac.gov.br\/portal\/wp-content\/uploads\/2015\/02\/LEI-N\u00ba-2.258-de-04-de-Dezembro-de-2017-Institui-a-Pol\u00edtica-Municipal-de-Res\u00edduos-S\u00f3lidos-e-o-Plano-de-Gest\u00e3o-Integrada-de-Res\u00edduos-S\u00f3lidos.pdf\" target=\"_blank\">PLANO MUNICIPAL DE GEST\u00c3O INTEGRADA DE RES\u00cdDUOS S\u00d3LIDOS DE RIO BRANCO &#8211; PMGIRS<\/a><\/strong><\/p>\n<p style=\"text-align: justify;\"><strong><a href=\"http:\/\/portalcgm.riobranco.ac.gov.br\/portal\/wp-content\/uploads\/2015\/02\/PLANO-MUNICIPAL-DE-SA\u00daDE-2022-2025.pdf\" target=\"_blank\">PLANO MUNICIPAL DE SA\u00daDE 2022-2025<\/a><\/strong><\/p>\n<p style=\"text-align: justify;\"><strong><a href=\"http:\/\/portalcgm.riobranco.ac.gov.br\/portal\/wp-content\/uploads\/2015\/02\/PLANO-MUNICIPAL-DE-SA\u00daDE-2018-A-2021.pdf\" target=\"_blank\">PLANO MUNICIPAL DE SA\u00daDE 2018-2021<\/a><\/strong><\/p>\n<p style=\"text-align: justify;\"><strong><a href=\"http:\/\/portalcgm.riobranco.ac.gov.br\/portal\/wp-content\/uploads\/2015\/02\/PLANO-MUNICIPAL-DE-SAUDE-2014-2017.pdf\" target=\"_blank\">PLANO MUNICIPAL DE SA\u00daDE 2014-2017<\/a><\/strong><\/p>\n<p style=\"text-align: justify;\"><strong><a href=\"http:\/\/portalcgm.riobranco.ac.gov.br\/portal\/wp-content\/uploads\/2015\/02\/DECRETO-N\u00ba-392-2015-Institucionaliza-o-Plano-Municipal-de-Mobilidade-Urbana.doc\" target=\"_blank\">PLANO MUNICIPAL DE MOBILIDADE URBANA<\/a><\/strong><\/p>\n<p style=\"text-align: justify;\"><strong><a href=\"http:\/\/portalcgm.riobranco.ac.gov.br\/portal\/wp-content\/uploads\/2015\/02\/Plano-Municipal-de-Educa\u00e7\u00e3o-2015-2025.rar\" target=\"_blank\">PLANO MUNICIPAL DE EDUCA\u00c7\u00c3O PARA O DEC\u00caNIO 2015-2025<\/a><\/strong><\/p>\n<p style=\"text-align: justify;\"><strong><a href=\"http:\/\/portalcgm.riobranco.ac.gov.br\/portal\/legislacao\/plano-diretor-transportes-transito\/\" target=\"_blank\">PLANO DIRETOR DE TRANSPORTES E TR\u00c2NSITO \u2013 PDTT<\/a><\/strong><\/p>\n<p style=\"text-align: justify;\"><strong><a href=\"http:\/\/portalcgm.riobranco.ac.gov.br\/portal\/legislacao\/plano-diretor\/\" target=\"_blank\">PLANO DIRETOR DO MUNIC\u00cdPIO DE RIO BRANCO<\/a><\/strong><\/p>\n<p style=\"text-align: justify;\"><strong><a href=\"http:\/\/portalcgm.riobranco.ac.gov.br\/portal\/wp-content\/uploads\/2015\/02\/LEI-N\u00ba-612-DE-25.06.1986-Plano-Diretor-de-Organiza\u00e7\u00e3o-Fisico-Territorial-de-Rio-Branco.pdf\" target=\"_blank\">PLANO DIRETOR DE ORGANIZA\u00c7\u00c3O F\u00cdSICO-TERRITORIAL DO MUNIC\u00cdPIO DE RIO BRANCO<\/a><\/strong><\/p>\n<p style=\"text-align: justify;\"><strong><a href=\"http:\/\/www.fnde.gov.br\/fnde\/legislacao\/resolucoes\/item\/3524-resolu%C3%A7%C3%A3o-cd-fnde-n%C2%BA-14-de-08-de-junho-de-2012\" target=\"_blank\">PLANO DE A\u00c7\u00d5ES ARTICULADAS (PAR)\/FNDE<\/a><\/strong><\/p>\n<p style=\"text-align: justify;\"><strong><a href=\"http:\/\/portalcgm.riobranco.ac.gov.br\/portal\/wp-content\/uploads\/2015\/02\/PLANO-DE-CONTIG\u00caNCIA-OPERACIONAL-DE-QUEIMADAS-E-INC\u00caNDIOS-FLORESTAIS-2016.docx\" target=\"_blank\">PLANO DE CONTING\u00caNCIA OPERACIONAL DE QUEIMADAS E INC\u00caNDIOS FLORESTAIS 2016<\/a><\/strong><\/p>\n<p style=\"text-align: justify;\"><strong><a href=\"http:\/\/portalcgm.riobranco.ac.gov.br\/portal\/wp-content\/uploads\/2015\/02\/DECRETO-ESTADUAL-N\u00ba-5.003-DE-1\u00ba-DE-JULHO-DE-2016-ESTADO-DE-ALERTA-AMBIENTAL-2016.pdf\" target=\"_blank\">DECRETO ESTADUAL N\u00ba 5.003 DE 1\u00ba DE JULHO DE 2016 &#8211; DECLARA ESTADO DE ALERTA AMBIENTAL 2016<\/a><\/strong><\/p>\n<p style=\"text-align: justify;\"><strong><a href=\"http:\/\/portalcgm.riobranco.ac.gov.br\/portal\/wp-content\/uploads\/2015\/02\/PLANO-DE-CONTING\u00caNCIA-DE-INUNDA\u00c7\u00c3O-2023.pdf\" target=\"_blank\">PLANO DE CONTING\u00caNCIA &#8211; INUNDA\u00c7\u00c3O 2023<\/a><\/strong><\/p>\n<p style=\"text-align: justify;\"><strong><a href=\"http:\/\/portalcgm.riobranco.ac.gov.br\/portal\/wp-content\/uploads\/2015\/02\/PLANO-DE-CONTING\u00caNCIA-INUNDA\u00c7\u00c3O-PMRB-2022.pdf\" target=\"_blank\">PLANO DE CONTING\u00caNCIA &#8211; INUNDA\u00c7\u00c3O 2022<\/a><\/strong><\/p>\n<p style=\"text-align: justify;\"><strong><a href=\"http:\/\/portalcgm.riobranco.ac.gov.br\/portal\/wp-content\/uploads\/2015\/02\/PLANO-DE-CONTING\u00caNCIA-INUNDA\u00c7\u00c3O-PMRB-2021.pdf\" target=\"_blank\">PLANO DE CONTING\u00caNCIA &#8211; INUNDA\u00c7\u00c3O 2021<\/a><\/strong><\/p>\n<p style=\"text-align: justify;\"><strong><a href=\"http:\/\/portalcgm.riobranco.ac.gov.br\/portal\/wp-content\/uploads\/2015\/02\/PLANO-DE-CONTING\u00caNCIA-OPERACIONAL-DE-ENCHENTE-2019.pdf\" target=\"_blank\">PLANO DE CONTING\u00caNCIA OPERACIONAL DE ENCHENTE\/2019<\/a><\/strong><\/p>\n<p style=\"text-align: justify;\"><strong><a href=\"http:\/\/portalcgm.riobranco.ac.gov.br\/portal\/wp-content\/uploads\/2015\/02\/PLANO-DE-CONTING\u00caNCIA-OPERACIONAL-DE-ENCHENTE-2018.pdf\" target=\"_blank\">PLANO DE CONTING\u00caNCIA OPERACIONAL DE ENCHENTE\/2018<\/a><\/strong><\/p>\n<p style=\"text-align: justify;\"><strong><a href=\"http:\/\/portalcgm.riobranco.ac.gov.br\/portal\/wp-content\/uploads\/2015\/02\/PLANO-DE-CONTING\u00caNCIA-OPERACIONAL-DE-ENCHENTE-2017.pdf\" target=\"_blank\">PLANO DE CONTING\u00caNCIA OPERACIONAL DE ENCHENTE\/2017<\/a><\/strong><\/p>\n<p style=\"text-align: justify;\"><strong><a href=\"http:\/\/portalcgm.riobranco.ac.gov.br\/portal\/wp-content\/uploads\/2015\/02\/PLANO-DE-CONTING\u00caNCIA-OPERACIONAL-DE-ENCHENTE-2016.pdf\" target=\"_blank\">PLANO DE CONTING\u00caNCIA OPERACIONAL DE ENCHENTE\/2016<\/a><\/strong><\/p>\n<p style=\"text-align: justify;\"><strong><a href=\"http:\/\/portalcgm.riobranco.ac.gov.br\/portal\/wp-content\/uploads\/2015\/02\/PLANO-DE-CONTIG\u00caNCIA-OPERACIONAL-DE-ENCHENTE-2015.pdf\" target=\"_blank\">PLANO DE CONTING\u00caNCIA OPERACIONAL DE ENCHENTE\/2015<\/a><\/strong><\/p>\n<p style=\"text-align: justify;\"><strong><a href=\"http:\/\/portalcgm.riobranco.ac.gov.br\/portal\/wp-content\/uploads\/2015\/02\/PLANO-DE-CONTIG\u00caNCIA-OPERACIONAL-DE-ENCHENTE-2014.pdf\" target=\"_blank\">PLANO DE CONTING\u00caNCIA OPERACIONAL DE ENCHENTE\/2014<\/a><\/strong><\/p>\n<p style=\"text-align: justify;\"><strong><a href=\"http:\/\/portalcgm.riobranco.ac.gov.br\/portal\/wp-content\/uploads\/2015\/02\/PLANO-DE-CONTIGENCIA-OPERACIONAL-DE-ENCHENTE-2013.pdf\" target=\"_blank\">PLANO DE CONTING\u00caNCIA OPERACIONAL DE ENCHENTE\/2013<\/a><\/strong><\/p>\n<p style=\"text-align: justify;\"><strong><a href=\"http:\/\/portalcgm.riobranco.ac.gov.br\/portal\/wp-content\/uploads\/2015\/02\/LEI-N\u00ba-1.953-de-27.12.2012-INSTITUI-O-PLANO-MUNICIPAL-DE-CULTURA.pdf\" target=\"_blank\">PLANO MUNICIPAL DE CULTURA<\/a><\/strong><\/p>\n<p style=\"text-align: justify;\"><strong><a href=\"http:\/\/portalcgm.riobranco.ac.gov.br\/portal\/wp-content\/uploads\/2015\/02\/Plano-Municipal-de-Habita\u00e7\u00e3o-de-Interesse-Social-de-Rio-Branco-PMHIS1.pdf\" target=\"_blank\">PLANO MUNICIPAL DE HABITA\u00c7\u00c3O DE INTERESSE SOCIAL DE RIO BRANCO &#8211; PMHIS<\/a><\/strong><\/p>\n<hr \/>\n<h4 style=\"text-align: justify;\">PROGRAMAS<\/h4>\n<p style=\"text-align: justify;\"><strong><a href=\"http:\/\/portalcgm.riobranco.ac.gov.br\/portal\/wp-content\/uploads\/2013\/10\/LEI-COMPLEMENTAR-N\u00ba-272-DE-19-DE-DEZEMBRO-DE-2023-DOE.pdf\" target=\"_blank\">PROGRAMA 1001 DIGNIDADES: UNIDADES HABITACIONAIS DE INTERSSE SOCIAL SUSTENT\u00c1VEIS<\/a><\/strong><\/p>\n<p style=\"text-align: justify;\"><strong><a href=\"http:\/\/portalcgm.riobranco.ac.gov.br\/portal\/wp-content\/uploads\/2015\/02\/LEI-N\u00ba-2.391-DE-30-DE-DEZEMBRO-DE-2020-Programa-de-Integridade-e-Compliance-da-Administra\u00e7\u00e3o-DOE.pdf\" target=\"_blank\">PROGRAMA DE INTEGRIDADE E COMPLIANCE DA ADMINISTRA\u00c7\u00c3O P\u00daBLICA MUNICIPAL<\/a><\/strong><\/p>\n<p style=\"text-align: justify;\"><strong><a href=\"http:\/\/portalcgm.riobranco.ac.gov.br\/portal\/wp-content\/uploads\/2015\/02\/DECRETO-N\u00ba-593-2020-Regulamenta-a-Lei-Municipal-N\u00ba-2.351-2020-Programa-de-Aquisi\u00e7\u00e3o-de-Alimentos-da-Agricultura-Familiar.pdf\" target=\"_blank\">PROGRAMA DE AQUISI\u00c7\u00c3O DE ALIMENTOS DA AGRICULTURA FAMILIAR NO \u00c2MBITO DO MUNIC\u00cdPIO DE RIO BRANCO &#8211; (DECRETO N\u00ba 593 DE 26 DE AGOSTO DE 2020)<\/a><\/strong><\/p>\n<p style=\"text-align: justify;\"><strong><a href=\"http:\/\/portalcgm.riobranco.ac.gov.br\/portal\/wp-content\/uploads\/2015\/02\/DECRETO-N\u00ba-764-2021-Nomear-os-membros-do-Grupo-Gestor-do-Programa-de-Aquisi\u00e7\u00e3o-de-Alimentos-GGPAA.pdf\" target=\"_blank\">DECRETO N\u00ba 764 DE 1\u00ba DE ABRIL DE 2021 &#8211; Nomear os membros titulares e respectivos suplentes do Grupo Gestor do Programa de Aquisi\u00e7\u00e3o de Alimentos &#8211; GGPAA<\/a><\/strong><\/p>\n<p style=\"text-align: justify;\"><strong><a href=\"http:\/\/portalcgm.riobranco.ac.gov.br\/portal\/wp-content\/uploads\/2015\/02\/DECRETO-N\u00ba-593-DE-26-DE-AGOSTO-DE-2020.pdf\" target=\"_blank\">(DECRETO N\u00ba 593 DE 26 DE AGOSTO DE 2020 &#8211; VERS\u00c3O D.O.E.)<\/a><\/strong><\/p>\n<p style=\"text-align: justify;\"><strong><a href=\"http:\/\/portalcgm.riobranco.ac.gov.br\/portal\/wp-content\/uploads\/2015\/02\/LEI-COMPLEMENTAR-N\u00ba-27-DE-28.09.2017-Institui-o-Programa-de-Recupera\u00e7\u00e3o-Fiscal-do-Munic\u00edpio-de-Rio-Branco-REFIS.pdf\" target=\"_blank\">PROGRAMA DE RECUPERA\u00c7\u00c3O FISCAL DO MUNIC\u00cdPIO DE RIO BRANCO &#8211; REFIS<\/a><\/strong><\/p>\n<p style=\"text-align: justify;\"><strong><a href=\"http:\/\/portalcgm.riobranco.ac.gov.br\/portal\/wp-content\/uploads\/2015\/02\/LEI-N\u00ba-2.270-de-20-de-dezembro-de-2017-Institui-o-Programa-Municipal-de-Seguran\u00e7a-Aqu\u00e1tica-do-Munic\u00edpio-de-Rio-Branco.pdf\" target=\"_blank\">PROGRAMA MUNICIPAL DE SEGURAN\u00c7A AQU\u00c1TICA DO MUNIC\u00cdPIO DE RIO BRANCO<\/a><\/strong><\/p>\n<p style=\"text-align: justify;\"><strong><a href=\"http:\/\/portalcgm.riobranco.ac.gov.br\/portal\/wp-content\/uploads\/2015\/02\/ZEAS.zip\" target=\"_blank\">PROGRAMAS DE ZONEAMENTO ECON\u00d4MICO, AMBIENTAL, SOCIAL E CULTURAL &#8211; ZEAS<\/a><\/strong><\/p>\n<p style=\"text-align: justify;\"><strong><a href=\"http:\/\/portalcgm.riobranco.ac.gov.br\/portal\/wp-content\/uploads\/2015\/02\/ZEAS.zip\" target=\"_blank\">PROGRAMA BRASIL TRANSPARENTE<\/a><\/strong><\/p>\n<p style=\"text-align: justify;\"><strong><a href=\"http:\/\/portal.mj.gov.br\/data\/Pages\/MJ3444D074ITEMID2C7FC5BAF0D5431AA66A136E434AF6BCPTBRNN.htm\" target=\"_blank\">PROGRAMA NACIONAL DE SEGURAN\u00c7A P\u00daBLICA COM CIDADANIA &#8211; PRONASCI<\/a><a href=\"http:\/\/portalcgm.riobranco.ac.gov.br\/lai\/index.php\/component\/weblinks\/18-sample-data-weblinks\/79-links?Itemid=658\" target=\"_blank\"><br \/>\n<\/a><\/strong><\/p>\n<p style=\"text-align: justify;\"><strong><a href=\"http:\/\/www.cidades.gov.br\/index.php?option=com_content&amp;view=article&amp;id=858:programa-nacional-de-habitacao-rural-pnhr&amp;catid=94&amp;Itemid=126\" target=\"_blank\">PROGRAMA NACIONAL DE HABITA\u00c7\u00c3O RURAL \u2013 PNHR\u00a0<\/a><\/strong><\/p>\n<p style=\"text-align: justify;\"><strong><a href=\"http:\/\/pronatec.mec.gov.br\/institucional\/o-que-e-o-pronatec\" target=\"_blank\">PROGRAMA NACIONAL DE ACESSO AO ENSINO T\u00c9CNICO E EMPREGO \u2013 PRONATEC<\/a><\/strong><\/p>\n<p style=\"text-align: justify;\"><strong><a href=\"http:\/\/www.fgts.gov.br\/programa_promoradia.asp\" target=\"_blank\">PROGRAMA PR\u00d3-MORADIA &#8211; FGTS<\/a><\/strong><\/p>\n<p style=\"text-align: justify;\"><strong><a href=\"http:\/\/www.fnde.gov.br\/programas\/proinfancia\/proinfancia-perguntas-frequentes\" target=\"_blank\">PROGRAMA PR\u00d3INF\u00c2NCIA<\/a><\/strong><\/p>\n<p style=\"text-align: justify;\"><strong><a href=\"http:\/\/www.fgts.gov.br\/pro_transporte.asp\" target=\"_blank\">PROGRAMA PR\u00d3-TRANSPORTE &#8211; FGTS<\/a><\/strong><\/p>\n<p style=\"text-align: justify;\"><strong><a href=\"http:\/\/www.projovem.gov.br\/site\/html\/cidades\/riobranco.html\" target=\"_blank\">PROGRAMA PROJOVEM URBANO<\/a><\/strong><\/p>\n<p style=\"text-align: justify;\"><strong><a href=\"http:\/\/www.turismo.gov.br\/turismo\/programas_acoes\/regionalizacao_turismo\/prodetur.html\" target=\"_blank\">PROGRAMAS REGIONAIS DE DESENVOLVIMENTO DO TURISMO &#8211; PRODETUR<\/a><\/strong><\/p>\n<p style=\"text-align: justify;\"><strong><a href=\"http:\/\/dab.saude.gov.br\/portaldab\/ape_requalifica_ubs.php\" target=\"_blank\">PROGRAMA DE REQUALIFICA\u00c7\u00c3O DE UNIDADES B\u00c1SICA DE SA\u00daDE<\/a><\/strong><\/p>\n<p style=\"text-align: justify;\"><strong><a href=\"http:\/\/portalcgm.riobranco.ac.gov.br\/portal\/wp-content\/uploads\/2015\/02\/PROGRAMA-DE-ERRADICA\u00c7\u00c3O-DO-TRABALHO-INFANTIL-PETI.rar\" target=\"_blank\">PROGRAMA DE ERRADICA\u00c7\u00c3O DO TRABALHO INFANTIL &#8211; PETI<\/a><\/strong><\/p>\n<p style=\"text-align: justify;\"><strong><a href=\"http:\/\/portalcgm.riobranco.ac.gov.br\/portal\/wp-content\/uploads\/2015\/02\/LEI_N\u00ba_1.702_de_29.04.2008_-_Programa_de_Fomento_a_Economia_Solid\u00e1ria_no_Munic\u00edpio.pdf\" target=\"_blank\">PROGRAMA DE FOMENTO A ECONOMIA SOLID\u00c1RIA NO MUNIC\u00cdPIO DE RIO BRANCO E D\u00c1 OUTRAS PROVID\u00caNCIAS<\/a><\/strong><\/p>\n<p style=\"text-align: justify;\"><strong><a href=\"http:\/\/portal.mec.gov.br\/index.php\/?option=com_content&amp;id=12320\" target=\"_blank\">PROGRAMA DINHEIRO DIRETO NA ESCOLA &#8211; PDDE<\/a><\/strong><\/p>\n<p style=\"text-align: justify;\"><strong><a href=\"http:\/\/portalcgm.riobranco.ac.gov.br\/portal\/wp-content\/uploads\/2015\/02\/LEI-N\u00ba-1.532-DE-05-DE-ABRIL-DE-2005.pdf\" target=\"_blank\">PROGRAMA FINANCIANDO NOSSA ESCOLA &#8211; PFNE &#8211; Lei n\u00ba 1.532<\/a><\/strong><\/p>\n<p style=\"text-align: justify;\"><strong><a href=\"http:\/\/portalcgm.riobranco.ac.gov.br\/portal\/wp-content\/uploads\/2015\/02\/LEI-N\u00ba-1.907-DE-17-DE-MAIO-DE-2012.pdf\" target=\"_blank\">PROGRAMA FINANCIANDO NOSSA ESCOLA &#8211; PFNE &#8211; Lei n\u00ba 1.907, altera Lei n\u00ba 1.532<\/a><\/strong><\/p>\n<p style=\"text-align: justify;\"><strong><a href=\"http:\/\/www.fnde.gov.br\/etiquetas\/item\/2920-pnate\" target=\"_blank\">PROGRAMA NACIONAL DE TRANSPORTE ESCOLAR &#8211; PNATE<\/a><\/strong><\/p>\n<p style=\"text-align: justify;\"><strong><a href=\"http:\/\/portalcgm.riobranco.ac.gov.br\/portal\/wp-content\/uploads\/2015\/02\/LEI-N\u00ba-2.001-DE-16.09.2013-Cria\u00e7\u00e3o-do-Programa-Municipal-de-Sa\u00fade-Vocal-do-Professor.pdf\" target=\"_blank\">PROGRAMA MUNICIPAL DE SA\u00daDE VOCAL DO PROFESSOR<\/a><\/strong><\/p>\n<p style=\"text-align: justify;\"><strong><a href=\"http:\/\/www.fnde.gov.br\/programas\/alimentacao-escolar\/alimentacao-escolar-apresentacao\" target=\"_blank\">PROGRAMA NACIONAL DE ALIMENTA\u00c7\u00c3O ESCOLAR &#8211; PNAE<\/a><\/strong><\/p>\n<p style=\"text-align: justify;\"><strong><a href=\"http:\/\/portalcgm.riobranco.ac.gov.br\/portal\/wp-content\/uploads\/2015\/02\/LEI-N\u00ba-1.922-DE-18-DE-JULHO-DE-2012.pdf\" target=\"_blank\">PROGRAMA MUNICIPAL DE INCENTIVO \u00c0S INSTITUI\u00c7\u00d5ES QUE PRESTAM SERVI\u00c7OS DE ATEN\u00c7\u00c3O \u00c0S PESSOAS COM TRANSTORNOS DECORRENTES DO USO, ABUSO OU DEPEND\u00caNCIA DE SUBST\u00c2NCIAS PSICOATIVAS &#8211; SPA<\/a><\/strong><\/p>\n<p style=\"text-align: justify;\"><strong><a href=\"http:\/\/portalcgm.riobranco.ac.gov.br\/portal\/wp-content\/uploads\/2015\/02\/LEI-N\u00ba-2.006-DE-24.09.2013-Insitui-Bolsa-para-o-Programa-MAIS-M\u00c9DICOS.pdf\" target=\"_blank\">PROGRAMA MAIS M\u00c9DICOS (LEI N\u00ba 2006, de 24 de Setembro de 2013)<\/a><\/strong><\/p>\n<p style=\"text-align: justify;\"><strong><a href=\"http:\/\/portalcgm.riobranco.ac.gov.br\/portal\/wp-content\/uploads\/2015\/02\/LEI-N\u00ba-2.464-DE-03-DE-JULHO-DE-2023-DOE.pdf\" target=\"_blank\">PROGRAMA EMPREENDEDOR RURAL &#8211; PROER (LEI N\u00ba 2.464 DE 03 DE JULHO DE 2023)<\/a><\/strong>\u00a0&#8211; DOE<\/p>\n","protected":false},"excerpt":{"rendered":"<p>A\u00c7\u00d5ES INSTRU\u00c7\u00d5ES E ESPECIFICA\u00c7\u00d5ES T\u00c9CNICAS PARA SERVI\u00c7OS DE CONSERVA\u00c7\u00c3O, MANUTEN\u00c7\u00c3O E RECUPERA\u00c7\u00c3O\/RESTAURA\u00c7\u00c3O DE VIAS NA CIDADE DE RIO BRANCO\/AC PROJETO AMIGOS DA CIDADE POL\u00cdTICA DE COOPERATIVISMO DO MUNIC\u00cdPIO DE RIO BRANCO POL\u00cdTICA MUNICIPAL DE SANEAMENTO B\u00c1SICO &#8211; SAERB PLANOS PLANO DE CONTING\u00caNCIA DE ARBOVIROSES 2023 (DENGUE, ZICA E CHIKUNGUNYA) PLANO DE PREVENC\u0327A\u0303O E COMBATE AS &hellip; <a href=\"https:\/\/cgm.riobranco.ac.gov.br\/portal\/planos-programas-e-acoes\/\" class=\"more-link\">Continue reading <span class=\"screen-reader-text\">Planos, Programas e A\u00e7\u00f5es<\/span><\/a><\/p>\n","protected":false},"author":2,"featured_media":0,"parent":0,"menu_order":0,"comment_status":"open","ping_status":"open","template":"","meta":{"footnotes":""},"class_list":["post-163","page","type-page","status-publish","hentry"],"_links":{"self":[{"href":"https:\/\/cgm.riobranco.ac.gov.br\/portal\/wp-json\/wp\/v2\/pages\/163"}],"collection":[{"href":"https:\/\/cgm.riobranco.ac.gov.br\/portal\/wp-json\/wp\/v2\/pages"}],"about":[{"href":"https:\/\/cgm.riobranco.ac.gov.br\/portal\/wp-json\/wp\/v2\/types\/page"}],"author":[{"embeddable":true,"href":"https:\/\/cgm.riobranco.ac.gov.br\/portal\/wp-json\/wp\/v2\/users\/2"}],"replies":[{"embeddable":true,"href":"https:\/\/cgm.riobranco.ac.gov.br\/portal\/wp-json\/wp\/v2\/comments?post=163"}],"version-history":[{"count":85,"href":"https:\/\/cgm.riobranco.ac.gov.br\/portal\/wp-json\/wp\/v2\/pages\/163\/revisions"}],"predecessor-version":[{"id":10518,"href":"https:\/\/cgm.riobranco.ac.gov.br\/portal\/wp-json\/wp\/v2\/pages\/163\/revisions\/10518"}],"wp:attachment":[{"href":"https:\/\/cgm.riobranco.ac.gov.br\/portal\/wp-json\/wp\/v2\/media?parent=163"}],"curies":[{"name":"wp","href":"https:\/\/api.w.org\/{rel}","templated":true}]}}